{"id":4430,"date":"2025-06-15T11:17:40","date_gmt":"2025-06-15T09:17:40","guid":{"rendered":"https:\/\/bimba.sn\/?product=manette-ps5-sans-fil-dualsense"},"modified":"2025-06-15T11:17:40","modified_gmt":"2025-06-15T09:17:40","slug":"manette-ps5-sans-fil-dualsense","status":"publish","type":"product","link":"https:\/\/bimba.sn\/?product=manette-ps5-sans-fil-dualsense","title":{"rendered":"Manette PS5 sans fil DualSense"},"content":{"rendered":"<p>Batterie int\u00e9gr\u00e9e<\/p>\n<p><\/p>\n<p>Chargez tout en jouant via l&rsquo;USB Type-C\u00ae4.<\/p>\n<p><\/p>\n<p>Haut-parleur int\u00e9gr\u00e9<\/p>\n<p><\/p>\n<p>Certains jeux prennent une nouvelle dimension gr\u00e2ce aux effets sonores en hi-fi sortant de la manette.<\/p>\n<p><\/p>\n<p>D\u00e9tection de mouvements<\/p>\n<p><\/p>\n<p>Profitez de la d\u00e9tection de mouvements intuitive dans les jeux compatibles gr\u00e2ce \u00e0 l&rsquo;acc\u00e9l\u00e9rom\u00e8tre et au gyroscope int\u00e9gr\u00e9s.<\/p>\n<p><\/p>\n<p>Touche Create<\/p>\n<p><\/p>\n<p>Capturez et diffusez3 vos moments de gaming les plus \u00e9piques gr\u00e2ce \u00e0 la touche Create. S&rsquo;inspirant du succ\u00e8s de la touche SHARE, la touche Create permet aux joueurs de produire du contenu vid\u00e9oludique et de partager leurs aventures en direct avec le monde entier<\/p>\n<p><\/p>\n<p>Microphone int\u00e9gr\u00e9 et sortie casque\u00a0<\/p>\n<p><\/p>\n<p>Chattez avec des amis en ligne3 \u00e0 l&rsquo;aide du microphone int\u00e9gr\u00e9 ou en connectant un casque sur la prise casque 3,5 mm. Vous pouvez couper la capture vocale \u00e0 tout moment gr\u00e2ce \u00e0 la touche Silencieux.<\/p>\n<p><\/p>\n<p>Retour haptique<\/p>\n<p><\/p>\n<p>Profitez d&rsquo;un retour tactile lors de vos actions dans les jeux gr\u00e2ce \u00e0 deux m\u00e9canismes qui remplacent les moteurs de vibration traditionnels. Dans vos mains, ces vibrations dynamiques peuvent simuler des interactions avec l&rsquo;environnement ainsi que le recul de diverses armes.<\/p>\n<p><\/p>\n<p>G\u00e2chettes adaptatives<\/p>\n<p><\/p>\n<p>Profitez de diff\u00e9rents niveaux de force et tension lorsque vous interagissez avec votre \u00e9quipement et les environnements dans les jeux. De la sensation de bander un arc \u00e0 celle d&rsquo;\u00e9craser les freins dans une voiture de course, vous sentirez un lien physique avec vos actions \u00e0 l&rsquo;\u00e9cran.<\/p>\n","protected":false},"excerpt":{"rendered":"<p style=\"text-align: left\" data-mce-style=\"text-align: left;\"><br data-mce-bogus=\"1\"><\/p>\n","protected":false},"featured_media":4428,"comment_status":"open","ping_status":"closed","template":"","meta":{"_gspb_post_css":""},"store":[],"product_brand":[],"product_cat":[204],"product_tag":[],"class_list":{"0":"post-4430","1":"product","2":"type-product","3":"status-publish","4":"has-post-thumbnail","6":"product_cat-jeuxvideosconsole","8":"first","9":"instock","10":"shipping-taxable","11":"purchasable","12":"product-type-simple"},"_links":{"self":[{"href":"https:\/\/bimba.sn\/index.php?rest_route=\/wp\/v2\/product\/4430","targetHints":{"allow":["GET"]}}],"collection":[{"href":"https:\/\/bimba.sn\/index.php?rest_route=\/wp\/v2\/product"}],"about":[{"href":"https:\/\/bimba.sn\/index.php?rest_route=\/wp\/v2\/types\/product"}],"replies":[{"embeddable":true,"href":"https:\/\/bimba.sn\/index.php?rest_route=%2Fwp%2Fv2%2Fcomments&post=4430"}],"wp:featuredmedia":[{"embeddable":true,"href":"https:\/\/bimba.sn\/index.php?rest_route=\/wp\/v2\/media\/4428"}],"wp:attachment":[{"href":"https:\/\/bimba.sn\/index.php?rest_route=%2Fwp%2Fv2%2Fmedia&parent=4430"}],"wp:term":[{"taxonomy":"store","embeddable":true,"href":"https:\/\/bimba.sn\/index.php?rest_route=%2Fwp%2Fv2%2Fstore&post=4430"},{"taxonomy":"product_brand","embeddable":true,"href":"https:\/\/bimba.sn\/index.php?rest_route=%2Fwp%2Fv2%2Fproduct_brand&post=4430"},{"taxonomy":"product_cat","embeddable":true,"href":"https:\/\/bimba.sn\/index.php?rest_route=%2Fwp%2Fv2%2Fproduct_cat&post=4430"},{"taxonomy":"product_tag","embeddable":true,"href":"https:\/\/bimba.sn\/index.php?rest_route=%2Fwp%2Fv2%2Fproduct_tag&post=4430"}],"curies":[{"name":"wp","href":"https:\/\/api.w.org\/{rel}","templated":true}]}}