{"id":4412,"date":"2025-05-29T19:42:12","date_gmt":"2025-05-29T17:42:12","guid":{"rendered":"https:\/\/bimba.sn\/?product=xbox-series-x"},"modified":"2025-05-29T19:42:12","modified_gmt":"2025-05-29T17:42:12","slug":"xbox-series-x","status":"publish","type":"product","link":"https:\/\/bimba.sn\/?product=xbox-series-x","title":{"rendered":"Xbox Series X"},"content":{"rendered":"<ul class=\"a-unordered-list a-vertical a-spacing-mini\">\n<li class=\"a-spacing-mini\" style=\"margin: 0px\"><span class=\"a-list-item\">D\u00e9couvrez la toute nouvelle Xbox derni\u00e8re g\u00e9n\u00e9ration, la plus puissante et la plus rapide jamais con\u00e7ue avec son lecteur Blu-ray 4K<\/span><\/li>\n<li class=\"a-spacing-mini\" style=\"margin: 0px\"><span class=\"a-list-item\">4K \/ 8K HDR &#8211; Plongez dans des univers ultra d\u00e9taill\u00e9s avec une r\u00e9solution native 4K HDR. Compatible avec la technologie 8K HDR en connectant votre Xbox Series X \u00e0 votre t\u00e9l\u00e9viseur 8K pour jouer dans les meilleures conditions gr\u00e2ce \u00e0 la mise \u00e0 l&rsquo;\u00e9chelle (4320p)<\/span><\/li>\n<li class=\"a-spacing-mini\" style=\"margin: 0px\"><span class=\"a-list-item\">120 FPS &#8211; La Xbox Series X permet un rendu encore plus fluide et dynamique allant jusqu&rsquo;\u00e0 120 images par seconde (compatible Fortnite, Call of Duty : Warzone, Rocket League etc)<\/span><\/li>\n<li class=\"a-spacing-mini\" style=\"margin: 0px\"><span class=\"a-list-item\">Disque SSD 1To &#8211; Profitez d&rsquo;un espace de stockage important pour tous vos jeux avec le disque SSD de 1 To pour des chargements rapides et des reprises de jeux instantan\u00e9es<\/span><\/li>\n<li class=\"a-spacing-mini\" style=\"margin: 0px\"><span class=\"a-list-item\">100% R\u00e9trocompatible- Profitez d&rsquo;une large s\u00e9lection de vos anciens jeux Xbox (100% des jeux Xbox One, des centaines de jeux Xbox 360 &amp; Xbox originale) directement sur votre Xbox Series X<\/span><\/li>\n<li class=\"a-spacing-mini\" style=\"margin: 0px\"><span class=\"a-list-item\">Raytracing &#8211; Encore plus d&rsquo;immersion avec le Raytracing qui permet d&rsquo;afficher des lumi\u00e8res r\u00e9alistes, des reflets pr\u00e9cis, pour des environnements plus vrais que nature sur les jeux Xbox Series X compatibles<\/span><\/li>\n<li class=\"a-spacing-mini\" style=\"margin: 0px\"><span class=\"a-list-item\">Audio spatial 3D &#8211; D\u00e9couvrez la nouvelle g\u00e9n\u00e9ration de technologie audio qui vous placent au coeur de votre exp\u00e9rience de jeu avec le Dolby Atmos pour les jeux compatibles<\/span><\/li>\n<\/ul>\n<div class=\"a-row a-expander-container a-expander-inline-container\">\n<div data-expanded=\"true\" class=\"a-expander-content a-expander-extend-content a-expander-content-expanded\" style=\"overflow: hidden\">\n<ul class=\"a-unordered-list a-vertical a-spacing-none\" style=\"margin: 0px 0px 0px 18px;padding: 0px\">\n<li class=\"a-spacing-mini\" style=\"margin: 0px\"><span class=\"a-list-item\">Smart Delivery &#8211; Achetez une seule fois un jeu Xbox compatible Smart Delivery et upgradez sans surco\u00fbt pour la version Xbox Series X quand elle est disponible (Ex: Gears 5, Cyberpunk 2077, Assassin&rsquo;s Creed Valhalla, etc)<\/span><\/li>\n<li class=\"a-spacing-mini\" style=\"margin: 0px\"><span class=\"a-list-item\">Xbox Game Pass : Jouez \u00e0 des centaines de jeux incontournables en illimit\u00e9 pour un petit prix mensuel (abonnement vendu s\u00e9par\u00e9ment), comme Forza Horizon 5, Halo Infinite, Minecraft ou encore FIFA 22. D\u00e9couvrez tous les jeux Xbox Game Studios, dont les titres des studios Bethesda, dans le Game Pass d\u00e8s le jour de leur sortie, avec prochainement Forza Motorsport, Starfield, Minecraft Legends, Redfall et bien d&rsquo;autres encore<\/span><\/li>\n<\/ul>\n<\/div>\n<\/div>\n","protected":false},"excerpt":{"rendered":"<p><br data-mce-bogus=\"1\"><\/p>\n","protected":false},"featured_media":4410,"comment_status":"open","ping_status":"closed","template":"","meta":{"_gspb_post_css":""},"store":[],"product_brand":[],"product_cat":[204],"product_tag":[],"class_list":{"0":"post-4412","1":"product","2":"type-product","3":"status-publish","4":"has-post-thumbnail","6":"product_cat-jeuxvideosconsole","8":"first","9":"instock","10":"shipping-taxable","11":"purchasable","12":"product-type-simple"},"_links":{"self":[{"href":"https:\/\/bimba.sn\/index.php?rest_route=\/wp\/v2\/product\/4412","targetHints":{"allow":["GET"]}}],"collection":[{"href":"https:\/\/bimba.sn\/index.php?rest_route=\/wp\/v2\/product"}],"about":[{"href":"https:\/\/bimba.sn\/index.php?rest_route=\/wp\/v2\/types\/product"}],"replies":[{"embeddable":true,"href":"https:\/\/bimba.sn\/index.php?rest_route=%2Fwp%2Fv2%2Fcomments&post=4412"}],"wp:featuredmedia":[{"embeddable":true,"href":"https:\/\/bimba.sn\/index.php?rest_route=\/wp\/v2\/media\/4410"}],"wp:attachment":[{"href":"https:\/\/bimba.sn\/index.php?rest_route=%2Fwp%2Fv2%2Fmedia&parent=4412"}],"wp:term":[{"taxonomy":"store","embeddable":true,"href":"https:\/\/bimba.sn\/index.php?rest_route=%2Fwp%2Fv2%2Fstore&post=4412"},{"taxonomy":"product_brand","embeddable":true,"href":"https:\/\/bimba.sn\/index.php?rest_route=%2Fwp%2Fv2%2Fproduct_brand&post=4412"},{"taxonomy":"product_cat","embeddable":true,"href":"https:\/\/bimba.sn\/index.php?rest_route=%2Fwp%2Fv2%2Fproduct_cat&post=4412"},{"taxonomy":"product_tag","embeddable":true,"href":"https:\/\/bimba.sn\/index.php?rest_route=%2Fwp%2Fv2%2Fproduct_tag&post=4412"}],"curies":[{"name":"wp","href":"https:\/\/api.w.org\/{rel}","templated":true}]}}