{"id":4407,"date":"2025-05-29T19:31:25","date_gmt":"2025-05-29T17:31:25","guid":{"rendered":"https:\/\/bimba.sn\/?product=sony-playstation-5-ps5-avec-1-manette-sans-fil-dualsense"},"modified":"2025-05-29T19:31:25","modified_gmt":"2025-05-29T17:31:25","slug":"sony-playstation-5-ps5-avec-1-manette-sans-fil-dualsense","status":"publish","type":"product","link":"https:\/\/bimba.sn\/?product=sony-playstation-5-ps5-avec-1-manette-sans-fil-dualsense","title":{"rendered":"Sony PlayStation 5 PS5 avec 1 Manette Sans Fil DualSense"},"content":{"rendered":"<p><br data-mce-bogus=\"1\"><\/p>\n","protected":false},"excerpt":{"rendered":"<ul style=\"margin-bottom: 1rem;margin-top: 0px;padding-left: 15px;font-family: Roboto, sans-serif;font-size: 13px\">\n<li>PlayStation 5 avec lecteur Blu-ray. Une console r\u00e9volutionnaire enti\u00e8rement centr\u00e9e sur le joueur pour des exp\u00e9riences encore plus immersives et connect\u00e9es avec vos jeux PS5 et PS4 r\u00e9tro compatibles<\/li>\n<li style=\"padding-top: 5px\">Temps de chargement quasi instantan\u00e9s pour les jeux PS5 (install\u00e9s) gr\u00e2ce \u00e0 un disque SSD ultra-haute vitesse, Interface utilisateur con\u00e7ue pour fournir un acc\u00e8s imm\u00e9diat \u00e0 presque toutes les options du syst\u00e8me sans quitter votre partie<\/li>\n<li style=\"padding-top: 5px\">Niveau de r\u00e9alisme in\u00e9gal\u00e9 gr\u00e2ce \u00e0 la technologie de rendu de la lumi\u00e8re Ray Tracing, Prise en charge de la technologie HDR pour des couleurs vives et dynamiques, Possibilit\u00e9 de jouer en 4K et 8K sur les jeux et \u00e9crans compatibles<\/li>\n<li style=\"padding-top: 5px\">Technologie Tempest 3D AudioTech pour une immersion sonore hors du commun, Retour haptique et g\u00e2chettes adaptatives via la manette DualSense pour ressentir les effets et l\u2019impact de vos actions en jeu (sur une s\u00e9lection de jeux PS5)<\/li>\n<\/ul>\n","protected":false},"featured_media":4406,"comment_status":"open","ping_status":"closed","template":"","meta":{"_gspb_post_css":""},"store":[],"product_brand":[],"product_cat":[204],"product_tag":[],"class_list":{"0":"post-4407","1":"product","2":"type-product","3":"status-publish","4":"has-post-thumbnail","6":"product_cat-jeuxvideosconsole","8":"first","9":"instock","10":"shipping-taxable","11":"purchasable","12":"product-type-simple"},"_links":{"self":[{"href":"https:\/\/bimba.sn\/index.php?rest_route=\/wp\/v2\/product\/4407","targetHints":{"allow":["GET"]}}],"collection":[{"href":"https:\/\/bimba.sn\/index.php?rest_route=\/wp\/v2\/product"}],"about":[{"href":"https:\/\/bimba.sn\/index.php?rest_route=\/wp\/v2\/types\/product"}],"replies":[{"embeddable":true,"href":"https:\/\/bimba.sn\/index.php?rest_route=%2Fwp%2Fv2%2Fcomments&post=4407"}],"wp:featuredmedia":[{"embeddable":true,"href":"https:\/\/bimba.sn\/index.php?rest_route=\/wp\/v2\/media\/4406"}],"wp:attachment":[{"href":"https:\/\/bimba.sn\/index.php?rest_route=%2Fwp%2Fv2%2Fmedia&parent=4407"}],"wp:term":[{"taxonomy":"store","embeddable":true,"href":"https:\/\/bimba.sn\/index.php?rest_route=%2Fwp%2Fv2%2Fstore&post=4407"},{"taxonomy":"product_brand","embeddable":true,"href":"https:\/\/bimba.sn\/index.php?rest_route=%2Fwp%2Fv2%2Fproduct_brand&post=4407"},{"taxonomy":"product_cat","embeddable":true,"href":"https:\/\/bimba.sn\/index.php?rest_route=%2Fwp%2Fv2%2Fproduct_cat&post=4407"},{"taxonomy":"product_tag","embeddable":true,"href":"https:\/\/bimba.sn\/index.php?rest_route=%2Fwp%2Fv2%2Fproduct_tag&post=4407"}],"curies":[{"name":"wp","href":"https:\/\/api.w.org\/{rel}","templated":true}]}}