{"id":4374,"date":"2025-05-25T12:08:00","date_gmt":"2025-05-25T10:08:00","guid":{"rendered":"https:\/\/bimba.sn\/?product=cartouche-de-toner-laser-authentique-hp-106a-noir-w1106a"},"modified":"2025-05-25T12:08:00","modified_gmt":"2025-05-25T10:08:00","slug":"cartouche-de-toner-laser-authentique-hp-106a-noir-w1106a","status":"publish","type":"product","link":"https:\/\/bimba.sn\/?product=cartouche-de-toner-laser-authentique-hp-106a-noir-w1106a","title":{"rendered":"Cartouche de toner laser authentique HP 106A noir &#8211; W1106A"},"content":{"rendered":"<p style=\"margin-top: 0px;margin-bottom: 0.625rem;font-family: Roboto, sans-serif;font-size: 13px\">Ce toner noir HP 106A authentique assure des impressions de qualit\u00e9 et une fiabilit\u00e9 remarquable. Tr\u00e8s abordable, ce toner est con\u00e7u pour les imprimantes laser HP compactes adapt\u00e9es \u00e0 votre domicile ou \u00e0 votre bureau ainsi qu&rsquo;\u00e0 votre budget. Pour des impressions toujours optimales: Ce toner noir HP 106A authentique assure des impressions de qualit\u00e9 et une fiabilit\u00e9 remarquable. Tr\u00e8s abordable, ce toner est con\u00e7u pour les imprimantes laser HP compactes adapt\u00e9es \u00e0 votre domicile ou \u00e0 votre bureau ainsi qu&rsquo;\u00e0 votre budget.<\/p>\n<p style=\"margin-top: 0px;margin-bottom: 0.625rem;font-family: Roboto, sans-serif;font-size: 13px\">Caract\u00e9ristiques :<\/p>\n<ul style=\"margin-bottom: 1rem;margin-top: 0px;padding-left: 15px;font-family: Roboto, sans-serif;font-size: 13px\">\n<li>Technologie d&rsquo;impression : Laser<\/li>\n<li style=\"padding-top: 5px\">Couleur : Noir<\/li>\n<li style=\"padding-top: 5px\">Nombre de pages : 1000 pages<\/li>\n<li style=\"padding-top: 5px\">Imprimantes compatibles: HP Laser 107, HP Laser 107w, HP Laser 135a, HP Laser 135r, HP Laser 135w, HP Laser 137fnw<\/li>\n<\/ul>\n","protected":false},"excerpt":{"rendered":"<p style=\"margin-top: 0px;margin-bottom: 0.625rem;font-family: Roboto, sans-serif;font-size: 13px\">Ce toner noir HP 106A authentique assure des impressions de qualit\u00e9 et une fiabilit\u00e9 remarquable.<\/p>\n<p style=\"margin-top: 0px;margin-bottom: 0.625rem;font-family: Roboto, sans-serif;font-size: 13px\">Caract\u00e9ristiques :<\/p>\n<ul style=\"margin-bottom: 0px;margin-top: 0px;padding-left: 0px;font-family: Roboto, sans-serif;font-size: 13px\">\n<li>Technologie d&rsquo;impression : Laser<\/li>\n<li>Couleur : Noir<\/li>\n<li>Nombre de pages : 1000 pages<\/li>\n<li>Imprimantes compatibles: HP Laser 107, HP Laser 107w, HP Laser 135a, HP Laser 135r, HP Laser 135w, HP Laser 137fnw<\/li>\n<\/ul>\n","protected":false},"featured_media":4373,"comment_status":"open","ping_status":"closed","template":"","meta":{"_gspb_post_css":""},"store":[],"product_brand":[],"product_cat":[279],"product_tag":[],"class_list":{"0":"post-4374","1":"product","2":"type-product","3":"status-publish","4":"has-post-thumbnail","6":"product_cat-encredimprimanteettoner","8":"first","9":"instock","10":"shipping-taxable","11":"purchasable","12":"product-type-simple"},"_links":{"self":[{"href":"https:\/\/bimba.sn\/index.php?rest_route=\/wp\/v2\/product\/4374","targetHints":{"allow":["GET"]}}],"collection":[{"href":"https:\/\/bimba.sn\/index.php?rest_route=\/wp\/v2\/product"}],"about":[{"href":"https:\/\/bimba.sn\/index.php?rest_route=\/wp\/v2\/types\/product"}],"replies":[{"embeddable":true,"href":"https:\/\/bimba.sn\/index.php?rest_route=%2Fwp%2Fv2%2Fcomments&post=4374"}],"wp:featuredmedia":[{"embeddable":true,"href":"https:\/\/bimba.sn\/index.php?rest_route=\/wp\/v2\/media\/4373"}],"wp:attachment":[{"href":"https:\/\/bimba.sn\/index.php?rest_route=%2Fwp%2Fv2%2Fmedia&parent=4374"}],"wp:term":[{"taxonomy":"store","embeddable":true,"href":"https:\/\/bimba.sn\/index.php?rest_route=%2Fwp%2Fv2%2Fstore&post=4374"},{"taxonomy":"product_brand","embeddable":true,"href":"https:\/\/bimba.sn\/index.php?rest_route=%2Fwp%2Fv2%2Fproduct_brand&post=4374"},{"taxonomy":"product_cat","embeddable":true,"href":"https:\/\/bimba.sn\/index.php?rest_route=%2Fwp%2Fv2%2Fproduct_cat&post=4374"},{"taxonomy":"product_tag","embeddable":true,"href":"https:\/\/bimba.sn\/index.php?rest_route=%2Fwp%2Fv2%2Fproduct_tag&post=4374"}],"curies":[{"name":"wp","href":"https:\/\/api.w.org\/{rel}","templated":true}]}}