{"id":4370,"date":"2025-05-25T11:59:05","date_gmt":"2025-05-25T09:59:05","guid":{"rendered":"https:\/\/bimba.sn\/?product=bouteille-dencre-epson-103-ecotank-jaune"},"modified":"2025-05-25T12:00:53","modified_gmt":"2025-05-25T10:00:53","slug":"bouteille-dencre-epson-103-ecotank-jaune","status":"publish","type":"product","link":"https:\/\/bimba.sn\/?product=bouteille-dencre-epson-103-ecotank-jaune","title":{"rendered":"Bouteille d&rsquo;encre Epson 103 Ecotank jaune"},"content":{"rendered":"<p><span style=\"font-family: Heebo, Arial, Helvetica, sans-serif;font-size: 15px;letter-spacing: 0.4px\" data-mce-style=\"font-family: Heebo, Arial, Helvetica, sans-serif; font-size: 15px; letter-spacing: 0.4px;\">Jaune: 7500 Pages<\/span><br style=\"font-family: Heebo, Arial, Helvetica, sans-serif;font-size: 15px;letter-spacing: 0.4px\" data-mce-style=\"font-family: Heebo, Arial, Helvetica, sans-serif; font-size: 15px; letter-spacing: 0.4px;\"><span style=\"font-family: Heebo, Arial, Helvetica, sans-serif;font-size: 15px;letter-spacing: 0.4px\" data-mce-style=\"font-family: Heebo, Arial, Helvetica, sans-serif; font-size: 15px; letter-spacing: 0.4px;\">Les rendements de page sont d\u00e9clar\u00e9s par le fabricant conform\u00e9ment aux normes ISO \/ CEI ou occasionnellement estim\u00e9s sur la base de 5% de couverture par page. Les rendements varieront consid\u00e9rablement en fonction de l&rsquo;image, de la couverture de la zone, du mode d&rsquo;impression et des conditions environnementales.<\/span><\/p>\n","protected":false},"excerpt":{"rendered":"<p><\/p>\n","protected":false},"featured_media":4367,"comment_status":"open","ping_status":"closed","template":"","meta":{"_gspb_post_css":""},"store":[],"product_brand":[],"product_cat":[279],"product_tag":[],"class_list":{"0":"post-4370","1":"product","2":"type-product","3":"status-publish","4":"has-post-thumbnail","6":"product_cat-encredimprimanteettoner","8":"first","9":"instock","10":"shipping-taxable","11":"purchasable","12":"product-type-simple"},"_links":{"self":[{"href":"https:\/\/bimba.sn\/index.php?rest_route=\/wp\/v2\/product\/4370","targetHints":{"allow":["GET"]}}],"collection":[{"href":"https:\/\/bimba.sn\/index.php?rest_route=\/wp\/v2\/product"}],"about":[{"href":"https:\/\/bimba.sn\/index.php?rest_route=\/wp\/v2\/types\/product"}],"replies":[{"embeddable":true,"href":"https:\/\/bimba.sn\/index.php?rest_route=%2Fwp%2Fv2%2Fcomments&post=4370"}],"wp:featuredmedia":[{"embeddable":true,"href":"https:\/\/bimba.sn\/index.php?rest_route=\/wp\/v2\/media\/4367"}],"wp:attachment":[{"href":"https:\/\/bimba.sn\/index.php?rest_route=%2Fwp%2Fv2%2Fmedia&parent=4370"}],"wp:term":[{"taxonomy":"store","embeddable":true,"href":"https:\/\/bimba.sn\/index.php?rest_route=%2Fwp%2Fv2%2Fstore&post=4370"},{"taxonomy":"product_brand","embeddable":true,"href":"https:\/\/bimba.sn\/index.php?rest_route=%2Fwp%2Fv2%2Fproduct_brand&post=4370"},{"taxonomy":"product_cat","embeddable":true,"href":"https:\/\/bimba.sn\/index.php?rest_route=%2Fwp%2Fv2%2Fproduct_cat&post=4370"},{"taxonomy":"product_tag","embeddable":true,"href":"https:\/\/bimba.sn\/index.php?rest_route=%2Fwp%2Fv2%2Fproduct_tag&post=4370"}],"curies":[{"name":"wp","href":"https:\/\/api.w.org\/{rel}","templated":true}]}}