{"id":4331,"date":"2025-05-24T21:36:17","date_gmt":"2025-05-24T19:36:17","guid":{"rendered":"https:\/\/bimba.sn\/?product=hp-83a-cf283a-toner-noir-authentique"},"modified":"2025-05-24T21:56:57","modified_gmt":"2025-05-24T19:56:57","slug":"hp-83a-cf283a-toner-noir-authentique","status":"publish","type":"product","link":"https:\/\/bimba.sn\/?product=hp-83a-cf283a-toner-noir-authentique","title":{"rendered":"HP 83A CF283A Toner Noir"},"content":{"rendered":"<p><\/p>\n","protected":false},"excerpt":{"rendered":"<table class=\"a-normal a-spacing-micro mce-item-table\" role=\"list\">\n<tbody>\n<tr class=\"a-spacing-small po-brand\" role=\"listitem\" style=\"margin-bottom: 8px !important\" data-mce-style=\"margin-bottom: 8px !important;\">\n<td class=\"a-span3\" role=\"presentation\" style=\"vertical-align: top;padding: 0px 3px 3px 0px;float: none !important;margin-right: 0px;width: 177.281px\" data-mce-style=\"vertical-align: top; padding: 0px 3px 3px 0px; float: none !important; margin-right: 0px; width: 177.281px;\"><span class=\"a-size-base a-text-bold\" style=\"font-weight: 700 !important;line-height: 20px !important\" data-mce-style=\"font-weight: 700 !important; line-height: 20px !important;\">Marque<\/span><\/td>\n<td class=\"a-span9\" role=\"presentation\" style=\"vertical-align: top;padding: 0px 0px 3px 3px;float: none !important;margin-right: 0px;width: 562.891px\" data-mce-style=\"vertical-align: top; padding: 0px 0px 3px 3px; float: none !important; margin-right: 0px; width: 562.891px;\"><span class=\"a-size-base po-break-word\" style=\"line-height: 20px !important\" data-mce-style=\"line-height: 20px !important;\">HP<\/span><\/td>\n<\/tr>\n<tr class=\"a-spacing-small po-color\" role=\"listitem\" style=\"margin-bottom: 8px !important\" data-mce-style=\"margin-bottom: 8px !important;\">\n<td class=\"a-span3\" role=\"presentation\" style=\"vertical-align: top;padding: 3px 3px 3px 0px;float: none !important;margin-right: 0px;width: 177.281px\" data-mce-style=\"vertical-align: top; padding: 3px 3px 3px 0px; float: none !important; margin-right: 0px; width: 177.281px;\"><span class=\"a-size-base a-text-bold\" style=\"font-weight: 700 !important;line-height: 20px !important\" data-mce-style=\"font-weight: 700 !important; line-height: 20px !important;\">Couleur<\/span><\/td>\n<td class=\"a-span9\" role=\"presentation\" style=\"vertical-align: top;padding: 3px 0px 3px 3px;float: none !important;margin-right: 0px;width: 562.891px\" data-mce-style=\"vertical-align: top; padding: 3px 0px 3px 3px; float: none !important; margin-right: 0px; width: 562.891px;\"><span class=\"a-size-base po-break-word\" style=\"line-height: 20px !important\" data-mce-style=\"line-height: 20px !important;\">Noir<\/span><\/td>\n<\/tr>\n<tr class=\"a-spacing-small po-item_weight\" role=\"listitem\" style=\"margin-bottom: 8px !important\" data-mce-style=\"margin-bottom: 8px !important;\">\n<td class=\"a-span3\" role=\"presentation\" style=\"vertical-align: top;padding: 3px 3px 3px 0px;float: none !important;margin-right: 0px;width: 177.281px\" data-mce-style=\"vertical-align: top; padding: 3px 3px 3px 0px; float: none !important; margin-right: 0px; width: 177.281px;\"><span class=\"a-size-base a-text-bold\" style=\"font-weight: 700 !important;line-height: 20px !important\" data-mce-style=\"font-weight: 700 !important; line-height: 20px !important;\">Poids de l&rsquo;article<\/span><\/td>\n<td class=\"a-span9\" role=\"presentation\" style=\"vertical-align: top;padding: 3px 0px 3px 3px;float: none !important;margin-right: 0px;width: 562.891px\" data-mce-style=\"vertical-align: top; padding: 3px 0px 3px 3px; float: none !important; margin-right: 0px; width: 562.891px;\"><span class=\"a-size-base po-break-word\" style=\"line-height: 20px !important\" data-mce-style=\"line-height: 20px !important;\">1,36 Livres<\/span><\/td>\n<\/tr>\n<tr class=\"a-spacing-small po-included_components\" role=\"listitem\" style=\"margin-bottom: 8px !important\" data-mce-style=\"margin-bottom: 8px !important;\">\n<td class=\"a-span3\" role=\"presentation\" style=\"vertical-align: top;padding: 3px 3px 3px 0px;float: none !important;margin-right: 0px;width: 177.281px\" data-mce-style=\"vertical-align: top; padding: 3px 3px 3px 0px; float: none !important; margin-right: 0px; width: 177.281px;\"><span class=\"a-size-base a-text-bold\" style=\"font-weight: 700 !important;line-height: 20px !important\" data-mce-style=\"font-weight: 700 !important; line-height: 20px !important;\">Composants inclus<\/span><\/td>\n<td class=\"a-span9\" role=\"presentation\" style=\"vertical-align: top;padding: 3px 0px 3px 3px;float: none !important;margin-right: 0px;width: 562.891px\" data-mce-style=\"vertical-align: top; padding: 3px 0px 3px 3px; float: none !important; margin-right: 0px; width: 562.891px;\"><span class=\"a-size-base po-break-word\" style=\"line-height: 20px !important\" data-mce-style=\"line-height: 20px !important;\">Cartouche de toner HP 83A CF283A<\/span><\/td>\n<\/tr>\n<tr class=\"a-spacing-small po-compatible_devices\" role=\"listitem\" style=\"margin-bottom: 8px !important\" data-mce-style=\"margin-bottom: 8px !important;\">\n<td class=\"a-span3\" role=\"presentation\" style=\"vertical-align: top;padding: 3px 3px 3px 0px;float: none !important;margin-right: 0px;width: 177.281px\" data-mce-style=\"vertical-align: top; padding: 3px 3px 3px 0px; float: none !important; margin-right: 0px; width: 177.281px;\"><span class=\"a-size-base a-text-bold\" style=\"font-weight: 700 !important;line-height: 20px !important\" data-mce-style=\"font-weight: 700 !important; line-height: 20px !important;\">Appareils compatibles<\/span><\/td>\n<td class=\"a-span9\" role=\"presentation\" style=\"vertical-align: top;padding: 3px 0px 3px 3px;float: none !important;margin-right: 0px;width: 562.891px\" data-mce-style=\"vertical-align: top; padding: 3px 0px 3px 3px; float: none !important; margin-right: 0px; width: 562.891px;\"><span class=\"a-size-base po-break-word\" style=\"line-height: 20px !important\" data-mce-style=\"line-height: 20px !important;\">Compatible avec toutes les imprimantes HP LaserJet<\/span><\/td>\n<\/tr>\n<tr class=\"a-spacing-small po-compatibility_options\" role=\"listitem\" style=\"margin-bottom: 8px !important\" data-mce-style=\"margin-bottom: 8px !important;\">\n<td class=\"a-span3\" role=\"presentation\" style=\"vertical-align: top;padding: 3px 3px 3px 0px;float: none !important;margin-right: 0px;width: 177.281px\" data-mce-style=\"vertical-align: top; padding: 3px 3px 3px 0px; float: none !important; margin-right: 0px; width: 177.281px;\"><span class=\"a-size-base a-text-bold\" style=\"font-weight: 700 !important;line-height: 20px !important\" data-mce-style=\"font-weight: 700 !important; line-height: 20px !important;\">Options de compatibilit\u00e9<\/span><\/td>\n<td class=\"a-span9\" role=\"presentation\" style=\"vertical-align: top;padding: 3px 0px 3px 3px;float: none !important;margin-right: 0px;width: 562.891px\" data-mce-style=\"vertical-align: top; padding: 3px 0px 3px 3px; float: none !important; margin-right: 0px; width: 562.891px;\"><span class=\"a-size-base po-break-word\" style=\"line-height: 20px !important\" data-mce-style=\"line-height: 20px !important;\">HP Imprimantes LaserJet<\/span><\/td>\n<\/tr>\n<tr class=\"a-spacing-small po-special_feature\" role=\"listitem\" style=\"margin-bottom: 8px !important\" data-mce-style=\"margin-bottom: 8px !important;\">\n<td class=\"a-span3\" role=\"presentation\" style=\"vertical-align: top;padding: 3px 3px 3px 0px;float: none !important;margin-right: 0px;width: 177.281px\" data-mce-style=\"vertical-align: top; padding: 3px 3px 3px 0px; float: none !important; margin-right: 0px; width: 177.281px;\"><span class=\"a-size-base a-text-bold\" style=\"font-weight: 700 !important;line-height: 20px !important\" data-mce-style=\"font-weight: 700 !important; line-height: 20px !important;\">Caract\u00e9ristique sp\u00e9ciale<\/span><\/td>\n<td class=\"a-span9\" role=\"presentation\" style=\"vertical-align: top;padding: 3px 0px 3px 3px;float: none !important;margin-right: 0px;width: 562.891px\" data-mce-style=\"vertical-align: top; padding: 3px 0px 3px 3px; float: none !important; margin-right: 0px; width: 562.891px;\"><span class=\"a-size-base po-break-word\" style=\"line-height: 20px !important\" data-mce-style=\"line-height: 20px !important;\">Rendement : 1500 pages<\/span><\/td>\n<\/tr>\n<tr class=\"a-spacing-small po-page_yield\" role=\"listitem\" style=\"margin-bottom: 8px !important\" data-mce-style=\"margin-bottom: 8px !important;\">\n<td class=\"a-span3\" role=\"presentation\" style=\"vertical-align: top;padding: 3px 3px 3px 0px;float: none !important;margin-right: 0px;width: 177.281px\" data-mce-style=\"vertical-align: top; padding: 3px 3px 3px 0px; float: none !important; margin-right: 0px; width: 177.281px;\"><span class=\"a-size-base a-text-bold\" style=\"font-weight: 700 !important;line-height: 20px !important\" data-mce-style=\"font-weight: 700 !important; line-height: 20px !important;\">Rendement de la page<\/span><\/td>\n<td class=\"a-span9\" role=\"presentation\" style=\"vertical-align: top;padding: 3px 0px 3px 3px;float: none !important;margin-right: 0px;width: 562.891px\" data-mce-style=\"vertical-align: top; padding: 3px 0px 3px 3px; float: none !important; margin-right: 0px; width: 562.891px;\"><span class=\"a-size-base po-break-word\" style=\"line-height: 20px !important\" data-mce-style=\"line-height: 20px !important;\">1500<\/span><\/td>\n<\/tr>\n<tr class=\"a-spacing-small po-eu_spare_part_availability_duration\" role=\"listitem\" style=\"margin-bottom: 8px !important\" data-mce-style=\"margin-bottom: 8px !important;\">\n<td class=\"a-span3\" role=\"presentation\" style=\"vertical-align: top;padding: 3px 3px 3px 0px;float: none !important;margin-right: 0px;width: 177.281px\" data-mce-style=\"vertical-align: top; padding: 3px 3px 3px 0px; float: none !important; margin-right: 0px; width: 177.281px;\"><span class=\"a-size-base a-text-bold\" style=\"font-weight: 700 !important;line-height: 20px !important\" data-mce-style=\"font-weight: 700 !important; line-height: 20px !important;\">Disponibilit\u00e9 de pi\u00e8ces d\u00e9tach\u00e9es dans l\u2019UE<\/span><\/td>\n<td class=\"a-span9\" role=\"presentation\" style=\"vertical-align: top;padding: 3px 0px 3px 3px;float: none !important;margin-right: 0px;width: 562.891px\" data-mce-style=\"vertical-align: top; padding: 3px 0px 3px 3px; float: none !important; margin-right: 0px; width: 562.891px;\"><span class=\"a-size-base po-break-word\" style=\"line-height: 20px !important\" data-mce-style=\"line-height: 20px !important;\">2 Ans<\/span><\/td>\n<\/tr>\n<tr class=\"a-spacing-small po-printer_model_compatibility\" role=\"listitem\" style=\"margin-bottom: 8px !important\" data-mce-style=\"margin-bottom: 8px !important;\">\n<td class=\"a-span3\" role=\"presentation\" style=\"vertical-align: top;padding: 3px 3px 0px 0px;float: none !important;margin-right: 0px;width: 177.281px\" data-mce-style=\"vertical-align: top; padding: 3px 3px 0px 0px; float: none !important; margin-right: 0px; width: 177.281px;\"><span class=\"a-size-base a-text-bold\" style=\"font-weight: 700 !important;line-height: 20px !important\" data-mce-style=\"font-weight: 700 !important; line-height: 20px !important;\">Compatibilit\u00e9 des mod\u00e8les d\u2019imprimantes<\/span><\/td>\n<td class=\"a-span9\" role=\"presentation\" style=\"vertical-align: top;padding: 3px 0px 0px 3px;float: none !important;margin-right: 0px;width: 562.891px\" data-mce-style=\"vertical-align: top; padding: 3px 0px 0px 3px; float: none !important; margin-right: 0px; width: 562.891px;\"><span class=\"a-size-base po-break-word\" style=\"line-height: 20px !important\" data-mce-style=\"line-height: 20px !important;\">HP LaserJet Enterprise 500 Color M551, HP LaserJet Pro M201N<\/span><\/td>\n<\/tr>\n<\/tbody>\n<\/table>\n","protected":false},"featured_media":4330,"comment_status":"open","ping_status":"closed","template":"","meta":{"_gspb_post_css":""},"store":[],"product_brand":[],"product_cat":[279],"product_tag":[],"class_list":{"0":"post-4331","1":"product","2":"type-product","3":"status-publish","4":"has-post-thumbnail","6":"product_cat-encredimprimanteettoner","8":"first","9":"instock","10":"shipping-taxable","11":"purchasable","12":"product-type-simple"},"_links":{"self":[{"href":"https:\/\/bimba.sn\/index.php?rest_route=\/wp\/v2\/product\/4331","targetHints":{"allow":["GET"]}}],"collection":[{"href":"https:\/\/bimba.sn\/index.php?rest_route=\/wp\/v2\/product"}],"about":[{"href":"https:\/\/bimba.sn\/index.php?rest_route=\/wp\/v2\/types\/product"}],"replies":[{"embeddable":true,"href":"https:\/\/bimba.sn\/index.php?rest_route=%2Fwp%2Fv2%2Fcomments&post=4331"}],"wp:featuredmedia":[{"embeddable":true,"href":"https:\/\/bimba.sn\/index.php?rest_route=\/wp\/v2\/media\/4330"}],"wp:attachment":[{"href":"https:\/\/bimba.sn\/index.php?rest_route=%2Fwp%2Fv2%2Fmedia&parent=4331"}],"wp:term":[{"taxonomy":"store","embeddable":true,"href":"https:\/\/bimba.sn\/index.php?rest_route=%2Fwp%2Fv2%2Fstore&post=4331"},{"taxonomy":"product_brand","embeddable":true,"href":"https:\/\/bimba.sn\/index.php?rest_route=%2Fwp%2Fv2%2Fproduct_brand&post=4331"},{"taxonomy":"product_cat","embeddable":true,"href":"https:\/\/bimba.sn\/index.php?rest_route=%2Fwp%2Fv2%2Fproduct_cat&post=4331"},{"taxonomy":"product_tag","embeddable":true,"href":"https:\/\/bimba.sn\/index.php?rest_route=%2Fwp%2Fv2%2Fproduct_tag&post=4331"}],"curies":[{"name":"wp","href":"https:\/\/api.w.org\/{rel}","templated":true}]}}