{"id":4248,"date":"2025-05-23T22:38:05","date_gmt":"2025-05-23T20:38:05","guid":{"rendered":"https:\/\/bimba.sn\/?product=macbook-pro-14-pouces-m4-pro-noir-sideral"},"modified":"2025-05-23T22:38:05","modified_gmt":"2025-05-23T20:38:05","slug":"macbook-pro-14-pouces-m4-pro-noir-sideral","status":"publish","type":"product","link":"https:\/\/bimba.sn\/?product=macbook-pro-14-pouces-m4-pro-noir-sideral","title":{"rendered":"MacBook Pro 14 pouces M4 pro- Noir sid\u00e9ral"},"content":{"rendered":"<p><br data-mce-bogus=\"1\"><\/p>\n","protected":false},"excerpt":{"rendered":"<ul class=\"rf-configuration-subheader typography-body-reduced\">\n<li>\u00c9cran Liquid\u00a0Retina\u00a0XDR 14\u00a0pouces\u00b2<\/li>\n<li>\u00c9cran standard<\/li>\n<li>Puce Apple\u00a0M4\u00a0Pro avec CPU 12\u00a0c\u0153urs, GPU 16\u00a0c\u0153urs et Neural\u00a0Engine 16\u00a0c\u0153urs<\/li>\n<li>24\u00a0Go de m\u00e9moire unifi\u00e9e<\/li>\n<li>SSD de 512\u00a0Go<\/li>\n<li>Adaptateur secteur USB\u2011C 70\u00a0W<\/li>\n<li>Trois ports Thunderbolt\u00a05, port HDMI, fente pour carte SDXC, prise casque, port MagSafe\u00a03<\/li>\n<li>Magic Keyboard r\u00e9tro\u00e9clair\u00e9 avec\u00a0Touch\u00a0ID &#8211; Fran\u00e7ais<\/li>\n<\/ul>\n<div class=\"rf-mac-attr-feature-wrapper\">\n<div class=\"rf-mac-attr-feature\"><img decoding=\"async\" width=\"20\" height=\"20\" alt=\"\" src=\"https:\/\/store.storeimages.cdn-apple.com\/1\/as-images.apple.com\/is\/store-feature-mac-cto-appleintelligence?wid=40&amp;hei=40&amp;fmt=png-alpha&amp;.v=L2k0UWhTOS9yRDNpVUx5cHpsQmZ2SW11SlFUQWFMRUZrNjVOSTJhL2VMdDRCdVRQdmxzSUpzNHlRVmliMmtQYlEwTnpsQWxmZlludFcyRm4wOWcxaXdod2t6WDdXNmJGa0ViRk5WY2RhbkhLMFBhcGdsSVE3S2I3aEN1Sy9pdFk\"><span class=\"typography-body-reduced\">Apple Intelligence<span><span class=\"visuallyhidden\">\u00a0Footnote\u00a0<\/span>\u2206<\/span><\/span><\/div>\n<\/div>\n","protected":false},"featured_media":4246,"comment_status":"open","ping_status":"closed","template":"","meta":{"_gspb_post_css":""},"store":[],"product_brand":[],"product_cat":[271],"product_tag":[],"class_list":{"0":"post-4248","1":"product","2":"type-product","3":"status-publish","4":"has-post-thumbnail","6":"product_cat-ordinateurs","8":"first","9":"instock","10":"shipping-taxable","11":"purchasable","12":"product-type-simple"},"_links":{"self":[{"href":"https:\/\/bimba.sn\/index.php?rest_route=\/wp\/v2\/product\/4248","targetHints":{"allow":["GET"]}}],"collection":[{"href":"https:\/\/bimba.sn\/index.php?rest_route=\/wp\/v2\/product"}],"about":[{"href":"https:\/\/bimba.sn\/index.php?rest_route=\/wp\/v2\/types\/product"}],"replies":[{"embeddable":true,"href":"https:\/\/bimba.sn\/index.php?rest_route=%2Fwp%2Fv2%2Fcomments&post=4248"}],"wp:featuredmedia":[{"embeddable":true,"href":"https:\/\/bimba.sn\/index.php?rest_route=\/wp\/v2\/media\/4246"}],"wp:attachment":[{"href":"https:\/\/bimba.sn\/index.php?rest_route=%2Fwp%2Fv2%2Fmedia&parent=4248"}],"wp:term":[{"taxonomy":"store","embeddable":true,"href":"https:\/\/bimba.sn\/index.php?rest_route=%2Fwp%2Fv2%2Fstore&post=4248"},{"taxonomy":"product_brand","embeddable":true,"href":"https:\/\/bimba.sn\/index.php?rest_route=%2Fwp%2Fv2%2Fproduct_brand&post=4248"},{"taxonomy":"product_cat","embeddable":true,"href":"https:\/\/bimba.sn\/index.php?rest_route=%2Fwp%2Fv2%2Fproduct_cat&post=4248"},{"taxonomy":"product_tag","embeddable":true,"href":"https:\/\/bimba.sn\/index.php?rest_route=%2Fwp%2Fv2%2Fproduct_tag&post=4248"}],"curies":[{"name":"wp","href":"https:\/\/api.w.org\/{rel}","templated":true}]}}