{"id":4240,"date":"2025-05-23T22:31:29","date_gmt":"2025-05-23T20:31:29","guid":{"rendered":"https:\/\/bimba.sn\/?product=macbook-air-13-pouces-m4-2025"},"modified":"2025-05-23T22:31:29","modified_gmt":"2025-05-23T20:31:29","slug":"macbook-air-13-pouces-m4-2025","status":"publish","type":"product","link":"https:\/\/bimba.sn\/?product=macbook-air-13-pouces-m4-2025","title":{"rendered":"MacBook Air 13 pouces M4 2025"},"content":{"rendered":"<p><br data-mce-bogus=\"1\"><\/p>\n","protected":false},"excerpt":{"rendered":"<ul class=\"rf-configuration-subheader typography-body-reduced\">\n<li>Puce Apple\u00a0M4 avec CPU 10\u00a0c\u0153urs, GPU 8\u00a0c\u0153urs, Neural\u00a0Engine 16\u00a0c\u0153urs<\/li>\n<li>16\u00a0Go de m\u00e9moire unifi\u00e9e<\/li>\n<li>SSD de 256\u00a0Go<\/li>\n<li>\u00c9cran Liquid\u00a0Retina 13,6\u00a0pouces avec True\u00a0Tone\u00b2<\/li>\n<li>Cam\u00e9ra 12MP Center Stage<\/li>\n<li>Port de\u00a0charge MagSafe\u00a03<\/li>\n<li>Deux\u00a0ports Thunderbolt\u00a04<\/li>\n<li>Adaptateur secteur USB\u2011C 30\u00a0W<\/li>\n<li>Magic Keyboard r\u00e9tro\u00e9clair\u00e9 avec\u00a0Touch\u00a0ID &#8211; Fran\u00e7ais<\/li>\n<\/ul>\n<div class=\"rf-mac-attr-feature-wrapper\">\n<div class=\"rf-mac-attr-feature\"><img decoding=\"async\" width=\"20\" height=\"20\" alt=\"\" src=\"https:\/\/store.storeimages.cdn-apple.com\/1\/as-images.apple.com\/is\/store-feature-mac-cto-appleintelligence?wid=40&amp;hei=40&amp;fmt=png-alpha&amp;.v=L2k0UWhTOS9yRDNpVUx5cHpsQmZ2SW11SlFUQWFMRUZrNjVOSTJhL2VMdDRCdVRQdmxzSUpzNHlRVmliMmtQYlEwTnpsQWxmZlludFcyRm4wOWcxaXdod2t6WDdXNmJGa0ViRk5WY2RhbkhLMFBhcGdsSVE3S2I3aEN1Sy9pdFk\"><span class=\"typography-body-reduced\">Apple Intelligence<span><span class=\"visuallyhidden\">\u00a0Footnote\u00a0<\/span>\u2206<\/span><\/span><\/div>\n<\/div>\n","protected":false},"featured_media":4239,"comment_status":"open","ping_status":"closed","template":"","meta":{"_gspb_post_css":""},"store":[50],"product_brand":[],"product_cat":[271],"product_tag":[],"class_list":{"0":"post-4240","1":"product","2":"type-product","3":"status-publish","4":"has-post-thumbnail","6":"store-apple","7":"product_cat-ordinateurs","9":"first","10":"instock","11":"shipping-taxable","12":"purchasable","13":"product-type-simple"},"_links":{"self":[{"href":"https:\/\/bimba.sn\/index.php?rest_route=\/wp\/v2\/product\/4240","targetHints":{"allow":["GET"]}}],"collection":[{"href":"https:\/\/bimba.sn\/index.php?rest_route=\/wp\/v2\/product"}],"about":[{"href":"https:\/\/bimba.sn\/index.php?rest_route=\/wp\/v2\/types\/product"}],"replies":[{"embeddable":true,"href":"https:\/\/bimba.sn\/index.php?rest_route=%2Fwp%2Fv2%2Fcomments&post=4240"}],"wp:featuredmedia":[{"embeddable":true,"href":"https:\/\/bimba.sn\/index.php?rest_route=\/wp\/v2\/media\/4239"}],"wp:attachment":[{"href":"https:\/\/bimba.sn\/index.php?rest_route=%2Fwp%2Fv2%2Fmedia&parent=4240"}],"wp:term":[{"taxonomy":"store","embeddable":true,"href":"https:\/\/bimba.sn\/index.php?rest_route=%2Fwp%2Fv2%2Fstore&post=4240"},{"taxonomy":"product_brand","embeddable":true,"href":"https:\/\/bimba.sn\/index.php?rest_route=%2Fwp%2Fv2%2Fproduct_brand&post=4240"},{"taxonomy":"product_cat","embeddable":true,"href":"https:\/\/bimba.sn\/index.php?rest_route=%2Fwp%2Fv2%2Fproduct_cat&post=4240"},{"taxonomy":"product_tag","embeddable":true,"href":"https:\/\/bimba.sn\/index.php?rest_route=%2Fwp%2Fv2%2Fproduct_tag&post=4240"}],"curies":[{"name":"wp","href":"https:\/\/api.w.org\/{rel}","templated":true}]}}