{"id":4206,"date":"2025-05-23T20:44:56","date_gmt":"2025-05-23T18:44:56","guid":{"rendered":"https:\/\/bimba.sn\/?product=65w-19v-3-42a-compatible-pour-asus-adaptateur-chargeur-alimentation"},"modified":"2025-05-23T20:44:56","modified_gmt":"2025-05-23T18:44:56","slug":"65w-19v-3-42a-compatible-pour-asus-adaptateur-chargeur-alimentation","status":"publish","type":"product","link":"https:\/\/bimba.sn\/?product=65w-19v-3-42a-compatible-pour-asus-adaptateur-chargeur-alimentation","title":{"rendered":"65W 19V 3.42A Compatible pour ASUS Adaptateur Chargeur Alimentation"},"content":{"rendered":"<p><br data-mce-bogus=\"1\"><\/p>\n","protected":false},"excerpt":{"rendered":"<ul class=\"a-unordered-list a-vertical a-spacing-mini\">\n<li class=\"a-spacing-mini\" style=\"margin: 0px\"><span class=\"a-list-item\">Entr\u00e9e : 100 \u00e0 240V 50 \u00e0 60Hz (utilisation mondiale) ; Sortie : 19V 3,42A 65W<\/span><\/li>\n<li class=\"a-spacing-mini\" style=\"margin: 0px\"><span class=\"a-list-item\">Tailles de prise : 4,5 x 3,0 mm. Remarque : veuillez v\u00e9rifier attentivement la description de l&rsquo;image. Ensuite, mesurez soigneusement la prise CC de votre chargeur d&rsquo;origine. Avant d&rsquo;acheter, confirmez que son diam\u00e8tre ext\u00e9rieur doit \u00eatre de 4,5 mm et avoir une goupille centrale. Sinon, n&rsquo;achetez pas. Pour ne pas \u00eatre incompatible avec votre ordinateur portable ! ! !<\/span><\/li>\n<li class=\"a-spacing-mini\" style=\"margin: 0px\"><span class=\"a-list-item\">Contenu : 1 adaptateur secteur et 1 c\u00e2ble d&rsquo;alimentation.<\/span><\/li>\n<\/ul>\n","protected":false},"featured_media":4202,"comment_status":"open","ping_status":"closed","template":"","meta":{"_gspb_post_css":""},"store":[],"product_brand":[],"product_cat":[268,237],"product_tag":[],"class_list":{"0":"post-4206","1":"product","2":"type-product","3":"status-publish","4":"has-post-thumbnail","6":"product_cat-accessoirespourordinateurportable","7":"product_cat-batterieschargeursaccessoires","9":"first","10":"instock","11":"shipping-taxable","12":"purchasable","13":"product-type-simple"},"_links":{"self":[{"href":"https:\/\/bimba.sn\/index.php?rest_route=\/wp\/v2\/product\/4206","targetHints":{"allow":["GET"]}}],"collection":[{"href":"https:\/\/bimba.sn\/index.php?rest_route=\/wp\/v2\/product"}],"about":[{"href":"https:\/\/bimba.sn\/index.php?rest_route=\/wp\/v2\/types\/product"}],"replies":[{"embeddable":true,"href":"https:\/\/bimba.sn\/index.php?rest_route=%2Fwp%2Fv2%2Fcomments&post=4206"}],"wp:featuredmedia":[{"embeddable":true,"href":"https:\/\/bimba.sn\/index.php?rest_route=\/wp\/v2\/media\/4202"}],"wp:attachment":[{"href":"https:\/\/bimba.sn\/index.php?rest_route=%2Fwp%2Fv2%2Fmedia&parent=4206"}],"wp:term":[{"taxonomy":"store","embeddable":true,"href":"https:\/\/bimba.sn\/index.php?rest_route=%2Fwp%2Fv2%2Fstore&post=4206"},{"taxonomy":"product_brand","embeddable":true,"href":"https:\/\/bimba.sn\/index.php?rest_route=%2Fwp%2Fv2%2Fproduct_brand&post=4206"},{"taxonomy":"product_cat","embeddable":true,"href":"https:\/\/bimba.sn\/index.php?rest_route=%2Fwp%2Fv2%2Fproduct_cat&post=4206"},{"taxonomy":"product_tag","embeddable":true,"href":"https:\/\/bimba.sn\/index.php?rest_route=%2Fwp%2Fv2%2Fproduct_tag&post=4206"}],"curies":[{"name":"wp","href":"https:\/\/api.w.org\/{rel}","templated":true}]}}