{"id":4198,"date":"2025-05-23T20:36:47","date_gmt":"2025-05-23T18:36:47","guid":{"rendered":"https:\/\/bimba.sn\/?product=refrigerateur-astech-vitrine-fv740dd-gr-2portes"},"modified":"2025-05-23T20:36:47","modified_gmt":"2025-05-23T18:36:47","slug":"refrigerateur-astech-vitrine-fv740dd-gr-2portes","status":"publish","type":"product","link":"https:\/\/bimba.sn\/?product=refrigerateur-astech-vitrine-fv740dd-gr-2portes","title":{"rendered":"REFRIGERATEUR ASTECH VITRINE FV740DD-GR 2PORTES"},"content":{"rendered":"<div class=\"listing-item__info\" style=\"margin-bottom: 24px;position: relative;width: 600px;float: none;padding-left: 12px;padding-right: 12px;flex: 0 0 100%;max-width: 100%;clear: both\">\n<div class=\"listing-item__description\" style=\"margin-bottom: 12px;margin-top: 12px\">\n<p style=\"margin-top: 0px;margin-bottom: 1rem\">Le r\u00e9frig\u00e9rateur ASTECHVitrine Vertical est id\u00e9al pour Les grands appartements et pour les commer\u00e7ants. Il dispose de compartiments de refroidissement spacieux de rangement Pour conserver les aliments Et Les Boissons De Mani\u00e8re Organis\u00e9e Tout En Les Conservant Au Frais.<\/p>\n<p style=\"margin-top: 0px;margin-bottom: 1rem\">Vitrine ASTECH 2 Portes FV740DD<br \/>Nombre de portes 2<br \/>classe climatique T<br \/>Mod\u00e8le FV740DD<br \/>Capacit\u00e9 700L<br \/>Plage de temp\u00e9rature (C) 0-12C<br \/>Defrost automatic<br \/>Tension \/ Fr\u00e9quence 220 V \/ 50 Hz<br \/>Gaz r\u00e9frig\u00e9rant R134a<br \/>Porte vitre<br \/>Couleur gris<br \/>Verrouillage Oui<br \/>Ventilateur interne Oui<\/p>\n<\/div>\n<\/div>\n<div class=\"listing-item__safety-tips\" style=\"font-size: 0.875rem;margin: 18px 0px;padding: 24px\"><br class=\"Apple-interchange-newline\"><\/div>\n","protected":false},"excerpt":{"rendered":"<p><br data-mce-bogus=\"1\"><\/p>\n","protected":false},"featured_media":4197,"comment_status":"open","ping_status":"closed","template":"","meta":{"_gspb_post_css":""},"store":[],"product_brand":[],"product_cat":[252],"product_tag":[],"class_list":{"0":"post-4198","1":"product","2":"type-product","3":"status-publish","4":"has-post-thumbnail","6":"product_cat-refrigerateur","8":"first","9":"instock","10":"sale","11":"shipping-taxable","12":"purchasable","13":"product-type-simple"},"_links":{"self":[{"href":"https:\/\/bimba.sn\/index.php?rest_route=\/wp\/v2\/product\/4198","targetHints":{"allow":["GET"]}}],"collection":[{"href":"https:\/\/bimba.sn\/index.php?rest_route=\/wp\/v2\/product"}],"about":[{"href":"https:\/\/bimba.sn\/index.php?rest_route=\/wp\/v2\/types\/product"}],"replies":[{"embeddable":true,"href":"https:\/\/bimba.sn\/index.php?rest_route=%2Fwp%2Fv2%2Fcomments&post=4198"}],"wp:featuredmedia":[{"embeddable":true,"href":"https:\/\/bimba.sn\/index.php?rest_route=\/wp\/v2\/media\/4197"}],"wp:attachment":[{"href":"https:\/\/bimba.sn\/index.php?rest_route=%2Fwp%2Fv2%2Fmedia&parent=4198"}],"wp:term":[{"taxonomy":"store","embeddable":true,"href":"https:\/\/bimba.sn\/index.php?rest_route=%2Fwp%2Fv2%2Fstore&post=4198"},{"taxonomy":"product_brand","embeddable":true,"href":"https:\/\/bimba.sn\/index.php?rest_route=%2Fwp%2Fv2%2Fproduct_brand&post=4198"},{"taxonomy":"product_cat","embeddable":true,"href":"https:\/\/bimba.sn\/index.php?rest_route=%2Fwp%2Fv2%2Fproduct_cat&post=4198"},{"taxonomy":"product_tag","embeddable":true,"href":"https:\/\/bimba.sn\/index.php?rest_route=%2Fwp%2Fv2%2Fproduct_tag&post=4198"}],"curies":[{"name":"wp","href":"https:\/\/api.w.org\/{rel}","templated":true}]}}