{"id":4196,"date":"2025-05-23T20:29:17","date_gmt":"2025-05-23T18:29:17","guid":{"rendered":"https:\/\/bimba.sn\/?product=refrigerateur-astech-vitrine-fv590vd-2portes"},"modified":"2025-05-23T20:29:18","modified_gmt":"2025-05-23T18:29:18","slug":"refrigerateur-astech-vitrine-fv590vd-2portes","status":"publish","type":"product","link":"https:\/\/bimba.sn\/?product=refrigerateur-astech-vitrine-fv590vd-2portes","title":{"rendered":"REFRIGERATEUR ASTECH VITRINE FV590VD 2PORTES"},"content":{"rendered":"<p><br data-mce-bogus=\"1\"><\/p>\n","protected":false},"excerpt":{"rendered":"<p><span>Nom produit<\/span><br \/><span>R\u00e9frig\u00e9rateur ASTECH FV590VD Vitrine Vertical 2 Portes<\/span><br \/><span>Description<\/span><br \/><span>Marque: ASTECH<\/span><br \/><span>Cat\u00e9gorie: R\u00e9frig\u00e9rateur<\/span><br \/><span>H<\/span><br \/><span>Marque: ASTECH Mod\u00e8le: FV-590DD-GR<\/span><br \/><span>Type de produit:<\/span><br \/><span>R\u00e9frig\u00e9rateur vitrine Nombre de portes<\/span><br \/><span>2 \u00c9tag\u00e8res:4<\/span><br \/><span>Classe: A Capacit\u00e9: 590Litres Dimension: hauteur 1m96\/<\/span><br \/><span>largeur 85cm<\/span><br \/><span>Profondeur: 55cm<\/span><br data-mce-bogus=\"1\"><\/p>\n","protected":false},"featured_media":4195,"comment_status":"open","ping_status":"closed","template":"","meta":{"_gspb_post_css":""},"store":[],"product_brand":[],"product_cat":[252],"product_tag":[],"class_list":{"0":"post-4196","1":"product","2":"type-product","3":"status-publish","4":"has-post-thumbnail","6":"product_cat-refrigerateur","8":"first","9":"instock","10":"sale","11":"shipping-taxable","12":"purchasable","13":"product-type-simple"},"_links":{"self":[{"href":"https:\/\/bimba.sn\/index.php?rest_route=\/wp\/v2\/product\/4196","targetHints":{"allow":["GET"]}}],"collection":[{"href":"https:\/\/bimba.sn\/index.php?rest_route=\/wp\/v2\/product"}],"about":[{"href":"https:\/\/bimba.sn\/index.php?rest_route=\/wp\/v2\/types\/product"}],"replies":[{"embeddable":true,"href":"https:\/\/bimba.sn\/index.php?rest_route=%2Fwp%2Fv2%2Fcomments&post=4196"}],"wp:featuredmedia":[{"embeddable":true,"href":"https:\/\/bimba.sn\/index.php?rest_route=\/wp\/v2\/media\/4195"}],"wp:attachment":[{"href":"https:\/\/bimba.sn\/index.php?rest_route=%2Fwp%2Fv2%2Fmedia&parent=4196"}],"wp:term":[{"taxonomy":"store","embeddable":true,"href":"https:\/\/bimba.sn\/index.php?rest_route=%2Fwp%2Fv2%2Fstore&post=4196"},{"taxonomy":"product_brand","embeddable":true,"href":"https:\/\/bimba.sn\/index.php?rest_route=%2Fwp%2Fv2%2Fproduct_brand&post=4196"},{"taxonomy":"product_cat","embeddable":true,"href":"https:\/\/bimba.sn\/index.php?rest_route=%2Fwp%2Fv2%2Fproduct_cat&post=4196"},{"taxonomy":"product_tag","embeddable":true,"href":"https:\/\/bimba.sn\/index.php?rest_route=%2Fwp%2Fv2%2Fproduct_tag&post=4196"}],"curies":[{"name":"wp","href":"https:\/\/api.w.org\/{rel}","templated":true}]}}