{"id":4187,"date":"2025-05-23T19:40:43","date_gmt":"2025-05-23T17:40:43","guid":{"rendered":"https:\/\/bimba.sn\/?product=congelateur-horizontal-vitrine-astech-fh500v-500l"},"modified":"2025-05-23T19:40:43","modified_gmt":"2025-05-23T17:40:43","slug":"congelateur-horizontal-vitrine-astech-fh500v-500l","status":"publish","type":"product","link":"https:\/\/bimba.sn\/?product=congelateur-horizontal-vitrine-astech-fh500v-500l","title":{"rendered":"CONGELATEUR HORIZONTAL VITRINE ASTECH FH500V 500L"},"content":{"rendered":"<div id=\"primary\" class=\"content-area col-md-9 col-sm-12 col-xs-12\" style=\"position: relative;min-height: 1px;padding-left: 15px;padding-right: 15px;float: left;width: 900px\">\n<div data-slug=\"\" class=\"wpf-search-container\">\n<div id=\"product-3043\" class=\"mf-single-product mf-product-layout-2 mf-product-sidebar product type-product post-3043 status-publish first instock product_cat-astech-congelateur product_cat-congelateur product_cat-electromenager has-post-thumbnail sale shipping-taxable purchasable product-type-simple\" style=\"margin-bottom: 0px;position: relative\">\n<div class=\"mf-product-summary\">\n<div class=\"woocommerce-tabs wc-tabs-wrapper\" style=\"margin-bottom: 80px\">\n<div class=\"woocommerce-Tabs-panel woocommerce-Tabs-panel--description panel entry-content wc-tab\" id=\"tab-description\" role=\"tabpanel\" aria-labelledby=\"tab-title-description\" style=\"margin: 0px;padding: 0px\">\n<p style=\"margin-bottom: 1.7em;margin-top: 0px\">Cong\u00e9lateur horizontal vitrine Astech FH500V 500L<\/p>\n<p style=\"margin-bottom: 1.7em;margin-top: 0px\">Marque: Astech<br \/>Cat\u00e9gorie: Cong\u00e9lateur H<br \/>Marque<br \/>ASTECH Mod\u00e8le<br \/>FH500 Type<br \/>de produit Cong\u00e9lateur horizontal Detail<br \/>Vitrine<br \/>curve Capacit\u00e9 totale<br \/>500Litres Verrouillage<br \/>Oui<br \/>Thermostat Cong\u00e8le\/r\u00e9frig\u00e8re \u00c9conomie d\u2019\u00e9nergie Oui<br \/>Panier<br \/>3 Classe<br \/>A + Dimension:<br \/>hauteur 80cm\/ largeur 132cm Profondeur<br \/>73cm<\/p>\n<\/div>\n<\/div>\n<\/div>\n<\/div>\n<\/div>\n<\/div>\n<aside id=\"primary-sidebar\" class=\"widgets-area primary-sidebar col-md-3 col-sm-12 col-xs-12  product-sidebar\" style=\"position: relative;min-height: 1px;padding-left: 15px;padding-right: 15px;float: left;width: 300px\">\n<div id=\"block-2\" class=\"widget widget_block\">\n<ul class=\"mf-shipping-info\" style=\"list-style-type: square;padding: 0px;margin: 0px\"><span id=\"_mce_caret\" data-mce-bogus=\"1\" data-mce-type=\"format-caret\"><span style=\"padding-left: 10px\"><\/span><\/span>\u00a0<\/ul>\n<\/div>\n<div id=\"custom_html-22\" class=\"widget_text widget widget_custom_html\">\n<div class=\"textwidget custom-html-widget\"><\/div>\n<\/div>\n<\/aside>\n","protected":false},"excerpt":{"rendered":"<p><br data-mce-bogus=\"1\"><\/p>\n","protected":false},"featured_media":4186,"comment_status":"open","ping_status":"closed","template":"","meta":{"_gspb_post_css":""},"store":[],"product_brand":[],"product_cat":[251],"product_tag":[],"class_list":{"0":"post-4187","1":"product","2":"type-product","3":"status-publish","4":"has-post-thumbnail","6":"product_cat-congelateur","8":"first","9":"instock","10":"sale","11":"shipping-taxable","12":"purchasable","13":"product-type-simple"},"_links":{"self":[{"href":"https:\/\/bimba.sn\/index.php?rest_route=\/wp\/v2\/product\/4187","targetHints":{"allow":["GET"]}}],"collection":[{"href":"https:\/\/bimba.sn\/index.php?rest_route=\/wp\/v2\/product"}],"about":[{"href":"https:\/\/bimba.sn\/index.php?rest_route=\/wp\/v2\/types\/product"}],"replies":[{"embeddable":true,"href":"https:\/\/bimba.sn\/index.php?rest_route=%2Fwp%2Fv2%2Fcomments&post=4187"}],"wp:featuredmedia":[{"embeddable":true,"href":"https:\/\/bimba.sn\/index.php?rest_route=\/wp\/v2\/media\/4186"}],"wp:attachment":[{"href":"https:\/\/bimba.sn\/index.php?rest_route=%2Fwp%2Fv2%2Fmedia&parent=4187"}],"wp:term":[{"taxonomy":"store","embeddable":true,"href":"https:\/\/bimba.sn\/index.php?rest_route=%2Fwp%2Fv2%2Fstore&post=4187"},{"taxonomy":"product_brand","embeddable":true,"href":"https:\/\/bimba.sn\/index.php?rest_route=%2Fwp%2Fv2%2Fproduct_brand&post=4187"},{"taxonomy":"product_cat","embeddable":true,"href":"https:\/\/bimba.sn\/index.php?rest_route=%2Fwp%2Fv2%2Fproduct_cat&post=4187"},{"taxonomy":"product_tag","embeddable":true,"href":"https:\/\/bimba.sn\/index.php?rest_route=%2Fwp%2Fv2%2Fproduct_tag&post=4187"}],"curies":[{"name":"wp","href":"https:\/\/api.w.org\/{rel}","templated":true}]}}