{"id":4185,"date":"2025-05-23T19:36:31","date_gmt":"2025-05-23T17:36:31","guid":{"rendered":"https:\/\/bimba.sn\/?product=congelateur-horizontal-vitrine-astech-fh400vd-400l"},"modified":"2025-05-23T19:36:31","modified_gmt":"2025-05-23T17:36:31","slug":"congelateur-horizontal-vitrine-astech-fh400vd-400l","status":"publish","type":"product","link":"https:\/\/bimba.sn\/?product=congelateur-horizontal-vitrine-astech-fh400vd-400l","title":{"rendered":"CONGELATEUR HORIZONTAL VITRINE ASTECH FH400VD 400L"},"content":{"rendered":"<ul data-start=\"190\" data-end=\"753\">\n<li data-start=\"190\" data-end=\"217\">\n<p data-start=\"192\" data-end=\"217\" style=\"margin-top: 0px;margin-bottom: 1rem\"><span data-start=\"192\" data-end=\"204\">Capacit\u00e9<\/span>\u00a0: 400 Litres<\/p>\n<\/li>\n<li data-start=\"218\" data-end=\"310\">\n<p data-start=\"220\" data-end=\"310\" style=\"margin-top: 0px;margin-bottom: 1rem\"><span data-start=\"220\" data-end=\"241\">Classe Climatique<\/span>\u00a0: T (adapt\u00e9 pour des temp\u00e9ratures ambiantes allant de +18\u00b0C \u00e0 +43\u00b0C)<\/p>\n<\/li>\n<li data-start=\"311\" data-end=\"331\">\n<p data-start=\"313\" data-end=\"331\" style=\"margin-top: 0px;margin-bottom: 1rem\"><span data-start=\"313\" data-end=\"324\">Voltage<\/span>\u00a0: 220V<\/p>\n<\/li>\n<li data-start=\"332\" data-end=\"354\">\n<p data-start=\"334\" data-end=\"354\" style=\"margin-top: 0px;margin-bottom: 1rem\"><span data-start=\"334\" data-end=\"347\">Fr\u00e9quence<\/span>\u00a0: 50Hz<\/p>\n<\/li>\n<li data-start=\"355\" data-end=\"450\">\n<p data-start=\"357\" data-end=\"450\" style=\"margin-top: 0px;margin-bottom: 1rem\"><span data-start=\"357\" data-end=\"378\">Type de Couvercle<\/span>\u00a0: Coulissant et vitr\u00e9 (pratique pour une bonne visibilit\u00e9 des produits)<\/p>\n<\/li>\n<li data-start=\"451\" data-end=\"471\">\n<p data-start=\"453\" data-end=\"471\" style=\"margin-top: 0px;margin-bottom: 1rem\"><span data-start=\"453\" data-end=\"463\">Mod\u00e8le<\/span>\u00a0: FH400<\/p>\n<\/li>\n<li data-start=\"472\" data-end=\"549\">\n<p data-start=\"474\" data-end=\"549\" style=\"margin-top: 0px;margin-bottom: 1rem\"><span data-start=\"474\" data-end=\"488\">Dimensions<\/span>\u00a0: 1034 mm (largeur) x 653 mm (profondeur) x 790 mm (hauteur)<\/p>\n<\/li>\n<li data-start=\"550\" data-end=\"753\">\n<p data-start=\"552\" data-end=\"753\" style=\"margin-top: 0px;margin-bottom: 1rem\"><span data-start=\"552\" data-end=\"561\">Usage<\/span> : Ce cong\u00e9lateur horizontal est particuli\u00e8rement adapt\u00e9 pour les h\u00f4tels, auberges, petites entreprises, et autres environnements n\u00e9cessitant une solution de cong\u00e9lation efficace et spacieuse.<\/p>\n<\/li>\n<\/ul>\n","protected":false},"excerpt":{"rendered":"<p><br data-mce-bogus=\"1\"><\/p>\n","protected":false},"featured_media":4184,"comment_status":"open","ping_status":"closed","template":"","meta":{"_gspb_post_css":""},"store":[],"product_brand":[],"product_cat":[251],"product_tag":[],"class_list":{"0":"post-4185","1":"product","2":"type-product","3":"status-publish","4":"has-post-thumbnail","6":"product_cat-congelateur","8":"first","9":"instock","10":"sale","11":"shipping-taxable","12":"purchasable","13":"product-type-simple"},"_links":{"self":[{"href":"https:\/\/bimba.sn\/index.php?rest_route=\/wp\/v2\/product\/4185","targetHints":{"allow":["GET"]}}],"collection":[{"href":"https:\/\/bimba.sn\/index.php?rest_route=\/wp\/v2\/product"}],"about":[{"href":"https:\/\/bimba.sn\/index.php?rest_route=\/wp\/v2\/types\/product"}],"replies":[{"embeddable":true,"href":"https:\/\/bimba.sn\/index.php?rest_route=%2Fwp%2Fv2%2Fcomments&post=4185"}],"wp:featuredmedia":[{"embeddable":true,"href":"https:\/\/bimba.sn\/index.php?rest_route=\/wp\/v2\/media\/4184"}],"wp:attachment":[{"href":"https:\/\/bimba.sn\/index.php?rest_route=%2Fwp%2Fv2%2Fmedia&parent=4185"}],"wp:term":[{"taxonomy":"store","embeddable":true,"href":"https:\/\/bimba.sn\/index.php?rest_route=%2Fwp%2Fv2%2Fstore&post=4185"},{"taxonomy":"product_brand","embeddable":true,"href":"https:\/\/bimba.sn\/index.php?rest_route=%2Fwp%2Fv2%2Fproduct_brand&post=4185"},{"taxonomy":"product_cat","embeddable":true,"href":"https:\/\/bimba.sn\/index.php?rest_route=%2Fwp%2Fv2%2Fproduct_cat&post=4185"},{"taxonomy":"product_tag","embeddable":true,"href":"https:\/\/bimba.sn\/index.php?rest_route=%2Fwp%2Fv2%2Fproduct_tag&post=4185"}],"curies":[{"name":"wp","href":"https:\/\/api.w.org\/{rel}","templated":true}]}}