{"id":4173,"date":"2025-05-23T19:01:29","date_gmt":"2025-05-23T17:01:29","guid":{"rendered":"https:\/\/bimba.sn\/?product=congelateur-vertical-astech-pa240s-d-cd-8t-aluminium"},"modified":"2025-05-23T19:01:29","modified_gmt":"2025-05-23T17:01:29","slug":"congelateur-vertical-astech-pa240s-d-cd-8t-aluminium","status":"publish","type":"product","link":"https:\/\/bimba.sn\/?product=congelateur-vertical-astech-pa240s-d-cd-8t-aluminium","title":{"rendered":"CONGELATEUR VERTICAL ASTECH PA240(S-D-CD) 8T ALUMINIUM"},"content":{"rendered":"<p><br data-mce-bogus=\"1\"><\/p>\n","protected":false},"excerpt":{"rendered":"<p style=\"margin-bottom: 1.5em;font-family: Outfit, Arial, sans-serif\">Ce cong\u00e9lateur vertical Astech PA 240, 8 TIROIRS est id\u00e9al pour les grandes familles et \u00e9galement les couples avec enfants. Avec ce grand cong\u00e9lateur Horizontal ASTECH, vous \u00eates en mesure de stocker une grande quantit\u00e9 d\u2019aliments sur une longue p\u00e9riode. En effet, ce Cong\u00e9lateur est l\u2019un des appareils les plus performants du march\u00e9. De plus, il propose une classe \u00e9nerg\u00e9tique A+, ce qui permet vous permet de r\u00e9aliser une \u00e9conomie d\u2019\u00e9nergie de 25 % plus \u00e9lev\u00e9e que pour la classe A+<\/p>\n<p><br class=\"Apple-interchange-newline\"><\/p>\n","protected":false},"featured_media":4172,"comment_status":"open","ping_status":"closed","template":"","meta":{"_gspb_post_css":""},"store":[],"product_brand":[],"product_cat":[251],"product_tag":[],"class_list":{"0":"post-4173","1":"product","2":"type-product","3":"status-publish","4":"has-post-thumbnail","6":"product_cat-congelateur","8":"first","9":"instock","10":"sale","11":"shipping-taxable","12":"purchasable","13":"product-type-simple"},"_links":{"self":[{"href":"https:\/\/bimba.sn\/index.php?rest_route=\/wp\/v2\/product\/4173","targetHints":{"allow":["GET"]}}],"collection":[{"href":"https:\/\/bimba.sn\/index.php?rest_route=\/wp\/v2\/product"}],"about":[{"href":"https:\/\/bimba.sn\/index.php?rest_route=\/wp\/v2\/types\/product"}],"replies":[{"embeddable":true,"href":"https:\/\/bimba.sn\/index.php?rest_route=%2Fwp%2Fv2%2Fcomments&post=4173"}],"wp:featuredmedia":[{"embeddable":true,"href":"https:\/\/bimba.sn\/index.php?rest_route=\/wp\/v2\/media\/4172"}],"wp:attachment":[{"href":"https:\/\/bimba.sn\/index.php?rest_route=%2Fwp%2Fv2%2Fmedia&parent=4173"}],"wp:term":[{"taxonomy":"store","embeddable":true,"href":"https:\/\/bimba.sn\/index.php?rest_route=%2Fwp%2Fv2%2Fstore&post=4173"},{"taxonomy":"product_brand","embeddable":true,"href":"https:\/\/bimba.sn\/index.php?rest_route=%2Fwp%2Fv2%2Fproduct_brand&post=4173"},{"taxonomy":"product_cat","embeddable":true,"href":"https:\/\/bimba.sn\/index.php?rest_route=%2Fwp%2Fv2%2Fproduct_cat&post=4173"},{"taxonomy":"product_tag","embeddable":true,"href":"https:\/\/bimba.sn\/index.php?rest_route=%2Fwp%2Fv2%2Fproduct_tag&post=4173"}],"curies":[{"name":"wp","href":"https:\/\/api.w.org\/{rel}","templated":true}]}}