{"id":4153,"date":"2025-05-23T00:52:55","date_gmt":"2025-05-22T22:52:55","guid":{"rendered":"https:\/\/bimba.sn\/?product=congelateur-horizontal-astech-ch600gm-600l-avec-vitre"},"modified":"2025-05-23T00:52:55","modified_gmt":"2025-05-22T22:52:55","slug":"congelateur-horizontal-astech-ch600gm-600l-avec-vitre","status":"publish","type":"product","link":"https:\/\/bimba.sn\/?product=congelateur-horizontal-astech-ch600gm-600l-avec-vitre","title":{"rendered":"CONGELATEUR HORIZONTAL ASTECH CH600GM 600L AVEC VITRE"},"content":{"rendered":"<ul data-start=\"126\" data-end=\"1352\">\n<li data-start=\"126\" data-end=\"147\">\n<p data-start=\"128\" data-end=\"147\" style=\"margin-top: 0px;margin-bottom: 1rem\"><span data-start=\"128\" data-end=\"138\">Marque<\/span>\u00a0: Astech<\/p>\n<\/li>\n<li data-start=\"148\" data-end=\"171\">\n<p data-start=\"150\" data-end=\"171\" style=\"margin-top: 0px;margin-bottom: 1rem\"><span data-start=\"150\" data-end=\"160\">Mod\u00e8le<\/span>\u00a0: CH-600GM<\/p>\n<\/li>\n<li data-start=\"172\" data-end=\"218\">\n<p data-start=\"174\" data-end=\"218\" style=\"margin-top: 0px;margin-bottom: 1rem\"><span data-start=\"174\" data-end=\"193\">Type de produit<\/span>\u00a0: Cong\u00e9lateur horizontal<\/p>\n<\/li>\n<li data-start=\"219\" data-end=\"360\">\n<p data-start=\"221\" data-end=\"360\" style=\"margin-top: 0px;margin-bottom: 1rem\"><span data-start=\"221\" data-end=\"251\">Double protection en verre<\/span>\u00a0: Oui (couvercles en verre pour une meilleure visibilit\u00e9 du contenu tout en assurant une isolation optimale)<\/p>\n<\/li>\n<li data-start=\"361\" data-end=\"522\">\n<p data-start=\"363\" data-end=\"522\" style=\"margin-top: 0px;margin-bottom: 1rem\"><span data-start=\"363\" data-end=\"391\">Int\u00e9rieur avec 3 paniers<\/span>\u00a0: Oui (pratique pour organiser les produits congel\u00e9s, permettant un acc\u00e8s facile aux articles plus petits ou fr\u00e9quemment utilis\u00e9s)<\/p>\n<\/li>\n<li data-start=\"523\" data-end=\"679\">\n<p data-start=\"525\" data-end=\"679\" style=\"margin-top: 0px;margin-bottom: 1rem\"><span data-start=\"525\" data-end=\"547\">Verrouillage \u00e0 cl\u00e9<\/span>\u00a0: Oui (pour s\u00e9curiser l\u2019acc\u00e8s, ce qui est particuli\u00e8rement utile dans des environnements commerciaux ou familiaux avec des enfants)<\/p>\n<\/li>\n<li data-start=\"680\" data-end=\"837\">\n<p data-start=\"682\" data-end=\"837\" style=\"margin-top: 0px;margin-bottom: 1rem\"><span data-start=\"682\" data-end=\"704\">Classe \u00e9nerg\u00e9tique<\/span>\u00a0: A+++ (bonne performance \u00e9nerg\u00e9tique, permettant des \u00e9conomies sur la consommation \u00e9lectrique tout en offrant une cong\u00e9lation fiable)<\/p>\n<\/li>\n<li data-start=\"838\" data-end=\"935\">\n<p data-start=\"840\" data-end=\"935\" style=\"margin-top: 0px;margin-bottom: 1rem\"><span data-start=\"840\" data-end=\"854\">Thermostat<\/span>\u00a0: Oui (permet de r\u00e9gler pr\u00e9cis\u00e9ment la temp\u00e9rature \u00e0 l\u2019int\u00e9rieur du cong\u00e9lateur)<\/p>\n<\/li>\n<li data-start=\"936\" data-end=\"1087\">\n<p data-start=\"938\" data-end=\"1087\" style=\"margin-top: 0px;margin-bottom: 1rem\"><span data-start=\"938\" data-end=\"965\">Ventilation d\u2019ext\u00e9rieur<\/span>\u00a0: Oui (favorise une meilleure dissipation de la chaleur, permettant une performance optimale et prolong\u00e9e du cong\u00e9lateur)<\/p>\n<\/li>\n<li data-start=\"1088\" data-end=\"1251\">\n<p data-start=\"1090\" data-end=\"1251\" style=\"margin-top: 0px;margin-bottom: 1rem\"><span data-start=\"1090\" data-end=\"1109\">Capacit\u00e9 totale<\/span>\u00a0: 600 Litres (une grande capacit\u00e9 id\u00e9ale pour les familles nombreuses, les restaurants, ou les entreprises n\u00e9cessitant un stockage important)<\/p>\n<\/li>\n<li data-start=\"1252\" data-end=\"1349\">\n<p data-start=\"1254\" data-end=\"1349\" style=\"margin-top: 0px;margin-bottom: 1rem\"><span data-start=\"1254\" data-end=\"1265\">Couleur<\/span>\u00a0: Gris (design sobre et moderne, s\u2019int\u00e9grant facilement dans divers environnements)<\/p>\n<\/li>\n<\/ul>\n<p><br class=\"Apple-interchange-newline\"><\/p>\n","protected":false},"excerpt":{"rendered":"<p><br data-mce-bogus=\"1\"><\/p>\n","protected":false},"featured_media":4152,"comment_status":"open","ping_status":"closed","template":"","meta":{"_gspb_post_css":""},"store":[],"product_brand":[],"product_cat":[251],"product_tag":[],"class_list":{"0":"post-4153","1":"product","2":"type-product","3":"status-publish","4":"has-post-thumbnail","6":"product_cat-congelateur","8":"first","9":"instock","10":"sale","11":"shipping-taxable","12":"purchasable","13":"product-type-simple"},"_links":{"self":[{"href":"https:\/\/bimba.sn\/index.php?rest_route=\/wp\/v2\/product\/4153","targetHints":{"allow":["GET"]}}],"collection":[{"href":"https:\/\/bimba.sn\/index.php?rest_route=\/wp\/v2\/product"}],"about":[{"href":"https:\/\/bimba.sn\/index.php?rest_route=\/wp\/v2\/types\/product"}],"replies":[{"embeddable":true,"href":"https:\/\/bimba.sn\/index.php?rest_route=%2Fwp%2Fv2%2Fcomments&post=4153"}],"wp:featuredmedia":[{"embeddable":true,"href":"https:\/\/bimba.sn\/index.php?rest_route=\/wp\/v2\/media\/4152"}],"wp:attachment":[{"href":"https:\/\/bimba.sn\/index.php?rest_route=%2Fwp%2Fv2%2Fmedia&parent=4153"}],"wp:term":[{"taxonomy":"store","embeddable":true,"href":"https:\/\/bimba.sn\/index.php?rest_route=%2Fwp%2Fv2%2Fstore&post=4153"},{"taxonomy":"product_brand","embeddable":true,"href":"https:\/\/bimba.sn\/index.php?rest_route=%2Fwp%2Fv2%2Fproduct_brand&post=4153"},{"taxonomy":"product_cat","embeddable":true,"href":"https:\/\/bimba.sn\/index.php?rest_route=%2Fwp%2Fv2%2Fproduct_cat&post=4153"},{"taxonomy":"product_tag","embeddable":true,"href":"https:\/\/bimba.sn\/index.php?rest_route=%2Fwp%2Fv2%2Fproduct_tag&post=4153"}],"curies":[{"name":"wp","href":"https:\/\/api.w.org\/{rel}","templated":true}]}}