{"id":4139,"date":"2025-05-22T23:49:49","date_gmt":"2025-05-22T21:49:49","guid":{"rendered":"https:\/\/bimba.sn\/?product=fontaine-astech-fnt-99xd-am-porte-bouteille-porte-gobelet"},"modified":"2025-05-22T23:49:50","modified_gmt":"2025-05-22T21:49:50","slug":"fontaine-astech-fnt-99xd-am-porte-bouteille-porte-gobelet","status":"publish","type":"product","link":"https:\/\/bimba.sn\/?product=fontaine-astech-fnt-99xd-am-porte-bouteille-porte-gobelet","title":{"rendered":"FONTAINE ASTECH FNT-99XD-AM + PORTE BOUTEILLE + PORTE GOBELET"},"content":{"rendered":"<p><br data-mce-bogus=\"1\"><\/p>\n","protected":false},"excerpt":{"rendered":"<div class=\"woocommerce-tabs wc-tabs-wrapper\" style=\"clear: both;padding-top: 100px\">\n<div class=\"woocommerce-Tabs-panel woocommerce-Tabs-panel--description panel entry-content wc-tab\" id=\"tab-description\" role=\"tabpanel\" aria-labelledby=\"tab-title-description\" style=\"margin: 0px 0px 2em;padding: 0px\">\n<p style=\"margin: 15px 0px;line-height: 1.66em\">o obeMarque :Astech<br \/>Type de produit :Fontaine \u00e0 eau<br \/>Mod\u00e8le :FNT-99XD-AM<br \/>Caract\u00e9ristique : eau froide ,eau ti\u00e8de et eau chaude (avec s\u00e9curit\u00e9 )<br \/>Hauteur :108cm<br \/>Avec porte bouteille et rangement de tasse<\/p>\n<\/div>\n<\/div>\n<section class=\"related products\" style=\"margin-top: 130px\"><br class=\"Apple-interchange-newline\"><\/section>\n","protected":false},"featured_media":4138,"comment_status":"open","ping_status":"closed","template":"","meta":{"_gspb_post_css":""},"store":[],"product_brand":[],"product_cat":[198],"product_tag":[],"class_list":{"0":"post-4139","1":"product","2":"type-product","3":"status-publish","4":"has-post-thumbnail","6":"product_cat-electromenager","8":"first","9":"instock","10":"sale","11":"shipping-taxable","12":"purchasable","13":"product-type-simple"},"_links":{"self":[{"href":"https:\/\/bimba.sn\/index.php?rest_route=\/wp\/v2\/product\/4139","targetHints":{"allow":["GET"]}}],"collection":[{"href":"https:\/\/bimba.sn\/index.php?rest_route=\/wp\/v2\/product"}],"about":[{"href":"https:\/\/bimba.sn\/index.php?rest_route=\/wp\/v2\/types\/product"}],"replies":[{"embeddable":true,"href":"https:\/\/bimba.sn\/index.php?rest_route=%2Fwp%2Fv2%2Fcomments&post=4139"}],"wp:featuredmedia":[{"embeddable":true,"href":"https:\/\/bimba.sn\/index.php?rest_route=\/wp\/v2\/media\/4138"}],"wp:attachment":[{"href":"https:\/\/bimba.sn\/index.php?rest_route=%2Fwp%2Fv2%2Fmedia&parent=4139"}],"wp:term":[{"taxonomy":"store","embeddable":true,"href":"https:\/\/bimba.sn\/index.php?rest_route=%2Fwp%2Fv2%2Fstore&post=4139"},{"taxonomy":"product_brand","embeddable":true,"href":"https:\/\/bimba.sn\/index.php?rest_route=%2Fwp%2Fv2%2Fproduct_brand&post=4139"},{"taxonomy":"product_cat","embeddable":true,"href":"https:\/\/bimba.sn\/index.php?rest_route=%2Fwp%2Fv2%2Fproduct_cat&post=4139"},{"taxonomy":"product_tag","embeddable":true,"href":"https:\/\/bimba.sn\/index.php?rest_route=%2Fwp%2Fv2%2Fproduct_tag&post=4139"}],"curies":[{"name":"wp","href":"https:\/\/api.w.org\/{rel}","templated":true}]}}