{"id":4114,"date":"2025-05-22T22:37:39","date_gmt":"2025-05-22T20:37:39","guid":{"rendered":"https:\/\/bimba.sn\/?product=machine-a-laver-astech-mlv80b-n8inv-lc-8kg-inverter"},"modified":"2025-05-22T22:37:39","modified_gmt":"2025-05-22T20:37:39","slug":"machine-a-laver-astech-mlv80b-n8inv-lc-8kg-inverter","status":"publish","type":"product","link":"https:\/\/bimba.sn\/?product=machine-a-laver-astech-mlv80b-n8inv-lc-8kg-inverter","title":{"rendered":"MACHINE A LAVER ASTECH MLV80B-N8INV-LC 8KG INVERTER"},"content":{"rendered":"<p><br data-mce-bogus=\"1\"><\/p>\n","protected":false},"excerpt":{"rendered":"<p><span style=\"font-family: Roboto, sans-serif\">Marque ASTECH<\/span><br style=\"font-family: Roboto, sans-serif\"><span style=\"font-family: Roboto, sans-serif\">Capacit\u00e9 8kg<\/span><br style=\"font-family: Roboto, sans-serif\"><span style=\"font-family: Roboto, sans-serif\">Classe A+++<\/span><br style=\"font-family: Roboto, sans-serif\"><span style=\"font-family: Roboto, sans-serif\">Moteur Inverter<\/span><br style=\"font-family: Roboto, sans-serif\"><span style=\"font-family: Roboto, sans-serif\">Couleur Gris<\/span><br style=\"font-family: Roboto, sans-serif\"><span style=\"font-family: Roboto, sans-serif\">Long 84cm Largeur 60cm Profondeur 43cm<\/span><br style=\"font-family: Roboto, sans-serif\"><span style=\"font-family: Roboto, sans-serif\">Rin\u00e7age 1400 tour 16 programmes<\/span><br style=\"font-family: Roboto, sans-serif\"><span style=\"font-family: Roboto, sans-serif\">D\u00e9part diff\u00e9r\u00e9<\/span><br data-mce-bogus=\"1\"><\/p>\n","protected":false},"featured_media":4113,"comment_status":"open","ping_status":"closed","template":"","meta":{"_gspb_post_css":""},"store":[],"product_brand":[],"product_cat":[253],"product_tag":[],"class_list":{"0":"post-4114","1":"product","2":"type-product","3":"status-publish","4":"has-post-thumbnail","6":"product_cat-laveusesecheuse","8":"first","9":"instock","10":"sale","11":"shipping-taxable","12":"purchasable","13":"product-type-simple"},"_links":{"self":[{"href":"https:\/\/bimba.sn\/index.php?rest_route=\/wp\/v2\/product\/4114","targetHints":{"allow":["GET"]}}],"collection":[{"href":"https:\/\/bimba.sn\/index.php?rest_route=\/wp\/v2\/product"}],"about":[{"href":"https:\/\/bimba.sn\/index.php?rest_route=\/wp\/v2\/types\/product"}],"replies":[{"embeddable":true,"href":"https:\/\/bimba.sn\/index.php?rest_route=%2Fwp%2Fv2%2Fcomments&post=4114"}],"wp:featuredmedia":[{"embeddable":true,"href":"https:\/\/bimba.sn\/index.php?rest_route=\/wp\/v2\/media\/4113"}],"wp:attachment":[{"href":"https:\/\/bimba.sn\/index.php?rest_route=%2Fwp%2Fv2%2Fmedia&parent=4114"}],"wp:term":[{"taxonomy":"store","embeddable":true,"href":"https:\/\/bimba.sn\/index.php?rest_route=%2Fwp%2Fv2%2Fstore&post=4114"},{"taxonomy":"product_brand","embeddable":true,"href":"https:\/\/bimba.sn\/index.php?rest_route=%2Fwp%2Fv2%2Fproduct_brand&post=4114"},{"taxonomy":"product_cat","embeddable":true,"href":"https:\/\/bimba.sn\/index.php?rest_route=%2Fwp%2Fv2%2Fproduct_cat&post=4114"},{"taxonomy":"product_tag","embeddable":true,"href":"https:\/\/bimba.sn\/index.php?rest_route=%2Fwp%2Fv2%2Fproduct_tag&post=4114"}],"curies":[{"name":"wp","href":"https:\/\/api.w.org\/{rel}","templated":true}]}}