{"id":4112,"date":"2025-05-22T22:32:01","date_gmt":"2025-05-22T20:32:01","guid":{"rendered":"https:\/\/bimba.sn\/?product=machine-a-laver-astech-mlv70b-n7inv-lc-7kg-inverter"},"modified":"2025-05-22T22:32:01","modified_gmt":"2025-05-22T20:32:01","slug":"machine-a-laver-astech-mlv70b-n7inv-lc-7kg-inverter","status":"publish","type":"product","link":"https:\/\/bimba.sn\/?product=machine-a-laver-astech-mlv70b-n7inv-lc-7kg-inverter","title":{"rendered":"MACHINE A LAVER ASTECH MLV70B-N7INV-LC 7KG INVERTER"},"content":{"rendered":"<p><br data-mce-bogus=\"1\"><\/p>\n","protected":false},"excerpt":{"rendered":"<div class=\"woocommerce-tabs wc-tabs-wrapper\" style=\"clear: both;padding-top: 100px\">\n<div class=\"woocommerce-Tabs-panel woocommerce-Tabs-panel--description panel entry-content wc-tab\" id=\"tab-description\" role=\"tabpanel\" aria-labelledby=\"tab-title-description\" style=\"margin: 0px 0px 2em;padding: 0px\">\n<p style=\"margin: 15px 0px;line-height: 1.66em\">Marque ASTECH<br \/>Capacit\u00e9 7kg<br \/>Classe A+++<br \/>Moteur Inverter<br \/>Couleur Gris<br \/>Rin\u00e7age 1400 tour 16 programmes<br \/>D\u00e9part diff\u00e9r\u00e9<\/p>\n<\/div>\n<\/div>\n<section class=\"related products\" style=\"margin-top: 130px\"><br class=\"Apple-interchange-newline\"><\/section>\n","protected":false},"featured_media":4111,"comment_status":"open","ping_status":"closed","template":"","meta":{"_gspb_post_css":""},"store":[],"product_brand":[],"product_cat":[253],"product_tag":[],"class_list":{"0":"post-4112","1":"product","2":"type-product","3":"status-publish","4":"has-post-thumbnail","6":"product_cat-laveusesecheuse","8":"first","9":"instock","10":"sale","11":"shipping-taxable","12":"purchasable","13":"product-type-simple"},"_links":{"self":[{"href":"https:\/\/bimba.sn\/index.php?rest_route=\/wp\/v2\/product\/4112","targetHints":{"allow":["GET"]}}],"collection":[{"href":"https:\/\/bimba.sn\/index.php?rest_route=\/wp\/v2\/product"}],"about":[{"href":"https:\/\/bimba.sn\/index.php?rest_route=\/wp\/v2\/types\/product"}],"replies":[{"embeddable":true,"href":"https:\/\/bimba.sn\/index.php?rest_route=%2Fwp%2Fv2%2Fcomments&post=4112"}],"wp:featuredmedia":[{"embeddable":true,"href":"https:\/\/bimba.sn\/index.php?rest_route=\/wp\/v2\/media\/4111"}],"wp:attachment":[{"href":"https:\/\/bimba.sn\/index.php?rest_route=%2Fwp%2Fv2%2Fmedia&parent=4112"}],"wp:term":[{"taxonomy":"store","embeddable":true,"href":"https:\/\/bimba.sn\/index.php?rest_route=%2Fwp%2Fv2%2Fstore&post=4112"},{"taxonomy":"product_brand","embeddable":true,"href":"https:\/\/bimba.sn\/index.php?rest_route=%2Fwp%2Fv2%2Fproduct_brand&post=4112"},{"taxonomy":"product_cat","embeddable":true,"href":"https:\/\/bimba.sn\/index.php?rest_route=%2Fwp%2Fv2%2Fproduct_cat&post=4112"},{"taxonomy":"product_tag","embeddable":true,"href":"https:\/\/bimba.sn\/index.php?rest_route=%2Fwp%2Fv2%2Fproduct_tag&post=4112"}],"curies":[{"name":"wp","href":"https:\/\/api.w.org\/{rel}","templated":true}]}}