{"id":4064,"date":"2025-05-22T18:44:55","date_gmt":"2025-05-22T16:44:55","guid":{"rendered":"https:\/\/bimba.sn\/?product=130w-chargeur-dell-usb-c-20v-6-5a"},"modified":"2025-05-22T18:44:55","modified_gmt":"2025-05-22T16:44:55","slug":"130w-chargeur-dell-usb-c-20v-6-5a","status":"publish","type":"product","link":"https:\/\/bimba.sn\/?product=130w-chargeur-dell-usb-c-20v-6-5a","title":{"rendered":"130W Chargeur Dell USB C 20V 6.5A"},"content":{"rendered":"<ul class=\"a-unordered-list a-vertical a-spacing-mini\">\n<li class=\"a-spacing-mini\" style=\"margin: 0px\"><span class=\"a-list-item\">Dell 130W Chargeur d&rsquo;ordinateur portable USB C Tension d&rsquo;entr\u00e9e: 100\u2013240 V, 50\u201360 Hz, sortie: 5 v \/ 9 v \/ 15 v \/ 20 V-1 A \/ 6,5 A 130 W, Taille de la connexion: type USB C<\/span><\/li>\n<li class=\"a-spacing-mini\" style=\"margin: 0px\"><span class=\"a-list-item\">Chargeur 130W compatible DELL XPS 15 9575 2-in-1 XPS 15 9500 17 9700 Latitude 7410 7310 7210 9410 5420 5520 5320 5411 5510 5511 5310 5410 Precision 55 50 5750 3560 3550 3551 Pr\u00e4zision 5530 2 in 1 .Ersatz-Laptop Dell XPS 15 9575 2-in-1 4K-Touchscreen, Modell: XPS9575-7354BLK-PUS<\/span><\/li>\n<li class=\"a-spacing-mini\" style=\"margin: 0px\"><span class=\"a-list-item\">\u3010Compatible avec Dell P \/ N\u3011 T4V18 0K00F5 M0H25 M0H25 7MP1P 450-AHOM DA130PM170 HA130PM170 0TK33 0Y2XGV<\/span><\/li>\n<li class=\"a-spacing-mini\" style=\"margin: 0px\"><span class=\"a-list-item\">130W Alimentation USB C pour ordinateur portable est fabriqu\u00e9e avec du fil de cuivre de haute qualit\u00e9 et \u00e9quip\u00e9e de la derni\u00e8re puce super intelligente, qui peut fournir le meilleur courant de charge pour votre appareil par technologie de d\u00e9tection automatique tout en garantissant une charge rapide. Construit &#8211; Dans plusieurs m\u00e9canismes de s\u00e9curit\u00e9 pour prot\u00e9ger leurs appareils avant le court-circuit, le d\u00e9bordement, la surtension et la surchauffe<\/span><\/li>\n<\/ul>\n","protected":false},"excerpt":{"rendered":"<p><br data-mce-bogus=\"1\"><\/p>\n","protected":false},"featured_media":4062,"comment_status":"open","ping_status":"closed","template":"","meta":{"_gspb_post_css":""},"store":[],"product_brand":[],"product_cat":[268,237],"product_tag":[],"class_list":{"0":"post-4064","1":"product","2":"type-product","3":"status-publish","4":"has-post-thumbnail","6":"product_cat-accessoirespourordinateurportable","7":"product_cat-batterieschargeursaccessoires","9":"first","10":"instock","11":"shipping-taxable","12":"purchasable","13":"product-type-simple"},"_links":{"self":[{"href":"https:\/\/bimba.sn\/index.php?rest_route=\/wp\/v2\/product\/4064","targetHints":{"allow":["GET"]}}],"collection":[{"href":"https:\/\/bimba.sn\/index.php?rest_route=\/wp\/v2\/product"}],"about":[{"href":"https:\/\/bimba.sn\/index.php?rest_route=\/wp\/v2\/types\/product"}],"replies":[{"embeddable":true,"href":"https:\/\/bimba.sn\/index.php?rest_route=%2Fwp%2Fv2%2Fcomments&post=4064"}],"wp:featuredmedia":[{"embeddable":true,"href":"https:\/\/bimba.sn\/index.php?rest_route=\/wp\/v2\/media\/4062"}],"wp:attachment":[{"href":"https:\/\/bimba.sn\/index.php?rest_route=%2Fwp%2Fv2%2Fmedia&parent=4064"}],"wp:term":[{"taxonomy":"store","embeddable":true,"href":"https:\/\/bimba.sn\/index.php?rest_route=%2Fwp%2Fv2%2Fstore&post=4064"},{"taxonomy":"product_brand","embeddable":true,"href":"https:\/\/bimba.sn\/index.php?rest_route=%2Fwp%2Fv2%2Fproduct_brand&post=4064"},{"taxonomy":"product_cat","embeddable":true,"href":"https:\/\/bimba.sn\/index.php?rest_route=%2Fwp%2Fv2%2Fproduct_cat&post=4064"},{"taxonomy":"product_tag","embeddable":true,"href":"https:\/\/bimba.sn\/index.php?rest_route=%2Fwp%2Fv2%2Fproduct_tag&post=4064"}],"curies":[{"name":"wp","href":"https:\/\/api.w.org\/{rel}","templated":true}]}}