{"id":4012,"date":"2025-05-22T17:47:17","date_gmt":"2025-05-22T15:47:17","guid":{"rendered":"https:\/\/bimba.sn\/?product=split-astech-12pon-12000btu-portable-1-5cv"},"modified":"2025-05-22T17:47:17","modified_gmt":"2025-05-22T15:47:17","slug":"split-astech-12pon-12000btu-portable-1-5cv","status":"publish","type":"product","link":"https:\/\/bimba.sn\/?product=split-astech-12pon-12000btu-portable-1-5cv","title":{"rendered":"SPLIT ASTECH 12PON 12000BTU PORTABLE 1.5CV"},"content":{"rendered":"<p><br data-mce-bogus=\"1\"><\/p>\n","protected":false},"excerpt":{"rendered":"<p><span>Climatiseur Portable 1.5 CV Astech Split mobile 12000 BTU Filtre anti-poussi\u00e8re, charbon actif, argent nono, filtre cat\u00e9chine, bact\u00e9rie acaro et ion ionique Red\u00e9marrage automatique, filtre catalytique Turbo Mode Turbo Mode veille Temp.<\/span><br data-mce-bogus=\"1\"><\/p>\n","protected":false},"featured_media":4011,"comment_status":"open","ping_status":"closed","template":"","meta":{"_gspb_post_css":""},"store":[],"product_brand":[],"product_cat":[264],"product_tag":[],"class_list":{"0":"post-4012","1":"product","2":"type-product","3":"status-publish","4":"has-post-thumbnail","6":"product_cat-qualitedelairetappareilssaisonniers","8":"first","9":"instock","10":"sale","11":"shipping-taxable","12":"purchasable","13":"product-type-simple"},"_links":{"self":[{"href":"https:\/\/bimba.sn\/index.php?rest_route=\/wp\/v2\/product\/4012","targetHints":{"allow":["GET"]}}],"collection":[{"href":"https:\/\/bimba.sn\/index.php?rest_route=\/wp\/v2\/product"}],"about":[{"href":"https:\/\/bimba.sn\/index.php?rest_route=\/wp\/v2\/types\/product"}],"replies":[{"embeddable":true,"href":"https:\/\/bimba.sn\/index.php?rest_route=%2Fwp%2Fv2%2Fcomments&post=4012"}],"wp:featuredmedia":[{"embeddable":true,"href":"https:\/\/bimba.sn\/index.php?rest_route=\/wp\/v2\/media\/4011"}],"wp:attachment":[{"href":"https:\/\/bimba.sn\/index.php?rest_route=%2Fwp%2Fv2%2Fmedia&parent=4012"}],"wp:term":[{"taxonomy":"store","embeddable":true,"href":"https:\/\/bimba.sn\/index.php?rest_route=%2Fwp%2Fv2%2Fstore&post=4012"},{"taxonomy":"product_brand","embeddable":true,"href":"https:\/\/bimba.sn\/index.php?rest_route=%2Fwp%2Fv2%2Fproduct_brand&post=4012"},{"taxonomy":"product_cat","embeddable":true,"href":"https:\/\/bimba.sn\/index.php?rest_route=%2Fwp%2Fv2%2Fproduct_cat&post=4012"},{"taxonomy":"product_tag","embeddable":true,"href":"https:\/\/bimba.sn\/index.php?rest_route=%2Fwp%2Fv2%2Fproduct_tag&post=4012"}],"curies":[{"name":"wp","href":"https:\/\/api.w.org\/{rel}","templated":true}]}}