{"id":4008,"date":"2025-05-22T17:36:08","date_gmt":"2025-05-22T15:36:08","guid":{"rendered":"https:\/\/bimba.sn\/?product=split-astech-18vtf111-18000btu-inverter-gaz-410-2cv"},"modified":"2025-05-22T17:36:08","modified_gmt":"2025-05-22T15:36:08","slug":"split-astech-18vtf111-18000btu-inverter-gaz-410-2cv","status":"publish","type":"product","link":"https:\/\/bimba.sn\/?product=split-astech-18vtf111-18000btu-inverter-gaz-410-2cv","title":{"rendered":"SPLIT ASTECH 18VTF111 18000BTU INVERTER GAZ 410 2CV"},"content":{"rendered":"<p><br data-mce-bogus=\"1\"><\/p>\n","protected":false},"excerpt":{"rendered":"<p><span>SPLIT ASTECH 18000BTU INVERTER WIFI 2CV<\/span><br \/><span>18VTF111<\/span><br \/><span>SPLIT ASTECH 18000BTU INVERTER WIFI 2CV<\/span><br \/><span>18VTF111 Con\u00e7u pour offrir un confort optimal, ce climatiseur combine des fonctionnalit\u00e9s avanc\u00e9es avec une performance de pointe.<\/span><br \/><span>Dot\u00e9 de la technologie Inverter<\/span><br data-mce-bogus=\"1\"><\/p>\n","protected":false},"featured_media":4007,"comment_status":"open","ping_status":"closed","template":"","meta":{"_gspb_post_css":""},"store":[],"product_brand":[],"product_cat":[264],"product_tag":[],"class_list":{"0":"post-4008","1":"product","2":"type-product","3":"status-publish","4":"has-post-thumbnail","6":"product_cat-qualitedelairetappareilssaisonniers","8":"first","9":"instock","10":"sale","11":"shipping-taxable","12":"purchasable","13":"product-type-simple"},"_links":{"self":[{"href":"https:\/\/bimba.sn\/index.php?rest_route=\/wp\/v2\/product\/4008","targetHints":{"allow":["GET"]}}],"collection":[{"href":"https:\/\/bimba.sn\/index.php?rest_route=\/wp\/v2\/product"}],"about":[{"href":"https:\/\/bimba.sn\/index.php?rest_route=\/wp\/v2\/types\/product"}],"replies":[{"embeddable":true,"href":"https:\/\/bimba.sn\/index.php?rest_route=%2Fwp%2Fv2%2Fcomments&post=4008"}],"wp:featuredmedia":[{"embeddable":true,"href":"https:\/\/bimba.sn\/index.php?rest_route=\/wp\/v2\/media\/4007"}],"wp:attachment":[{"href":"https:\/\/bimba.sn\/index.php?rest_route=%2Fwp%2Fv2%2Fmedia&parent=4008"}],"wp:term":[{"taxonomy":"store","embeddable":true,"href":"https:\/\/bimba.sn\/index.php?rest_route=%2Fwp%2Fv2%2Fstore&post=4008"},{"taxonomy":"product_brand","embeddable":true,"href":"https:\/\/bimba.sn\/index.php?rest_route=%2Fwp%2Fv2%2Fproduct_brand&post=4008"},{"taxonomy":"product_cat","embeddable":true,"href":"https:\/\/bimba.sn\/index.php?rest_route=%2Fwp%2Fv2%2Fproduct_cat&post=4008"},{"taxonomy":"product_tag","embeddable":true,"href":"https:\/\/bimba.sn\/index.php?rest_route=%2Fwp%2Fv2%2Fproduct_tag&post=4008"}],"curies":[{"name":"wp","href":"https:\/\/api.w.org\/{rel}","templated":true}]}}