{"id":3936,"date":"2025-05-20T20:02:07","date_gmt":"2025-05-20T18:02:07","guid":{"rendered":"https:\/\/bimba.sn\/?product=ro04-ro04xl-batterie-pour-hp-probook-430-g3-440-g3"},"modified":"2025-05-20T20:02:07","modified_gmt":"2025-05-20T18:02:07","slug":"ro04-ro04xl-batterie-pour-hp-probook-430-g3-440-g3","status":"publish","type":"product","link":"https:\/\/bimba.sn\/?product=ro04-ro04xl-batterie-pour-hp-probook-430-g3-440-g3","title":{"rendered":"RO04 RO04XL Batterie pour HP ProBook 430 G3 440 G3"},"content":{"rendered":"<ul class=\"a-unordered-list a-vertical a-spacing-mini\">\n<li class=\"a-spacing-mini\" style=\"margin: 0px\"><span class=\"a-list-item\">14,8V 2200mAh 32Wh 4 Cellules Li-ion Rechargeable Batterie ordinateur portable pour HP ProBook 430 G3 \/ 440 G3 \/ 446 G3 PC Notebook.<\/span><\/li>\n<li class=\"a-spacing-mini\" style=\"margin: 0px\"><span class=\"a-list-item\">pour HP Spare 805292-001 811347-001 805045-851<\/span><\/li>\n<li class=\"a-spacing-mini\" style=\"margin: 0px\"><span class=\"a-list-item\">Kompatibilit\u00e4t mit urspr\u00fcnglicher Akku: RO04 RO04XL R0O4 RO04044-CL RO06XL RO06055XL-CL HSTNN-PB6P HSTNN-LB7A HSTNN-DB7A HSTNN-Q98C HSTNN-Q96C P3G13AA<\/span><\/li>\n<li class=\"a-spacing-mini\" style=\"margin: 0px\"><span class=\"a-list-item\">Es wurden nicht alle kompatiblen Laptop Modelle aufgelistet. \u00d6ffnen Sie bitte die R\u00fcckseite Ihres Laptops und w\u00e4hlen Sie entsprechend dem Originalakku Ihres Laptops das richtige Akkumodell aus.<\/span><\/li>\n<li class=\"a-spacing-mini\" style=\"margin: 0px\"><span class=\"a-list-item\">S&rsquo;il y a un probl\u00e8me avec la batterie que vous avez re\u00e7ue, veuillez nous contacter imm\u00e9diatement avec le probl\u00e8me, le num\u00e9ro de mod\u00e8le d\u00e9taill\u00e9 de l&rsquo;ordinateur portable. S&rsquo;il vous pla\u00eet ne laissez pas l&rsquo;examen ou la r\u00e9troaction sans communiquer avec nous. Nous allons r\u00e9soudre le probl\u00e8me dans les 48 heures et la satisfaction garantie.<\/span><\/li>\n<\/ul>\n","protected":false},"excerpt":{"rendered":"<p><br data-mce-bogus=\"1\"><\/p>\n","protected":false},"featured_media":3933,"comment_status":"open","ping_status":"closed","template":"","meta":{"_gspb_post_css":""},"store":[],"product_brand":[],"product_cat":[237,269],"product_tag":[],"class_list":{"0":"post-3936","1":"product","2":"type-product","3":"status-publish","4":"has-post-thumbnail","6":"product_cat-batterieschargeursaccessoires","7":"product_cat-composantspc","9":"first","10":"instock","11":"shipping-taxable","12":"purchasable","13":"product-type-simple"},"_links":{"self":[{"href":"https:\/\/bimba.sn\/index.php?rest_route=\/wp\/v2\/product\/3936","targetHints":{"allow":["GET"]}}],"collection":[{"href":"https:\/\/bimba.sn\/index.php?rest_route=\/wp\/v2\/product"}],"about":[{"href":"https:\/\/bimba.sn\/index.php?rest_route=\/wp\/v2\/types\/product"}],"replies":[{"embeddable":true,"href":"https:\/\/bimba.sn\/index.php?rest_route=%2Fwp%2Fv2%2Fcomments&post=3936"}],"wp:featuredmedia":[{"embeddable":true,"href":"https:\/\/bimba.sn\/index.php?rest_route=\/wp\/v2\/media\/3933"}],"wp:attachment":[{"href":"https:\/\/bimba.sn\/index.php?rest_route=%2Fwp%2Fv2%2Fmedia&parent=3936"}],"wp:term":[{"taxonomy":"store","embeddable":true,"href":"https:\/\/bimba.sn\/index.php?rest_route=%2Fwp%2Fv2%2Fstore&post=3936"},{"taxonomy":"product_brand","embeddable":true,"href":"https:\/\/bimba.sn\/index.php?rest_route=%2Fwp%2Fv2%2Fproduct_brand&post=3936"},{"taxonomy":"product_cat","embeddable":true,"href":"https:\/\/bimba.sn\/index.php?rest_route=%2Fwp%2Fv2%2Fproduct_cat&post=3936"},{"taxonomy":"product_tag","embeddable":true,"href":"https:\/\/bimba.sn\/index.php?rest_route=%2Fwp%2Fv2%2Fproduct_tag&post=3936"}],"curies":[{"name":"wp","href":"https:\/\/api.w.org\/{rel}","templated":true}]}}