{"id":3893,"date":"2025-05-19T12:47:43","date_gmt":"2025-05-19T10:47:43","guid":{"rendered":"https:\/\/bimba.sn\/?product=manette-filaire-usb-xbox-360-et-pc"},"modified":"2025-05-19T12:47:43","modified_gmt":"2025-05-19T10:47:43","slug":"manette-filaire-usb-xbox-360-et-pc","status":"publish","type":"product","link":"https:\/\/bimba.sn\/?product=manette-filaire-usb-xbox-360-et-pc","title":{"rendered":"Manette Filaire USB Xbox 360 et PC"},"content":{"rendered":"<p><br data-mce-bogus=\"1\"><\/p>\n","protected":false},"excerpt":{"rendered":"<div id=\"product-description-short-351\" class=\"product-description-short typo sm-bottom\" style=\"margin-bottom: 20px;font-family: Roboto, sans-serif;font-size: 13px;box-shadow: none !important;border-radius: 0px !important\">\n<p style=\"margin-top: 0px;margin-bottom: 0.625rem;box-shadow: none !important;border-radius: 0px !important\">Type : manettes de jeu.<\/p>\n<p style=\"margin-top: 0px;margin-bottom: 0.625rem;box-shadow: none !important;border-radius: 0px !important\">Mod\u00e8le PC Joystick : t\u00e9l\u00e9commande pour Xbox 360<\/p>\n<p style=\"margin-top: 0px;margin-bottom: 0.625rem;box-shadow: none !important;border-radius: 0px !important\">Pour Microsoft Xbox 360 Game System<\/p>\n<p style=\"margin-top: 0px;margin-bottom: 0.625rem;box-shadow: none !important;border-radius: 0px !important\">Poids net : 256 g.<\/p>\n<p style=\"margin-top: 0px;margin-bottom: 0.625rem;box-shadow: none !important;border-radius: 0px !important\">C\u00e2ble : environ 160 \u00e0 170 cm.<\/p>\n<p style=\"margin-top: 0px;margin-bottom: 0.625rem;box-shadow: none !important;border-radius: 0px !important\">Remarque : fabriqu\u00e9 par une soci\u00e9t\u00e9 tierce et non par Microsoft.<\/p>\n<p style=\"margin-top: 0px;margin-bottom: 0.625rem;box-shadow: none !important;border-radius: 0px !important\">Compatible avec : Xbox 360 &amp; ? Slim, PC avec syst\u00e8me Win7 8 10.<\/p>\n<p style=\"margin-top: 0px;margin-bottom: 0.625rem;box-shadow: none !important;border-radius: 0px !important\">\n<p style=\"margin-top: 0px;margin-bottom: 0.625rem;box-shadow: none !important;border-radius: 0px !important\">Contenu de l&#8217;emballage : 1 contr\u00f4leur filaire pour Xbox 360.<\/p>\n<\/div>\n<div class=\"product-information light-box-bg sm-bottom\" style=\"margin-bottom: 20px;background-image: initial;background-position: initial;background-size: initial;background-repeat: initial;background-attachment: initial;padding: 0.9375rem 26.5px;font-family: Roboto, sans-serif;font-size: 13px;border-radius: 0px !important;box-shadow: none !important\">\n<div class=\"product-actions js-product-actions\" style=\"box-shadow: none !important;border-radius: 0px !important\">\n<div class=\"product-variants js-product-variants\" style=\"box-shadow: none !important;border-radius: 0px !important\">\n<div class=\"product-swatches\" style=\"margin-bottom: 10px;margin-top: 5px;box-shadow: none !important;border-radius: 0px !important\">\n<div class=\"product-swatches-item row\" style=\"flex-wrap: wrap;margin-right: -10px;margin-left: -10px;box-shadow: none !important;border-radius: 0px !important\"><\/div>\n<\/div>\n<\/div>\n<\/div>\n<\/div>\n","protected":false},"featured_media":3889,"comment_status":"open","ping_status":"closed","template":"","meta":{"_gspb_post_css":""},"store":[],"product_brand":[],"product_cat":[268,204],"product_tag":[],"class_list":{"0":"post-3893","1":"product","2":"type-product","3":"status-publish","4":"has-post-thumbnail","6":"product_cat-accessoirespourordinateurportable","7":"product_cat-jeuxvideosconsole","9":"first","10":"instock","11":"shipping-taxable","12":"purchasable","13":"product-type-simple"},"_links":{"self":[{"href":"https:\/\/bimba.sn\/index.php?rest_route=\/wp\/v2\/product\/3893","targetHints":{"allow":["GET"]}}],"collection":[{"href":"https:\/\/bimba.sn\/index.php?rest_route=\/wp\/v2\/product"}],"about":[{"href":"https:\/\/bimba.sn\/index.php?rest_route=\/wp\/v2\/types\/product"}],"replies":[{"embeddable":true,"href":"https:\/\/bimba.sn\/index.php?rest_route=%2Fwp%2Fv2%2Fcomments&post=3893"}],"wp:featuredmedia":[{"embeddable":true,"href":"https:\/\/bimba.sn\/index.php?rest_route=\/wp\/v2\/media\/3889"}],"wp:attachment":[{"href":"https:\/\/bimba.sn\/index.php?rest_route=%2Fwp%2Fv2%2Fmedia&parent=3893"}],"wp:term":[{"taxonomy":"store","embeddable":true,"href":"https:\/\/bimba.sn\/index.php?rest_route=%2Fwp%2Fv2%2Fstore&post=3893"},{"taxonomy":"product_brand","embeddable":true,"href":"https:\/\/bimba.sn\/index.php?rest_route=%2Fwp%2Fv2%2Fproduct_brand&post=3893"},{"taxonomy":"product_cat","embeddable":true,"href":"https:\/\/bimba.sn\/index.php?rest_route=%2Fwp%2Fv2%2Fproduct_cat&post=3893"},{"taxonomy":"product_tag","embeddable":true,"href":"https:\/\/bimba.sn\/index.php?rest_route=%2Fwp%2Fv2%2Fproduct_tag&post=3893"}],"curies":[{"name":"wp","href":"https:\/\/api.w.org\/{rel}","templated":true}]}}