{"id":3843,"date":"2025-05-17T14:31:55","date_gmt":"2025-05-17T12:31:55","guid":{"rendered":"https:\/\/bimba.sn\/?product=casque-de-realite-virtuelle-meta-quest-3s-128-go"},"modified":"2025-05-17T14:31:55","modified_gmt":"2025-05-17T12:31:55","slug":"casque-de-realite-virtuelle-meta-quest-3s-128-go","status":"publish","type":"product","link":"https:\/\/bimba.sn\/?product=casque-de-realite-virtuelle-meta-quest-3s-128-go","title":{"rendered":"Casque de r\u00e9alit\u00e9 virtuelle META Quest 3S 128 Go"},"content":{"rendered":"<p><br data-mce-bogus=\"1\"><\/p>\n","protected":false},"excerpt":{"rendered":"<ul role=\"list\" style=\"margin: 0px;padding: 0px;border: 0px;font-size: 12px;line-height: inherit;font-family: Poppins, Poppins-fallback, Verdana, sans-serif\">\n<li class=\"keypoints__item\" role=\"listitem\" style=\"margin: 0px 0px 0.25rem;padding: 0px 0px 0px 0.8125rem;border: 0px;font: inherit;position: relative\">Compatible avec : Quest 3<\/li>\n<li class=\"keypoints__item\" role=\"listitem\" style=\"margin: 0px 0px 0.25rem;padding: 0px 0px 0px 0.8125rem;border: 0px;font: inherit;position: relative\">Capacit\u00e9 : 128Go<\/li>\n<li class=\"keypoints__item\" role=\"listitem\" style=\"margin: 0px 0px 0.25rem;padding: 0px 0px 0px 0.8125rem;border: 0px;font: inherit;position: relative\">1832 x 1920 pixels par oeil &#8211; Vid\u00e9o 360\u00b0<\/li>\n<li class=\"keypoints__item\" role=\"listitem\" style=\"margin: 0px 0px 0.25rem;padding: 0px 0px 0px 0.8125rem;border: 0px;font: inherit;position: relative\">Champ de vision : 360\u00b0<\/li>\n<li class=\"keypoints__item keypoints__item--advantage\" role=\"listitem\" style=\"margin: 0.5rem 0px 0px;padding: 0px;border: 0px;font: inherit;position: relative\"><span style=\"margin: 0px;padding: 0px;border: 0px;font-style: inherit;font-variant: inherit;font-weight: 700;font-size: inherit;line-height: inherit;font-family: inherit\">Le + :<\/span>\u00a0Profitez d&rsquo;une exp\u00e9rience VR immersive, alliant confort optimal et performances in\u00e9gal\u00e9es<\/li>\n<\/ul>\n","protected":false},"featured_media":3841,"comment_status":"open","ping_status":"closed","template":"","meta":{"_gspb_post_css":""},"store":[],"product_brand":[],"product_cat":[226,234,204],"product_tag":[],"class_list":{"0":"post-3843","1":"product","2":"type-product","3":"status-publish","4":"has-post-thumbnail","6":"product_cat-accessoirehightech","7":"product_cat-accessoireimageetson","8":"product_cat-jeuxvideosconsole","10":"first","11":"instock","12":"shipping-taxable","13":"purchasable","14":"product-type-simple"},"_links":{"self":[{"href":"https:\/\/bimba.sn\/index.php?rest_route=\/wp\/v2\/product\/3843","targetHints":{"allow":["GET"]}}],"collection":[{"href":"https:\/\/bimba.sn\/index.php?rest_route=\/wp\/v2\/product"}],"about":[{"href":"https:\/\/bimba.sn\/index.php?rest_route=\/wp\/v2\/types\/product"}],"replies":[{"embeddable":true,"href":"https:\/\/bimba.sn\/index.php?rest_route=%2Fwp%2Fv2%2Fcomments&post=3843"}],"wp:featuredmedia":[{"embeddable":true,"href":"https:\/\/bimba.sn\/index.php?rest_route=\/wp\/v2\/media\/3841"}],"wp:attachment":[{"href":"https:\/\/bimba.sn\/index.php?rest_route=%2Fwp%2Fv2%2Fmedia&parent=3843"}],"wp:term":[{"taxonomy":"store","embeddable":true,"href":"https:\/\/bimba.sn\/index.php?rest_route=%2Fwp%2Fv2%2Fstore&post=3843"},{"taxonomy":"product_brand","embeddable":true,"href":"https:\/\/bimba.sn\/index.php?rest_route=%2Fwp%2Fv2%2Fproduct_brand&post=3843"},{"taxonomy":"product_cat","embeddable":true,"href":"https:\/\/bimba.sn\/index.php?rest_route=%2Fwp%2Fv2%2Fproduct_cat&post=3843"},{"taxonomy":"product_tag","embeddable":true,"href":"https:\/\/bimba.sn\/index.php?rest_route=%2Fwp%2Fv2%2Fproduct_tag&post=3843"}],"curies":[{"name":"wp","href":"https:\/\/api.w.org\/{rel}","templated":true}]}}