{"id":3833,"date":"2025-05-17T13:05:37","date_gmt":"2025-05-17T11:05:37","guid":{"rendered":"https:\/\/bimba.sn\/?product=destructeur-de-document-rexel-x312-23-litres"},"modified":"2025-05-17T13:05:37","modified_gmt":"2025-05-17T11:05:37","slug":"destructeur-de-document-rexel-x312-23-litres","status":"publish","type":"product","link":"https:\/\/bimba.sn\/?product=destructeur-de-document-rexel-x312-23-litres","title":{"rendered":"DESTRUCTEUR DE DOCUMENT REXEL X312 23 LITRES"},"content":{"rendered":"<p><br data-mce-bogus=\"1\"><\/p>\n","protected":false},"excerpt":{"rendered":"<p class=\"MsoNormal\" style=\"margin-top: 0px;margin-bottom: 1rem;font-size: 14px;line-height: 25px;font-family: Roboto, sans-serif\">D\u00e9truit jusqu\u2019\u00e0 12 feuilles en une fois<\/p>\n<p style=\"margin-top: 0px;margin-bottom: 1rem;font-size: 14px;line-height: 25px;font-family: Roboto, sans-serif\">\n<p class=\"MsoNormal\" style=\"margin-top: 0px;margin-bottom: 1rem;font-size: 14px;line-height: 25px;font-family: Roboto, sans-serif\">\u2022<span>\u00a0\u00a0\u00a0\u00a0\u00a0\u00a0\u00a0\u00a0\u00a0\u00a0\u00a0\u00a0<\/span>Bon niveau de s\u00e9curit\u00e9 : Coupe crois\u00e9e P3 Particules de 5x42mm<\/p>\n<p style=\"margin-top: 0px;margin-bottom: 1rem;font-size: 14px;line-height: 25px;font-family: Roboto, sans-serif\">\n<p class=\"MsoNormal\" style=\"margin-top: 0px;margin-bottom: 1rem;font-size: 14px;line-height: 25px;font-family: Roboto, sans-serif\">\u2022<span>\u00a0\u00a0\u00a0\u00a0\u00a0\u00a0\u00a0\u00a0\u00a0\u00a0\u00a0\u00a0<\/span>Temps de fonctionnement de 6 minutes<\/p>\n<p style=\"margin-top: 0px;margin-bottom: 1rem;font-size: 14px;line-height: 25px;font-family: Roboto, sans-serif\">\n<p class=\"MsoNormal\" style=\"margin-top: 0px;margin-bottom: 1rem;font-size: 14px;line-height: 25px;font-family: Roboto, sans-serif\">\u2022<span>\u00a0\u00a0\u00a0\u00a0\u00a0\u00a0\u00a0\u00a0\u00a0\u00a0\u00a0\u00a0<\/span>Technologie anti-bourrage &#8211; Stoppe le destructeur et ressort automatiquement<\/p>\n<p class=\"MsoNormal\" style=\"margin-top: 0px;margin-bottom: 1rem;font-size: 14px;line-height: 25px;font-family: Roboto, sans-serif\">les feuilles lorsque l&rsquo;on ins\u00e8re trop de papier.<\/p>\n<p style=\"margin-top: 0px;margin-bottom: 1rem;font-size: 14px;line-height: 25px;font-family: Roboto, sans-serif\">\n<p class=\"MsoNormal\" style=\"margin-top: 0px;margin-bottom: 1rem;font-size: 14px;line-height: 25px;font-family: Roboto, sans-serif\">\u2022<span>\u00a0\u00a0\u00a0\u00a0\u00a0\u00a0\u00a0\u00a0\u00a0\u00a0\u00a0\u00a0<\/span>D\u00e9truit facilement tout type de documents avec agrafes et trombonnes<span style=\"font-family: Helvetica, sans-serif\"><\/span><\/p>\n<p style=\"margin-top: 0px;margin-bottom: 1rem;font-size: 14px;line-height: 25px;font-family: Roboto, sans-serif\">\n<p class=\"MsoNormal\" style=\"margin-top: 0px;margin-bottom: 1rem;font-size: 14px;line-height: 25px;font-family: Roboto, sans-serif\">\u2022<span>\u00a0\u00a0\u00a0\u00a0\u00a0\u00a0\u00a0\u00a0\u00a0\u00a0\u00a0\u00a0<\/span>Interface tactile pour une op\u00e9ration simple et intuitive<\/p>\n<p style=\"margin-top: 0px;margin-bottom: 1rem;font-size: 14px;line-height: 25px;font-family: Roboto, sans-serif\">\n<p class=\"MsoNormal\" style=\"margin-top: 0px;margin-bottom: 1rem;font-size: 14px;line-height: 25px;font-family: Roboto, sans-serif\">\u2022<span>\u00a0\u00a0\u00a0\u00a0\u00a0\u00a0\u00a0\u00a0\u00a0\u00a0\u00a0\u00a0<\/span>Large corbeille de 23 litres pouvant contenir jusqu\u2019\u00e0 200 feuilles<\/p>\n<p style=\"margin-top: 0px;margin-bottom: 1rem;font-size: 14px;line-height: 25px;font-family: Roboto, sans-serif\">\n<p class=\"MsoNormal\" style=\"margin-top: 0px;margin-bottom: 1rem;font-size: 14px;line-height: 25px;font-family: Roboto, sans-serif\">\u2022<span>\u00a0\u00a0\u00a0\u00a0\u00a0\u00a0\u00a0\u00a0\u00a0\u00a0\u00a0\u00a0<\/span>Op\u00e9ration ultra silencieuse pour un environnement plus calme<\/p>\n","protected":false},"featured_media":3831,"comment_status":"open","ping_status":"closed","template":"","meta":{"_gspb_post_css":""},"store":[],"product_brand":[],"product_cat":[202],"product_tag":[],"class_list":{"0":"post-3833","1":"product","2":"type-product","3":"status-publish","4":"has-post-thumbnail","6":"product_cat-maison-bureau","8":"first","9":"instock","10":"shipping-taxable","11":"purchasable","12":"product-type-simple"},"_links":{"self":[{"href":"https:\/\/bimba.sn\/index.php?rest_route=\/wp\/v2\/product\/3833","targetHints":{"allow":["GET"]}}],"collection":[{"href":"https:\/\/bimba.sn\/index.php?rest_route=\/wp\/v2\/product"}],"about":[{"href":"https:\/\/bimba.sn\/index.php?rest_route=\/wp\/v2\/types\/product"}],"replies":[{"embeddable":true,"href":"https:\/\/bimba.sn\/index.php?rest_route=%2Fwp%2Fv2%2Fcomments&post=3833"}],"wp:featuredmedia":[{"embeddable":true,"href":"https:\/\/bimba.sn\/index.php?rest_route=\/wp\/v2\/media\/3831"}],"wp:attachment":[{"href":"https:\/\/bimba.sn\/index.php?rest_route=%2Fwp%2Fv2%2Fmedia&parent=3833"}],"wp:term":[{"taxonomy":"store","embeddable":true,"href":"https:\/\/bimba.sn\/index.php?rest_route=%2Fwp%2Fv2%2Fstore&post=3833"},{"taxonomy":"product_brand","embeddable":true,"href":"https:\/\/bimba.sn\/index.php?rest_route=%2Fwp%2Fv2%2Fproduct_brand&post=3833"},{"taxonomy":"product_cat","embeddable":true,"href":"https:\/\/bimba.sn\/index.php?rest_route=%2Fwp%2Fv2%2Fproduct_cat&post=3833"},{"taxonomy":"product_tag","embeddable":true,"href":"https:\/\/bimba.sn\/index.php?rest_route=%2Fwp%2Fv2%2Fproduct_tag&post=3833"}],"curies":[{"name":"wp","href":"https:\/\/api.w.org\/{rel}","templated":true}]}}