{"id":3804,"date":"2025-05-16T23:34:31","date_gmt":"2025-05-16T21:34:31","guid":{"rendered":"https:\/\/bimba.sn\/?product=huawei-pura-70-pro-ram-12gb-stockage-512gb"},"modified":"2025-05-16T23:34:31","modified_gmt":"2025-05-16T21:34:31","slug":"huawei-pura-70-pro-ram-12gb-stockage-512gb","status":"publish","type":"product","link":"https:\/\/bimba.sn\/?product=huawei-pura-70-pro-ram-12gb-stockage-512gb","title":{"rendered":"HUAWEI Pura 70 Pro \u2013 RAM 12GB + Stockage 512GB"},"content":{"rendered":"<p>Le\u00a0<span style=\"margin: 0px;padding: 0px;border: 0px;vertical-align: baseline;font-style: inherit;font-variant: inherit;font-weight: 600;line-height: inherit;font-family: inherit\">HUAWEI Pura 70 Pro<\/span>\u00a0est un smartphone au design avant-gardiste qui m\u00eale puret\u00e9 et unicit\u00e9. Voici quelques caract\u00e9ristiques cl\u00e9s :<\/p>\n<p>\u00a0<\/p>\n<p><a href=\"https:\/\/promo.sn\/wp-content\/uploads\/2024\/06\/PRO4.jpg\" style=\"margin: 0px;padding: 0px;border: 0px;vertical-align: baseline;font-style: inherit;font-variant: inherit;font-weight: inherit;line-height: inherit;font-family: inherit;box-shadow: none\"><img fetchpriority=\"high\" decoding=\"async\" data-lazyloaded=\"1\" src=\"https:\/\/promo.sn\/wp-content\/uploads\/2024\/06\/PRO4-555x360.jpg\" class=\"alignnone size-medium wp-image-87701 entered litespeed-loaded\" data-src=\"https:\/\/promo.sn\/wp-content\/uploads\/2024\/06\/PRO4-555x360.jpg\" alt=\"\" width=\"555\" height=\"360\" data-ll-status=\"loaded\" style=\"margin: 0px;padding: 0px;border: none;vertical-align: middle;font-style: inherit;font-variant: inherit;font-weight: inherit;line-height: inherit;font-family: inherit;border-radius: 0px;box-shadow: none\"><\/a><\/p>\n<ol>\n<li style=\"margin: 0px 0px 10px;padding: 0px;border: 0px;vertical-align: baseline;font-style: inherit;font-variant: inherit;font-weight: inherit;line-height: inherit;font-family: inherit\"><span style=\"margin: 0px;padding: 0px;border: 0px;vertical-align: baseline;font-style: inherit;font-variant: inherit;font-weight: 600;line-height: inherit;font-family: inherit\">Design Futuriste<\/span>\u00a0: Le Pura 70 Pro arbore un design r\u00e9volutionnaire avec des bords plats et une palette de couleurs captivante. Il red\u00e9finit l\u2019esth\u00e9tique d\u2019une mani\u00e8re audacieuse.<\/li>\n<li style=\"margin: 0px 0px 10px;padding: 0px;border: 0px;vertical-align: baseline;font-style: inherit;font-variant: inherit;font-weight: inherit;line-height: inherit;font-family: inherit\"><span style=\"margin: 0px;padding: 0px;border: 0px;vertical-align: baseline;font-style: inherit;font-variant: inherit;font-weight: 600;line-height: inherit;font-family: inherit\">Capture Ultra-Rapide<\/span>\u00a0: L\u2019appareil photo principal ultra-lumineux poss\u00e8de une ouverture r\u00e9glable f\/1.4-f\/4.0 et un grand capteur de 1\/1.3 pouce pour des photos nettes et d\u00e9taill\u00e9es. Le t\u00e9l\u00e9objectif macro ultra-lumineux offre \u00e9galement des possibilit\u00e9s de zoom macro jusqu\u2019\u00e0 x35.<\/li>\n<li style=\"margin: 0px 0px 10px;padding: 0px;border: 0px;vertical-align: baseline;font-style: inherit;font-variant: inherit;font-weight: inherit;line-height: inherit;font-family: inherit\"><span style=\"margin: 0px;padding: 0px;border: 0px;vertical-align: baseline;font-style: inherit;font-variant: inherit;font-weight: 600;line-height: inherit;font-family: inherit\">\u00c9cran HUAWEI X-True\u2122<\/span>\u00a0: Plongez dans un \u00e9cran brillant avec une luminosit\u00e9 maximale de 2500 nits et un taux de rafra\u00eechissement adaptatif de 1-120 Hz. Le verre Kunlun super r\u00e9sistant prot\u00e8ge l\u2019\u00e9cran contre les chutes.<\/li>\n<li style=\"margin: 0px;padding: 0px;border: 0px;vertical-align: baseline;font-style: inherit;font-variant: inherit;font-weight: inherit;line-height: inherit;font-family: inherit\"><span style=\"margin: 0px;padding: 0px;border: 0px;vertical-align: baseline;font-style: inherit;font-variant: inherit;font-weight: 600;line-height: inherit;font-family: inherit\">Batterie et Recharge<\/span>\u00a0: La batterie de 5050 mAh associ\u00e9e \u00e0 la SuperCharge HUAWEI sans fil de 80 W permet une recharge rapide. Vous pouvez m\u00eame alimenter d\u2019autres appareils gr\u00e2ce \u00e0 la charge invers\u00e9e.<\/li>\n<\/ol>\n<p>\u00a0<\/p>\n<p><a href=\"https:\/\/promo.sn\/wp-content\/uploads\/2024\/06\/PRO6.jpg\" style=\"margin: 0px;padding: 0px;border: 0px;vertical-align: baseline;font-style: inherit;font-variant: inherit;font-weight: inherit;line-height: inherit;font-family: inherit;box-shadow: none\"><img decoding=\"async\" data-lazyloaded=\"1\" src=\"https:\/\/promo.sn\/wp-content\/uploads\/2024\/06\/PRO6-555x360.jpg\" class=\"alignnone size-medium wp-image-87702 entered litespeed-loaded\" data-src=\"https:\/\/promo.sn\/wp-content\/uploads\/2024\/06\/PRO6-555x360.jpg\" alt=\"\" width=\"555\" height=\"360\" data-ll-status=\"loaded\" style=\"margin: 0px;padding: 0px;border: none;vertical-align: middle;font-style: inherit;font-variant: inherit;font-weight: inherit;line-height: inherit;font-family: inherit;border-radius: 0px;box-shadow: none\"><\/a><a href=\"https:\/\/promo.sn\/wp-content\/uploads\/2024\/06\/PRO2.jpg\" style=\"margin: 0px;padding: 0px;border: 0px;vertical-align: baseline;font-style: inherit;font-variant: inherit;font-weight: inherit;line-height: inherit;font-family: inherit;box-shadow: none\"><img decoding=\"async\" data-lazyloaded=\"1\" src=\"https:\/\/promo.sn\/wp-content\/uploads\/2024\/06\/PRO2-555x360.jpg\" class=\"alignnone size-medium wp-image-87699 entered litespeed-loaded\" data-src=\"https:\/\/promo.sn\/wp-content\/uploads\/2024\/06\/PRO2-555x360.jpg\" alt=\"\" width=\"555\" height=\"360\" data-ll-status=\"loaded\" style=\"margin: 0px;padding: 0px;border: none;vertical-align: middle;font-style: inherit;font-variant: inherit;font-weight: inherit;line-height: inherit;font-family: inherit;border-radius: 0px;box-shadow: none\"><\/a><\/p>\n<table class=\"a-normal a-spacing-micro\">\n<tbody style=\"margin: 0px;padding: 0px;border: 0px;vertical-align: baseline;font-style: inherit;font-variant: inherit;font-weight: inherit;line-height: inherit;font-family: inherit\">\n<tr class=\"a-spacing-small po-brand\" style=\"margin: 0px;padding: 0px;border: 0px;vertical-align: baseline;font-style: inherit;font-variant: inherit;font-weight: inherit;line-height: inherit;font-family: inherit\">\n<td class=\"a-span3\" style=\"margin: 0px;padding: 15px 12px;border-width: 0px 0px 1px;border-top-style: initial;border-right-style: initial;border-bottom-style: solid;border-left-style: initial;border-top-color: initial;border-right-color: initial;border-left-color: initial;vertical-align: middle;font-style: inherit;font-variant: inherit;font-weight: inherit;line-height: inherit;font-size: 15px\"><span class=\"a-size-base a-text-bold\" style=\"margin: 0px;padding: 0px;border: 0px;vertical-align: baseline;font-style: inherit;font-variant: inherit;font-weight: inherit;line-height: inherit;font-family: inherit\">Marque<\/span><\/td>\n<td class=\"a-span9\" style=\"margin: 0px;padding: 15px 12px;border-width: 0px 0px 1px;border-top-style: initial;border-right-style: initial;border-bottom-style: solid;border-left-style: initial;border-top-color: initial;border-right-color: initial;border-left-color: initial;vertical-align: middle;font-style: inherit;font-variant: inherit;font-weight: inherit;line-height: inherit;font-size: 15px\"><span class=\"a-size-base po-break-word\" style=\"margin: 0px;padding: 0px;border: 0px;vertical-align: baseline;font-style: inherit;font-variant: inherit;font-weight: inherit;line-height: inherit;font-family: inherit\">HUAWEI<\/span><\/td>\n<\/tr>\n<tr class=\"a-spacing-small po-operating_system\" style=\"margin: 0px;padding: 0px;border: 0px;vertical-align: baseline;font-style: inherit;font-variant: inherit;font-weight: inherit;line-height: inherit;font-family: inherit\">\n<td class=\"a-span3\" style=\"margin: 0px;padding: 15px 12px;border-width: 0px 0px 1px;border-top-style: initial;border-right-style: initial;border-bottom-style: solid;border-left-style: initial;border-top-color: initial;border-right-color: initial;border-left-color: initial;vertical-align: middle;font-style: inherit;font-variant: inherit;font-weight: inherit;line-height: inherit;font-size: 15px\"><span class=\"a-size-base a-text-bold\" style=\"margin: 0px;padding: 0px;border: 0px;vertical-align: baseline;font-style: inherit;font-variant: inherit;font-weight: inherit;line-height: inherit;font-family: inherit\">Syst\u00e8me d\u2019exploitation<\/span><\/td>\n<td class=\"a-span9\" style=\"margin: 0px;padding: 15px 12px;border-width: 0px 0px 1px;border-top-style: initial;border-right-style: initial;border-bottom-style: solid;border-left-style: initial;border-top-color: initial;border-right-color: initial;border-left-color: initial;vertical-align: middle;font-style: inherit;font-variant: inherit;font-weight: inherit;line-height: inherit;font-size: 15px\"><span class=\"a-size-base po-break-word\" style=\"margin: 0px;padding: 0px;border: 0px;vertical-align: baseline;font-style: inherit;font-variant: inherit;font-weight: inherit;line-height: inherit;font-family: inherit\">EMUI 14.2<\/span><\/td>\n<\/tr>\n<tr class=\"a-spacing-small po-memory_storage_capacity\" style=\"margin: 0px;padding: 0px;border: 0px;vertical-align: baseline;font-style: inherit;font-variant: inherit;font-weight: inherit;line-height: inherit;font-family: inherit\">\n<td class=\"a-span3\" style=\"margin: 0px;padding: 15px 12px;border-width: 0px 0px 1px;border-top-style: initial;border-right-style: initial;border-bottom-style: solid;border-left-style: initial;border-top-color: initial;border-right-color: initial;border-left-color: initial;vertical-align: middle;font-style: inherit;font-variant: inherit;font-weight: inherit;line-height: inherit;font-size: 15px\"><span class=\"a-size-base a-text-bold\" style=\"margin: 0px;padding: 0px;border: 0px;vertical-align: baseline;font-style: inherit;font-variant: inherit;font-weight: inherit;line-height: inherit;font-family: inherit\">Capacit\u00e9 de stockage de la m\u00e9moire<\/span><\/td>\n<td class=\"a-span9\" style=\"margin: 0px;padding: 15px 12px;border-width: 0px 0px 1px;border-top-style: initial;border-right-style: initial;border-bottom-style: solid;border-left-style: initial;border-top-color: initial;border-right-color: initial;border-left-color: initial;vertical-align: middle;font-style: inherit;font-variant: inherit;font-weight: inherit;line-height: inherit;font-size: 15px\"><span class=\"a-size-base po-break-word\" style=\"margin: 0px;padding: 0px;border: 0px;vertical-align: baseline;font-style: inherit;font-variant: inherit;font-weight: inherit;line-height: inherit;font-family: inherit\">12 Go<\/span><\/td>\n<\/tr>\n<tr class=\"a-spacing-small po-model_name\" style=\"margin: 0px;padding: 0px;border: 0px;vertical-align: baseline;font-style: inherit;font-variant: inherit;font-weight: inherit;line-height: inherit;font-family: inherit\">\n<td class=\"a-span3\" style=\"margin: 0px;padding: 15px 12px;border-width: 0px 0px 1px;border-top-style: initial;border-right-style: initial;border-bottom-style: solid;border-left-style: initial;border-top-color: initial;border-right-color: initial;border-left-color: initial;vertical-align: middle;font-style: inherit;font-variant: inherit;font-weight: inherit;line-height: inherit;font-size: 15px\"><span class=\"a-size-base a-text-bold\" style=\"margin: 0px;padding: 0px;border: 0px;vertical-align: baseline;font-style: inherit;font-variant: inherit;font-weight: inherit;line-height: inherit;font-family: inherit\">Nom de mod\u00e8le<\/span><\/td>\n<td class=\"a-span9\" style=\"margin: 0px;padding: 15px 12px;border-width: 0px 0px 1px;border-top-style: initial;border-right-style: initial;border-bottom-style: solid;border-left-style: initial;border-top-color: initial;border-right-color: initial;border-left-color: initial;vertical-align: middle;font-style: inherit;font-variant: inherit;font-weight: inherit;line-height: inherit;font-size: 15px\"><span class=\"a-size-base po-break-word\" style=\"margin: 0px;padding: 0px;border: 0px;vertical-align: baseline;font-style: inherit;font-variant: inherit;font-weight: inherit;line-height: inherit;font-family: inherit\">HUAWEI Pura 70 Pro Smartphone Blanc<\/span><\/td>\n<\/tr>\n<tr class=\"a-spacing-small po-wireless_provider\" style=\"margin: 0px;padding: 0px;border: 0px;vertical-align: baseline;font-style: inherit;font-variant: inherit;font-weight: inherit;line-height: inherit;font-family: inherit\">\n<td class=\"a-span3\" style=\"margin: 0px;padding: 15px 12px;border-width: 0px 0px 1px;border-top-style: initial;border-right-style: initial;border-bottom-style: solid;border-left-style: initial;border-top-color: initial;border-right-color: initial;border-left-color: initial;vertical-align: middle;font-style: inherit;font-variant: inherit;font-weight: inherit;line-height: inherit;font-size: 15px\"><span class=\"a-size-base a-text-bold\" style=\"margin: 0px;padding: 0px;border: 0px;vertical-align: baseline;font-style: inherit;font-variant: inherit;font-weight: inherit;line-height: inherit;font-family: inherit\">Op\u00e9rateur sans fil<\/span><\/td>\n<td class=\"a-span9\" style=\"margin: 0px;padding: 15px 12px;border-width: 0px 0px 1px;border-top-style: initial;border-right-style: initial;border-bottom-style: solid;border-left-style: initial;border-top-color: initial;border-right-color: initial;border-left-color: initial;vertical-align: middle;font-style: inherit;font-variant: inherit;font-weight: inherit;line-height: inherit;font-size: 15px\"><span class=\"a-size-base po-break-word\" style=\"margin: 0px;padding: 0px;border: 0px;vertical-align: baseline;font-style: inherit;font-variant: inherit;font-weight: inherit;line-height: inherit;font-family: inherit\">D\u00e9bloqu\u00e9<\/span><\/td>\n<\/tr>\n<tr class=\"a-spacing-small po-cellular_technology\" style=\"margin: 0px;padding: 0px;border: 0px;vertical-align: baseline;font-style: inherit;font-variant: inherit;font-weight: inherit;line-height: inherit;font-family: inherit\">\n<td class=\"a-span3\" style=\"margin: 0px;padding: 15px 12px;border-width: 0px 0px 1px;border-top-style: initial;border-right-style: initial;border-bottom-style: solid;border-left-style: initial;border-top-color: initial;border-right-color: initial;border-left-color: initial;vertical-align: middle;font-style: inherit;font-variant: inherit;font-weight: inherit;line-height: inherit;font-size: 15px\"><span class=\"a-size-base a-text-bold\" style=\"margin: 0px;padding: 0px;border: 0px;vertical-align: baseline;font-style: inherit;font-variant: inherit;font-weight: inherit;line-height: inherit;font-family: inherit\">Technologie cellulaire<\/span><\/td>\n<td class=\"a-span9\" style=\"margin: 0px;padding: 15px 12px;border-width: 0px 0px 1px;border-top-style: initial;border-right-style: initial;border-bottom-style: solid;border-left-style: initial;border-top-color: initial;border-right-color: initial;border-left-color: initial;vertical-align: middle;font-style: inherit;font-variant: inherit;font-weight: inherit;line-height: inherit;font-size: 15px\"><span class=\"a-size-base po-break-word\" style=\"margin: 0px;padding: 0px;border: 0px;vertical-align: baseline;font-style: inherit;font-variant: inherit;font-weight: inherit;line-height: inherit;font-family: inherit\">4G<\/span><\/td>\n<\/tr>\n<tr class=\"a-spacing-small po-color\" style=\"margin: 0px;padding: 0px;border: 0px;vertical-align: baseline;font-style: inherit;font-variant: inherit;font-weight: inherit;line-height: inherit;font-family: inherit\">\n<td class=\"a-span3\" style=\"margin: 0px;padding: 15px 12px;border-width: 0px 0px 1px;border-top-style: initial;border-right-style: initial;border-bottom-style: solid;border-left-style: initial;border-top-color: initial;border-right-color: initial;border-left-color: initial;vertical-align: middle;font-style: inherit;font-variant: inherit;font-weight: inherit;line-height: inherit;font-size: 15px\"><span class=\"a-size-base a-text-bold\" style=\"margin: 0px;padding: 0px;border: 0px;vertical-align: baseline;font-style: inherit;font-variant: inherit;font-weight: inherit;line-height: inherit;font-family: inherit\">Couleur<\/span><\/td>\n<td class=\"a-span9\" style=\"margin: 0px;padding: 15px 12px;border-width: 0px 0px 1px;border-top-style: initial;border-right-style: initial;border-bottom-style: solid;border-left-style: initial;border-top-color: initial;border-right-color: initial;border-left-color: initial;vertical-align: middle;font-style: inherit;font-variant: inherit;font-weight: inherit;line-height: inherit;font-size: 15px\"><span class=\"a-size-base po-break-word\" style=\"margin: 0px;padding: 0px;border: 0px;vertical-align: baseline;font-style: inherit;font-variant: inherit;font-weight: inherit;line-height: inherit;font-family: inherit\">Blanc<\/span><\/td>\n<\/tr>\n<tr class=\"a-spacing-small po-wireless_network_technology\" style=\"margin: 0px;padding: 0px;border: 0px;vertical-align: baseline;font-style: inherit;font-variant: inherit;font-weight: inherit;line-height: inherit;font-family: inherit\">\n<td class=\"a-span3\" style=\"margin: 0px;padding: 15px 12px;border-width: 0px 0px 1px;border-top-style: initial;border-right-style: initial;border-bottom-style: solid;border-left-style: initial;border-top-color: initial;border-right-color: initial;border-left-color: initial;vertical-align: middle;font-style: inherit;font-variant: inherit;font-weight: inherit;line-height: inherit;font-size: 15px\"><span class=\"a-size-base a-text-bold\" style=\"margin: 0px;padding: 0px;border: 0px;vertical-align: baseline;font-style: inherit;font-variant: inherit;font-weight: inherit;line-height: inherit;font-family: inherit\">Technologie r\u00e9seau sans fil<\/span><\/td>\n<td class=\"a-span9\" style=\"margin: 0px;padding: 15px 12px;border-width: 0px 0px 1px;border-top-style: initial;border-right-style: initial;border-bottom-style: solid;border-left-style: initial;border-top-color: initial;border-right-color: initial;border-left-color: initial;vertical-align: middle;font-style: inherit;font-variant: inherit;font-weight: inherit;line-height: inherit;font-size: 15px\"><span class=\"a-size-base po-break-word\" style=\"margin: 0px;padding: 0px;border: 0px;vertical-align: baseline;font-style: inherit;font-variant: inherit;font-weight: inherit;line-height: inherit;font-family: inherit\">Wi-Fi<\/span><\/td>\n<\/tr>\n<tr class=\"a-spacing-small po-connector_type\" style=\"margin: 0px;padding: 0px;border: 0px;vertical-align: baseline;font-style: inherit;font-variant: inherit;font-weight: inherit;line-height: inherit;font-family: inherit\">\n<td class=\"a-span3\" style=\"margin: 0px;padding: 15px 12px;border-width: 0px 0px 1px;border-top-style: initial;border-right-style: initial;border-bottom-style: solid;border-left-style: initial;border-top-color: initial;border-right-color: initial;border-left-color: initial;vertical-align: middle;font-style: inherit;font-variant: inherit;font-weight: inherit;line-height: inherit;font-size: 15px\"><span class=\"a-size-base a-text-bold\" style=\"margin: 0px;padding: 0px;border: 0px;vertical-align: baseline;font-style: inherit;font-variant: inherit;font-weight: inherit;line-height: inherit;font-family: inherit\">Type de connecteur<\/span><\/td>\n<td class=\"a-span9\" style=\"margin: 0px;padding: 15px 12px;border-width: 0px 0px 1px;border-top-style: initial;border-right-style: initial;border-bottom-style: solid;border-left-style: initial;border-top-color: initial;border-right-color: initial;border-left-color: initial;vertical-align: middle;font-style: inherit;font-variant: inherit;font-weight: inherit;line-height: inherit;font-size: 15px\"><span class=\"a-size-base po-break-word\" style=\"margin: 0px;padding: 0px;border: 0px;vertical-align: baseline;font-style: inherit;font-variant: inherit;font-weight: inherit;line-height: inherit;font-family: inherit\">USB Type C<\/span><\/td>\n<\/tr>\n<tr class=\"a-spacing-small po-form_factor\" style=\"margin: 0px;padding: 0px;border: 0px;vertical-align: baseline;font-style: inherit;font-variant: inherit;font-weight: inherit;line-height: inherit;font-family: inherit\">\n<td class=\"a-span3\" style=\"margin: 0px;padding: 15px 12px;border-width: 0px 0px 1px;border-top-style: initial;border-right-style: initial;border-bottom-style: solid;border-left-style: initial;border-top-color: initial;border-right-color: initial;border-left-color: initial;vertical-align: middle;font-style: inherit;font-variant: inherit;font-weight: inherit;line-height: inherit;font-size: 15px\"><span class=\"a-size-base a-text-bold\" style=\"margin: 0px;padding: 0px;border: 0px;vertical-align: baseline;font-style: inherit;font-variant: inherit;font-weight: inherit;line-height: inherit;font-family: inherit\">Facteur de forme<\/span><\/td>\n<td class=\"a-span9\" style=\"margin: 0px;padding: 15px 12px;border-width: 0px 0px 1px;border-top-style: initial;border-right-style: initial;border-bottom-style: solid;border-left-style: initial;border-top-color: initial;border-right-color: initial;border-left-color: initial;vertical-align: middle;font-style: inherit;font-variant: inherit;font-weight: inherit;line-height: inherit;font-size: 15px\"><span class=\"a-size-base po-break-word\" style=\"margin: 0px;padding: 0px;border: 0px;vertical-align: baseline;font-style: inherit;font-variant: inherit;font-weight: inherit;line-height: inherit;font-family: inherit\">Block<\/span><\/td>\n<\/tr>\n<\/tbody>\n<\/table>\n","protected":false},"excerpt":{"rendered":"<p><span>HUAWEI Pura 70 \u2013 RAM 12GB + ROM 256GB \u2013 Capture Ultra-Rapide<\/span><\/p>\n","protected":false},"featured_media":3799,"comment_status":"open","ping_status":"closed","template":"","meta":{"_gspb_post_css":""},"store":[],"product_brand":[],"product_cat":[208],"product_tag":[],"class_list":{"0":"post-3804","1":"product","2":"type-product","3":"status-publish","4":"has-post-thumbnail","6":"product_cat-smartphones","8":"first","9":"instock","10":"sale","11":"shipping-taxable","12":"purchasable","13":"product-type-simple"},"_links":{"self":[{"href":"https:\/\/bimba.sn\/index.php?rest_route=\/wp\/v2\/product\/3804","targetHints":{"allow":["GET"]}}],"collection":[{"href":"https:\/\/bimba.sn\/index.php?rest_route=\/wp\/v2\/product"}],"about":[{"href":"https:\/\/bimba.sn\/index.php?rest_route=\/wp\/v2\/types\/product"}],"replies":[{"embeddable":true,"href":"https:\/\/bimba.sn\/index.php?rest_route=%2Fwp%2Fv2%2Fcomments&post=3804"}],"wp:featuredmedia":[{"embeddable":true,"href":"https:\/\/bimba.sn\/index.php?rest_route=\/wp\/v2\/media\/3799"}],"wp:attachment":[{"href":"https:\/\/bimba.sn\/index.php?rest_route=%2Fwp%2Fv2%2Fmedia&parent=3804"}],"wp:term":[{"taxonomy":"store","embeddable":true,"href":"https:\/\/bimba.sn\/index.php?rest_route=%2Fwp%2Fv2%2Fstore&post=3804"},{"taxonomy":"product_brand","embeddable":true,"href":"https:\/\/bimba.sn\/index.php?rest_route=%2Fwp%2Fv2%2Fproduct_brand&post=3804"},{"taxonomy":"product_cat","embeddable":true,"href":"https:\/\/bimba.sn\/index.php?rest_route=%2Fwp%2Fv2%2Fproduct_cat&post=3804"},{"taxonomy":"product_tag","embeddable":true,"href":"https:\/\/bimba.sn\/index.php?rest_route=%2Fwp%2Fv2%2Fproduct_tag&post=3804"}],"curies":[{"name":"wp","href":"https:\/\/api.w.org\/{rel}","templated":true}]}}