{"id":3794,"date":"2025-05-16T23:22:49","date_gmt":"2025-05-16T21:22:49","guid":{"rendered":"https:\/\/bimba.sn\/?product=apple-ipad-pro-m4-2024-13-pouces-wifi-cellulaire-256go"},"modified":"2025-05-16T23:22:49","modified_gmt":"2025-05-16T21:22:49","slug":"apple-ipad-pro-m4-2024-13-pouces-wifi-cellulaire-256go","status":"publish","type":"product","link":"https:\/\/bimba.sn\/?product=apple-ipad-pro-m4-2024-13-pouces-wifi-cellulaire-256go","title":{"rendered":"Apple iPad Pro M4 (2024) 13 pouces wifi+ cellulaire 256Go"},"content":{"rendered":"<ul class=\"a-unordered-list a-vertical a-spacing-mini\">\n<li class=\"a-spacing-mini\" style=\"margin: 0px\"><span class=\"a-list-item\">POURQUOI L\u2019IPAD\u202fPRO \u2014 L\u2019iPad\u202fPro offre l\u2019exp\u00e9rience iPad ultime dans un design incroyablement fin et l\u00e9ger. Avec l\u2019extraordinaire \u00e9cran Ultra Retina XDR, les performances hors normes de la puce M4, une connectivit\u00e9 sans fil ultra-rapide* et la compatibilit\u00e9 avec l\u2019Apple Pencil\u202fPro*. Sans oublier les puissantes fonctionnalit\u00e9s de productivit\u00e9 d\u2019iPadOS.<\/span><\/li>\n<li class=\"a-spacing-mini\" style=\"margin: 0px\"><span class=\"a-list-item\">\u00c9CRAN ULTRA RETINA XDR 13\u202fPOUCES \u2014 L\u2019\u00e9cran Ultra Retina XDR offre une luminosit\u00e9 et un contraste extr\u00eames ainsi qu\u2019une exceptionnelle pr\u00e9cision de la couleur et il\u202fint\u00e8gre des technologies avanc\u00e9es comme ProMotion, une large gamme de couleurs P3 et True\u202fTone*. En plus, une option de verre d\u2019\u00e9cran nano-textur\u00e9 est disponible pour les configurations 1\u202fTo et 2\u202fTo.<\/span><\/li>\n<li class=\"a-spacing-mini\" style=\"margin: 0px\"><span class=\"a-list-item\">PERFORMANCES ET STOCKAGE\u202f\u2013 Le CPU jusqu\u2019\u00e0 10\u202fc\u0153urs de la puce M4 livre une puissance exceptionnelle et son GPU 10\u202fc\u0153urs, des performances graphiques fulgurantes. Et avec une autonomie d\u2019une journ\u00e9e, le potentiel de l\u2019iPad\u202fPro ne conna\u00eet aucune limite*. Profitez d\u2019un stockage pouvant atteindre 2\u202fTo pour conserver tout ce que vous voulez\u202f: apps ou fichiers volumineux comme des vid\u00e9os\u202f4K*.<\/span><\/li>\n<li class=\"a-spacing-mini\" style=\"margin: 0px\"><span class=\"a-list-item\">IPADOS + APPS\u202f\u2013 iPadOS fait de l\u2019iPad un outil plus productif, polyvalent et intuitif. Avec iPadOS, ex\u00e9cutez plusieurs apps \u00e0 la fois, utilisez l\u2019Apple Pencil pour \u00e9crire dans n\u2019importe quelle zone de texte avec Griffonner, retouchez vos photos et partagez-les*. Stage Manager facilite le multit\u00e2che en vous permettant de redimensionner et de superposer vos apps et d\u2019ajouter un \u00e9cran externe. L\u2019iPad\u202fPro int\u00e8gre des apps incontournables comme Safari, Messages et Keynote, et plus d\u2019un million d\u2019autres apps vous attendent sur l\u2019App\u202fStore.<\/span><\/li>\n<li class=\"a-spacing-mini\" style=\"margin: 0px\"><span class=\"a-list-item\">APPLE\u202fPENCIL ET MAGIC\u202fKEYBOARD POUR IPAD\u202fPRO \u2013 Gr\u00e2ce \u00e0 l\u2019Apple\u202fPencil Pro, l\u2019iPad\u202fPro devient un outil de cr\u00e9ation immersif et le meilleur support de prise de notes qui soit. L\u2019Apple Pencil (USB-C) est \u00e9galement compatible avec l\u2019iPad\u202fPro. Le Magic\u202fKeyboard pour iPad\u202fPro, au design fin et l\u00e9ger, vous offre un excellent confort de frappe, int\u00e8gre un trackpad en verre avec retour haptique et sert de protection \u00e0 votre iPad*.<\/span><\/li>\n<li class=\"a-spacing-mini\" style=\"margin: 0px\"><span class=\"a-list-item\">APPAREIL PHOTO ET CAM\u00c9RA AVANC\u00c9S\u202f\u2013 L\u2019iPad\u202fPro est dot\u00e9 d\u2019une cam\u00e9ra avant ultra grandangle 12\u202fMpx horizontale avec Cadre centr\u00e9, id\u00e9ale pour les visioconf\u00e9rences et les selfies en mode Portrait. De son c\u00f4t\u00e9, l\u2019appareil photo arri\u00e8re grand-angle 12\u202fMpx avec flash True Tone adaptatif est parfait pour la photo et la vid\u00e9o\u202f4K avec prise en charge du format ProRes. Quatre micros de qualit\u00e9 studio et un syst\u00e8me audio \u00e0 quatre haut-parleurs produisent un son riche. Et le scanner LiDAR am\u00e9liore encore vos exp\u00e9riences de r\u00e9alit\u00e9 augment\u00e9e en cr\u00e9ant une carte de profondeur de l\u2019endroit o\u00f9 vous vous trouvez.<\/span><\/li>\n<li class=\"a-spacing-mini\" style=\"margin: 0px\"><span class=\"a-list-item\">CONNECTIVIT\u00c9\u202f\u2013 Le Wi-Fi\u202f6E vous offre une connectivit\u00e9 sans fil rapide qui acc\u00e9l\u00e8re le transfert de vos photos, documents et fichiers vid\u00e9o volumineux. Et quand vous n\u2019avez pas acc\u00e8s au WiFi, la connectivit\u00e9 5G ultra-rapide vous permet de garder le contact dans de nombreux endroits*. Connectez des \u00e9crans externes, des disques durs et d\u2019autres appareils via le connecteur USBC avec prise en charge de Thunderbolt\/USB 4.<\/span><\/li>\n<\/ul>\n<div class=\"a-row a-expander-container a-expander-inline-container\">\n<div data-expanded=\"true\" class=\"a-expander-content a-expander-extend-content a-expander-content-expanded\" style=\"overflow: hidden\">\n<ul class=\"a-unordered-list a-vertical a-spacing-none\" style=\"margin: 0px 0px 0px 18px;padding: 0px\">\n<li class=\"a-spacing-mini\" style=\"margin: 0px\"><span class=\"a-list-item\">D\u00c9VERROUILLAGE ET PAIEMENT AVEC FACE\u202fID\u202f\u2013 D\u2019un simple regard, d\u00e9verrouillez votre iPad\u202fPro, authentifiez-vous pour effectuer des achats s\u00e9curis\u00e9s, connectez-vous \u00e0 vos apps et faites bien plus encore*.<\/span><\/li>\n<li class=\"a-spacing-mini\" style=\"margin: 0px\"><span class=\"a-list-item\">* MENTIONS L\u00c9GALES \u2013 Ceci est un r\u00e9sum\u00e9 des caract\u00e9ristiques principales du produit. Voir ci-dessous pour en savoir plus.<\/span><\/li>\n<\/ul>\n<\/div>\n<\/div>\n","protected":false},"excerpt":{"rendered":"<table class=\"a-normal a-spacing-micro\">\n<tbody>\n<tr class=\"a-spacing-small po-brand\" style=\"margin-bottom: 8px !important\">\n<td class=\"a-span3\" style=\"vertical-align: top;padding: 0px 3px 3px 0px;float: none !important;margin-right: 0px;width: 161.672px\"><span class=\"a-size-base a-text-bold\" style=\"font-weight: 700 !important;line-height: 20px !important\">Marque<\/span><\/td>\n<td class=\"a-span9\" style=\"vertical-align: top;padding: 0px 0px 3px 3px;float: none !important;margin-right: 0px;width: 513.359px\"><span class=\"a-size-base po-break-word\" style=\"line-height: 20px !important\">Apple<\/span><\/td>\n<\/tr>\n<tr class=\"a-spacing-small po-model_name\" style=\"margin-bottom: 8px !important\">\n<td class=\"a-span3\" style=\"vertical-align: top;padding: 3px 3px 3px 0px;float: none !important;margin-right: 0px;width: 161.672px\"><span class=\"a-size-base a-text-bold\" style=\"font-weight: 700 !important;line-height: 20px !important\">Nom de mod\u00e8le<\/span><\/td>\n<td class=\"a-span9\" style=\"vertical-align: top;padding: 3px 0px 3px 3px;float: none !important;margin-right: 0px;width: 513.359px\"><span class=\"a-size-base po-break-word\" style=\"line-height: 20px !important\">iPad Pro<\/span><\/td>\n<\/tr>\n<tr class=\"a-spacing-small po-memory_storage_capacity\" style=\"margin-bottom: 8px !important\">\n<td class=\"a-span3\" style=\"vertical-align: top;padding: 3px 3px 3px 0px;float: none !important;margin-right: 0px;width: 161.672px\"><span class=\"a-size-base a-text-bold\" style=\"font-weight: 700 !important;line-height: 20px !important\">Capacit\u00e9 de stockage de la m\u00e9moire<\/span><\/td>\n<td class=\"a-span9\" style=\"vertical-align: top;padding: 3px 0px 3px 3px;float: none !important;margin-right: 0px;width: 513.359px\"><span class=\"a-size-base po-break-word\" style=\"line-height: 20px !important\">256 Go<\/span><\/td>\n<\/tr>\n<tr class=\"a-spacing-small po-display.size\" style=\"margin-bottom: 8px !important\">\n<td class=\"a-span3\" style=\"vertical-align: top;padding: 3px 3px 3px 0px;float: none !important;margin-right: 0px;width: 161.672px\"><span class=\"a-size-base a-text-bold\" style=\"font-weight: 700 !important;line-height: 20px !important\">Taille de l&rsquo;\u00e9cran<\/span><\/td>\n<td class=\"a-span9\" style=\"vertical-align: top;padding: 3px 0px 3px 3px;float: none !important;margin-right: 0px;width: 513.359px\"><span class=\"a-size-base po-break-word\" style=\"line-height: 20px !important\">13 Pouces<\/span><\/td>\n<\/tr>\n<tr class=\"a-spacing-small po-operating_system\" style=\"margin-bottom: 8px !important\">\n<td class=\"a-span3\" style=\"vertical-align: top;padding: 3px 3px 3px 0px;float: none !important;margin-right: 0px;width: 161.672px\"><span class=\"a-size-base a-text-bold\" style=\"font-weight: 700 !important;line-height: 20px !important\">Syst\u00e8me d&rsquo;exploitation<\/span><\/td>\n<td class=\"a-span9\" style=\"vertical-align: top;padding: 3px 0px 3px 3px;float: none !important;margin-right: 0px;width: 513.359px\"><span class=\"a-size-base po-break-word\" style=\"line-height: 20px !important\">iPadOS<\/span><\/td>\n<\/tr>\n<tr class=\"a-spacing-small po-color\" style=\"margin-bottom: 8px !important\">\n<td class=\"a-span3\" style=\"vertical-align: top;padding: 3px 3px 3px 0px;float: none !important;margin-right: 0px;width: 161.672px\"><span class=\"a-size-base a-text-bold\" style=\"font-weight: 700 !important;line-height: 20px !important\">Couleur<\/span><\/td>\n<td class=\"a-span9\" style=\"vertical-align: top;padding: 3px 0px 3px 3px;float: none !important;margin-right: 0px;width: 513.359px\"><span class=\"a-size-base po-break-word\" style=\"line-height: 20px !important\">Noir sid\u00e9ral<\/span><\/td>\n<\/tr>\n<tr class=\"a-spacing-small po-ram_memory.installed_size\" style=\"margin-bottom: 8px !important\">\n<td class=\"a-span3\" style=\"vertical-align: top;padding: 3px 3px 3px 0px;float: none !important;margin-right: 0px;width: 161.672px\"><span class=\"a-size-base a-text-bold\" style=\"font-weight: 700 !important;line-height: 20px !important\">Taille de la m\u00e9moire RAM install\u00e9e<\/span><\/td>\n<td class=\"a-span9\" style=\"vertical-align: top;padding: 3px 0px 3px 3px;float: none !important;margin-right: 0px;width: 513.359px\"><span class=\"a-size-base po-break-word\" style=\"line-height: 20px !important\">8 Go<\/span><\/td>\n<\/tr>\n<tr class=\"a-spacing-small po-model_year\" style=\"margin-bottom: 8px !important\">\n<td class=\"a-span3\" style=\"vertical-align: top;padding: 3px 3px 3px 0px;float: none !important;margin-right: 0px;width: 161.672px\"><span class=\"a-size-base a-text-bold\" style=\"font-weight: 700 !important;line-height: 20px !important\">Ann\u00e9e du mod\u00e8le<\/span><\/td>\n<td class=\"a-span9\" style=\"vertical-align: top;padding: 3px 0px 3px 3px;float: none !important;margin-right: 0px;width: 513.359px\"><span class=\"a-size-base po-break-word\" style=\"line-height: 20px !important\">2024<\/span><\/td>\n<\/tr>\n<tr class=\"a-spacing-small po-graphics_processor_manufacturer\" style=\"margin-bottom: 8px !important\">\n<td class=\"a-span3\" style=\"vertical-align: top;padding: 3px 3px 3px 0px;float: none !important;margin-right: 0px;width: 161.672px\"><span class=\"a-size-base a-text-bold\" style=\"font-weight: 700 !important;line-height: 20px !important\">Fabricant de processeurs graphiques<\/span><\/td>\n<td class=\"a-span9\" style=\"vertical-align: top;padding: 3px 0px 3px 3px;float: none !important;margin-right: 0px;width: 513.359px\"><span class=\"a-size-base po-break-word\" style=\"line-height: 20px !important\">Apple<\/span><\/td>\n<\/tr>\n<tr class=\"a-spacing-small po-hardware_interface\" style=\"margin-bottom: 8px !important\">\n<td class=\"a-span3\" style=\"vertical-align: top;padding: 3px 3px 0px 0px;float: none !important;margin-right: 0px;width: 161.672px\"><span class=\"a-size-base a-text-bold\" style=\"font-weight: 700 !important;line-height: 20px !important\">Interface mat\u00e9rielle<\/span><\/td>\n<td class=\"a-span9\" style=\"vertical-align: top;padding: 3px 0px 0px 3px;float: none !important;margin-right: 0px;width: 513.359px\"><span class=\"a-size-base po-break-word\" style=\"line-height: 20px !important\">USB Type C<\/span><\/td>\n<\/tr>\n<\/tbody>\n<\/table>\n","protected":false},"featured_media":3791,"comment_status":"open","ping_status":"closed","template":"","meta":{"_gspb_post_css":""},"store":[],"product_brand":[],"product_cat":[224],"product_tag":[],"class_list":{"0":"post-3794","1":"product","2":"type-product","3":"status-publish","4":"has-post-thumbnail","6":"product_cat-ipad","8":"first","9":"instock","10":"sale","11":"shipping-taxable","12":"purchasable","13":"product-type-simple"},"_links":{"self":[{"href":"https:\/\/bimba.sn\/index.php?rest_route=\/wp\/v2\/product\/3794","targetHints":{"allow":["GET"]}}],"collection":[{"href":"https:\/\/bimba.sn\/index.php?rest_route=\/wp\/v2\/product"}],"about":[{"href":"https:\/\/bimba.sn\/index.php?rest_route=\/wp\/v2\/types\/product"}],"replies":[{"embeddable":true,"href":"https:\/\/bimba.sn\/index.php?rest_route=%2Fwp%2Fv2%2Fcomments&post=3794"}],"wp:featuredmedia":[{"embeddable":true,"href":"https:\/\/bimba.sn\/index.php?rest_route=\/wp\/v2\/media\/3791"}],"wp:attachment":[{"href":"https:\/\/bimba.sn\/index.php?rest_route=%2Fwp%2Fv2%2Fmedia&parent=3794"}],"wp:term":[{"taxonomy":"store","embeddable":true,"href":"https:\/\/bimba.sn\/index.php?rest_route=%2Fwp%2Fv2%2Fstore&post=3794"},{"taxonomy":"product_brand","embeddable":true,"href":"https:\/\/bimba.sn\/index.php?rest_route=%2Fwp%2Fv2%2Fproduct_brand&post=3794"},{"taxonomy":"product_cat","embeddable":true,"href":"https:\/\/bimba.sn\/index.php?rest_route=%2Fwp%2Fv2%2Fproduct_cat&post=3794"},{"taxonomy":"product_tag","embeddable":true,"href":"https:\/\/bimba.sn\/index.php?rest_route=%2Fwp%2Fv2%2Fproduct_tag&post=3794"}],"curies":[{"name":"wp","href":"https:\/\/api.w.org\/{rel}","templated":true}]}}