{"id":3783,"date":"2025-05-16T22:58:29","date_gmt":"2025-05-16T20:58:29","guid":{"rendered":"https:\/\/bimba.sn\/?product=ipad-air-5eme-generation-wifi-cellulaire-256-go"},"modified":"2025-05-16T22:58:29","modified_gmt":"2025-05-16T20:58:29","slug":"ipad-air-5eme-generation-wifi-cellulaire-256-go","status":"publish","type":"product","link":"https:\/\/bimba.sn\/?product=ipad-air-5eme-generation-wifi-cellulaire-256-go","title":{"rendered":"iPad Air 5eme Generation \u2013 Wifi + Cellulaire- 256 Go"},"content":{"rendered":"<table class=\"a-normal a-spacing-micro\" style=\"border-width: 1px 0px 0px 1px;border-style: solid;margin: 0px 0px 24px;padding: 0px;vertical-align: baseline;border-spacing: 0px;width: 1138px;font-family: Poppins, Arial, Helvetica, sans-serif;font-size: 14px;letter-spacing: 1px\">\n<tbody style=\"border: 0px;font-style: inherit;font-weight: inherit;margin: 0px;padding: 0px;vertical-align: baseline\">\n<tr class=\"a-spacing-small po-brand\" style=\"border: 0px;font-style: inherit;font-weight: inherit;margin: 0px;padding: 0px;vertical-align: baseline\">\n<td class=\"a-span3\" style=\"border-width: 0px 1px 1px 0px;border-style: solid;font-style: inherit;margin: 0px;padding: 5px 15px;vertical-align: baseline\"><span class=\"a-size-base a-text-bold\" style=\"border: 0px;font-style: inherit;font-weight: inherit;margin: 0px;padding: 0px;vertical-align: baseline\">Marque<\/span><\/td>\n<td class=\"a-span9\" style=\"border-width: 0px 1px 1px 0px;border-style: solid;font-style: inherit;margin: 0px;padding: 5px 15px;vertical-align: baseline\"><span class=\"a-size-base po-break-word\" style=\"border: 0px;font-style: inherit;font-weight: inherit;margin: 0px;padding: 0px;vertical-align: baseline\">Apple<\/span><\/td>\n<\/tr>\n<tr class=\"a-spacing-small po-model_name\" style=\"border: 0px;font-style: inherit;font-weight: inherit;margin: 0px;padding: 0px;vertical-align: baseline\">\n<td class=\"a-span3\" style=\"border-width: 0px 1px 1px 0px;border-style: solid;font-style: inherit;margin: 0px;padding: 5px 15px;vertical-align: baseline\"><span class=\"a-size-base a-text-bold\" style=\"border: 0px;font-style: inherit;font-weight: inherit;margin: 0px;padding: 0px;vertical-align: baseline\">Nom de mod\u00e8le<\/span><\/td>\n<td class=\"a-span9\" style=\"border-width: 0px 1px 1px 0px;border-style: solid;font-style: inherit;margin: 0px;padding: 5px 15px;vertical-align: baseline\"><span class=\"a-size-base po-break-word\" style=\"border: 0px;font-style: inherit;font-weight: inherit;margin: 0px;padding: 0px;vertical-align: baseline\">IPad Air<\/span><\/td>\n<\/tr>\n<tr class=\"a-spacing-small po-memory_storage_capacity\" style=\"border: 0px;font-style: inherit;font-weight: inherit;margin: 0px;padding: 0px;vertical-align: baseline\">\n<td class=\"a-span3\" style=\"border-width: 0px 1px 1px 0px;border-style: solid;font-style: inherit;margin: 0px;padding: 5px 15px;vertical-align: baseline\"><span class=\"a-size-base a-text-bold\" style=\"border: 0px;font-style: inherit;font-weight: inherit;margin: 0px;padding: 0px;vertical-align: baseline\">Capacit\u00e9 de stockage de la m\u00e9moire<\/span><\/td>\n<td class=\"a-span9\" style=\"border-width: 0px 1px 1px 0px;border-style: solid;font-style: inherit;margin: 0px;padding: 5px 15px;vertical-align: baseline\"><span class=\"a-size-base po-break-word\" style=\"border: 0px;font-style: inherit;font-weight: inherit;margin: 0px;padding: 0px;vertical-align: baseline\">256 Go<\/span><\/td>\n<\/tr>\n<tr class=\"a-spacing-small po-display.size\" style=\"border: 0px;font-style: inherit;font-weight: inherit;margin: 0px;padding: 0px;vertical-align: baseline\">\n<td class=\"a-span3\" style=\"border-width: 0px 1px 1px 0px;border-style: solid;font-style: inherit;margin: 0px;padding: 5px 15px;vertical-align: baseline\"><span class=\"a-size-base a-text-bold\" style=\"border: 0px;font-style: inherit;font-weight: inherit;margin: 0px;padding: 0px;vertical-align: baseline\">Taille de l\u2019\u00e9cran<\/span><\/td>\n<td class=\"a-span9\" style=\"border-width: 0px 1px 1px 0px;border-style: solid;font-style: inherit;margin: 0px;padding: 5px 15px;vertical-align: baseline\"><span class=\"a-size-base po-break-word\" style=\"border: 0px;font-style: inherit;font-weight: inherit;margin: 0px;padding: 0px;vertical-align: baseline\">10,9 Pouces<\/span><\/td>\n<\/tr>\n<tr class=\"a-spacing-small po-operating_system\" style=\"border: 0px;font-style: inherit;font-weight: inherit;margin: 0px;padding: 0px;vertical-align: baseline\">\n<td class=\"a-span3\" style=\"border-width: 0px 1px 1px 0px;border-style: solid;font-style: inherit;margin: 0px;padding: 5px 15px;vertical-align: baseline\"><span class=\"a-size-base a-text-bold\" style=\"border: 0px;font-style: inherit;font-weight: inherit;margin: 0px;padding: 0px;vertical-align: baseline\">Syst\u00e8me d\u2019exploitation<\/span><\/td>\n<td class=\"a-span9\" style=\"border-width: 0px 1px 1px 0px;border-style: solid;font-style: inherit;margin: 0px;padding: 5px 15px;vertical-align: baseline\"><span class=\"a-size-base po-break-word\" style=\"border: 0px;font-style: inherit;font-weight: inherit;margin: 0px;padding: 0px;vertical-align: baseline\">IPad OS 15<\/span><\/td>\n<\/tr>\n<tr class=\"a-spacing-small po-color\" style=\"border: 0px;font-style: inherit;font-weight: inherit;margin: 0px;padding: 0px;vertical-align: baseline\">\n<td class=\"a-span3\" style=\"border-width: 0px 1px 1px 0px;border-style: solid;font-style: inherit;margin: 0px;padding: 5px 15px;vertical-align: baseline\"><span class=\"a-size-base a-text-bold\" style=\"border: 0px;font-style: inherit;font-weight: inherit;margin: 0px;padding: 0px;vertical-align: baseline\">Couleur<\/span><\/td>\n<td class=\"a-span9\" style=\"border-width: 0px 1px 1px 0px;border-style: solid;font-style: inherit;margin: 0px;padding: 5px 15px;vertical-align: baseline\"><span class=\"a-size-base po-break-word\" style=\"border: 0px;font-style: inherit;font-weight: inherit;margin: 0px;padding: 0px;vertical-align: baseline\">Mauve<\/span><\/td>\n<\/tr>\n<tr class=\"a-spacing-small po-ram_memory.installed_size\" style=\"border: 0px;font-style: inherit;font-weight: inherit;margin: 0px;padding: 0px;vertical-align: baseline\">\n<td class=\"a-span3\" style=\"border-width: 0px 1px 1px 0px;border-style: solid;font-style: inherit;margin: 0px;padding: 5px 15px;vertical-align: baseline\"><span class=\"a-size-base a-text-bold\" style=\"border: 0px;font-style: inherit;font-weight: inherit;margin: 0px;padding: 0px;vertical-align: baseline\">Taille de la m\u00e9moire RAM install\u00e9e<\/span><\/td>\n<td class=\"a-span9\" style=\"border-width: 0px 1px 1px 0px;border-style: solid;font-style: inherit;margin: 0px;padding: 5px 15px;vertical-align: baseline\"><span class=\"a-size-base po-break-word\" style=\"border: 0px;font-style: inherit;font-weight: inherit;margin: 0px;padding: 0px;vertical-align: baseline\">6 Go<\/span><\/td>\n<\/tr>\n<tr class=\"a-spacing-small po-generation\" style=\"border: 0px;font-style: inherit;font-weight: inherit;margin: 0px;padding: 0px;vertical-align: baseline\">\n<td class=\"a-span3\" style=\"border-width: 0px 1px 1px 0px;border-style: solid;font-style: inherit;margin: 0px;padding: 5px 15px;vertical-align: baseline\"><span class=\"a-size-base a-text-bold\" style=\"border: 0px;font-style: inherit;font-weight: inherit;margin: 0px;padding: 0px;vertical-align: baseline\">G\u00e9n\u00e9ration<\/span><\/td>\n<td class=\"a-span9\" style=\"border-width: 0px 1px 1px 0px;border-style: solid;font-style: inherit;margin: 0px;padding: 5px 15px;vertical-align: baseline\"><span class=\"a-size-base po-break-word\" style=\"border: 0px;font-style: inherit;font-weight: inherit;margin: 0px;padding: 0px;vertical-align: baseline\">5\u00e8me g\u00e9n\u00e9ration<\/span><\/td>\n<\/tr>\n<tr class=\"a-spacing-small po-model_year\" style=\"border: 0px;font-style: inherit;font-weight: inherit;margin: 0px;padding: 0px;vertical-align: baseline\">\n<td class=\"a-span3\" style=\"border-width: 0px 1px 1px 0px;border-style: solid;font-style: inherit;margin: 0px;padding: 5px 15px;vertical-align: baseline\"><span class=\"a-size-base a-text-bold\" style=\"border: 0px;font-style: inherit;font-weight: inherit;margin: 0px;padding: 0px;vertical-align: baseline\">Ann\u00e9e du mod\u00e8le<\/span><\/td>\n<td class=\"a-span9\" style=\"border-width: 0px 1px 1px 0px;border-style: solid;font-style: inherit;margin: 0px;padding: 5px 15px;vertical-align: baseline\"><span class=\"a-size-base po-break-word\" style=\"border: 0px;font-style: inherit;font-weight: inherit;margin: 0px;padding: 0px;vertical-align: baseline\">2022<\/span><\/td>\n<\/tr>\n<tr class=\"a-spacing-small po-hardware_interface\" style=\"border: 0px;font-style: inherit;font-weight: inherit;margin: 0px;padding: 0px;vertical-align: baseline\">\n<td class=\"a-span3\" style=\"border-width: 0px 1px 1px 0px;border-style: solid;font-style: inherit;margin: 0px;padding: 5px 15px;vertical-align: baseline\"><span class=\"a-size-base a-text-bold\" style=\"border: 0px;font-style: inherit;font-weight: inherit;margin: 0px;padding: 0px;vertical-align: baseline\">Interface mat\u00e9rielle<\/span><\/td>\n<td class=\"a-span9\" style=\"border-width: 0px 1px 1px 0px;border-style: solid;font-style: inherit;margin: 0px;padding: 5px 15px;vertical-align: baseline\"><span class=\"a-size-base po-break-word\" style=\"border: 0px;font-style: inherit;font-weight: inherit;margin: 0px;padding: 0px;vertical-align: baseline\">USB-C<\/span><\/td>\n<\/tr>\n<\/tbody>\n<\/table>\n","protected":false},"excerpt":{"rendered":"<ul class=\"a-unordered-list a-vertical a-spacing-mini\" style=\"border: 0px;margin: 0px 0px 24px 15px;padding: 0px;vertical-align: baseline;clear: both;font-family: Poppins, Arial, Helvetica, sans-serif;font-size: 14px;letter-spacing: 1px\">\n<li class=\"a-spacing-mini\" style=\"border: 0px;font-style: inherit;font-weight: inherit;margin: 0px;padding: 0px;vertical-align: baseline\"><span class=\"a-list-item\" style=\"border: 0px;font-style: inherit;font-weight: inherit;margin: 0px;padding: 0px;vertical-align: baseline\">\u00c9cran Liquid Retina 10,9 pouces1 avec True Tone, large gamme de couleurs P3 et rev\u00eatement antireflet<\/span><\/li>\n<li class=\"a-spacing-mini\" style=\"border: 0px;font-style: inherit;font-weight: inherit;margin: 0px;padding: 0px;vertical-align: baseline\"><span class=\"a-list-item\" style=\"border: 0px;font-style: inherit;font-weight: inherit;margin: 0px;padding: 0px;vertical-align: baseline\">Puce Apple M1 avec Neural Engine<\/span><\/li>\n<li class=\"a-spacing-mini\" style=\"border: 0px;font-style: inherit;font-weight: inherit;margin: 0px;padding: 0px;vertical-align: baseline\"><span class=\"a-list-item\" style=\"border: 0px;font-style: inherit;font-weight: inherit;margin: 0px;padding: 0px;vertical-align: baseline\">Appareil photo grand\u2010angle 12 Mpx<\/span><\/li>\n<li class=\"a-spacing-mini\" style=\"border: 0px;font-style: inherit;font-weight: inherit;margin: 0px;padding: 0px;vertical-align: baseline\"><span class=\"a-list-item\" style=\"border: 0px;font-style: inherit;font-weight: inherit;margin: 0px;padding: 0px;vertical-align: baseline\">Cam\u00e9ra avant ultra grand-angle 12 Mpx avec Cadre centr\u00e9<\/span><\/li>\n<li class=\"a-spacing-mini\" style=\"border: 0px;font-style: inherit;font-weight: inherit;margin: 0px;padding: 0px;vertical-align: baseline\"><span class=\"a-list-item\" style=\"border: 0px;font-style: inherit;font-weight: inherit;margin: 0px;padding: 0px;vertical-align: baseline\">256 Go de stockage<\/span><\/li>\n<li class=\"a-spacing-mini\" style=\"border: 0px;font-style: inherit;font-weight: inherit;margin: 0px;padding: 0px;vertical-align: baseline\"><span class=\"a-list-item\" style=\"border: 0px;font-style: inherit;font-weight: inherit;margin: 0px;padding: 0px;vertical-align: baseline\">Disponible en bleu, mauve, rose, lumi\u00e8re stellaire et gris sid\u00e9ral<\/span><\/li>\n<li class=\"a-spacing-mini\" style=\"border: 0px;font-style: inherit;font-weight: inherit;margin: 0px;padding: 0px;vertical-align: baseline\"><span class=\"a-list-item\" style=\"border: 0px;font-style: inherit;font-weight: inherit;margin: 0px;padding: 0px;vertical-align: baseline\">Haut-parleurs st\u00e9r\u00e9o en mode paysage<\/span><\/li>\n<\/ul>\n","protected":false},"featured_media":3779,"comment_status":"open","ping_status":"closed","template":"","meta":{"_gspb_post_css":""},"store":[],"product_brand":[],"product_cat":[224],"product_tag":[],"class_list":{"0":"post-3783","1":"product","2":"type-product","3":"status-publish","4":"has-post-thumbnail","6":"product_cat-ipad","8":"first","9":"instock","10":"shipping-taxable","11":"purchasable","12":"product-type-simple"},"_links":{"self":[{"href":"https:\/\/bimba.sn\/index.php?rest_route=\/wp\/v2\/product\/3783","targetHints":{"allow":["GET"]}}],"collection":[{"href":"https:\/\/bimba.sn\/index.php?rest_route=\/wp\/v2\/product"}],"about":[{"href":"https:\/\/bimba.sn\/index.php?rest_route=\/wp\/v2\/types\/product"}],"replies":[{"embeddable":true,"href":"https:\/\/bimba.sn\/index.php?rest_route=%2Fwp%2Fv2%2Fcomments&post=3783"}],"wp:featuredmedia":[{"embeddable":true,"href":"https:\/\/bimba.sn\/index.php?rest_route=\/wp\/v2\/media\/3779"}],"wp:attachment":[{"href":"https:\/\/bimba.sn\/index.php?rest_route=%2Fwp%2Fv2%2Fmedia&parent=3783"}],"wp:term":[{"taxonomy":"store","embeddable":true,"href":"https:\/\/bimba.sn\/index.php?rest_route=%2Fwp%2Fv2%2Fstore&post=3783"},{"taxonomy":"product_brand","embeddable":true,"href":"https:\/\/bimba.sn\/index.php?rest_route=%2Fwp%2Fv2%2Fproduct_brand&post=3783"},{"taxonomy":"product_cat","embeddable":true,"href":"https:\/\/bimba.sn\/index.php?rest_route=%2Fwp%2Fv2%2Fproduct_cat&post=3783"},{"taxonomy":"product_tag","embeddable":true,"href":"https:\/\/bimba.sn\/index.php?rest_route=%2Fwp%2Fv2%2Fproduct_tag&post=3783"}],"curies":[{"name":"wp","href":"https:\/\/api.w.org\/{rel}","templated":true}]}}