{"id":3778,"date":"2025-05-16T22:46:25","date_gmt":"2025-05-16T20:46:25","guid":{"rendered":"https:\/\/bimba.sn\/?product=tablette-telzeal-p602-7-pouces-4128-go"},"modified":"2025-05-16T22:46:26","modified_gmt":"2025-05-16T20:46:26","slug":"tablette-telzeal-p602-7-pouces-4128-go","status":"publish","type":"product","link":"https:\/\/bimba.sn\/?product=tablette-telzeal-p602-7-pouces-4128-go","title":{"rendered":"Tablette TELZEAL P602 7 pouces 4+128 Go"},"content":{"rendered":"<p><br data-mce-bogus=\"1\"><\/p>\n","protected":false},"excerpt":{"rendered":"<p><span>La TELZEAL P602 est une tablette 7 pouces adapt\u00e9e aux enfants, dot\u00e9e de 4 Go de RAM et de 128 Go de stockage, disponible en orange vif. Cette tablette combine des fonctionnalit\u00e9s de divertissement et d&rsquo;\u00e9ducation dans un design durable sp\u00e9cialement con\u00e7u pour les enfants. Principales caract\u00e9ristiques : \u2022 \u00c9cran HD 7 pouces pour des visuels clairs \u2022 4 Go de RAM + 128 Go de capacit\u00e9 de stockage \u2022 \u00c9tui de protection orange adapt\u00e9 aux enfants \u2022 Cam\u00e9ras avant 0,3 MP et arri\u00e8re 2 MP \u2022 Capacit\u00e9 de la batterie 3000 mAh \u2022 Prise en charge de la connectivit\u00e9 5G \u2022 Livr\u00e9e avec des cadeaux et des accessoires gratuits La tablette TELZEAL P602 est livr\u00e9e avec un \u00e9tui de protection aux motifs de dessins anim\u00e9s mignons qui plaisent aux enfants. La tablette comprend du contenu \u00e9ducatif et un contr\u00f4le parental pour une utilisation en toute s\u00e9curit\u00e9. La batterie de 3000 mAh offre une autonomie prolong\u00e9e pour l&rsquo;apprentissage et le divertissement. L&rsquo;appareil est dot\u00e9 de cam\u00e9ras avant et arri\u00e8re pour les appels vid\u00e9o et la photographie. Le forfait comprend des accessoires bonus comme un stylet et des cartes de contenu \u00e9ducatif.<\/span><\/p>\n","protected":false},"featured_media":3776,"comment_status":"open","ping_status":"closed","template":"","meta":{"_gspb_post_css":""},"store":[],"product_brand":[],"product_cat":[223],"product_tag":[],"class_list":{"0":"post-3778","1":"product","2":"type-product","3":"status-publish","4":"has-post-thumbnail","6":"product_cat-tabletteeducative","8":"first","9":"instock","10":"sale","11":"shipping-taxable","12":"purchasable","13":"product-type-simple"},"_links":{"self":[{"href":"https:\/\/bimba.sn\/index.php?rest_route=\/wp\/v2\/product\/3778","targetHints":{"allow":["GET"]}}],"collection":[{"href":"https:\/\/bimba.sn\/index.php?rest_route=\/wp\/v2\/product"}],"about":[{"href":"https:\/\/bimba.sn\/index.php?rest_route=\/wp\/v2\/types\/product"}],"replies":[{"embeddable":true,"href":"https:\/\/bimba.sn\/index.php?rest_route=%2Fwp%2Fv2%2Fcomments&post=3778"}],"wp:featuredmedia":[{"embeddable":true,"href":"https:\/\/bimba.sn\/index.php?rest_route=\/wp\/v2\/media\/3776"}],"wp:attachment":[{"href":"https:\/\/bimba.sn\/index.php?rest_route=%2Fwp%2Fv2%2Fmedia&parent=3778"}],"wp:term":[{"taxonomy":"store","embeddable":true,"href":"https:\/\/bimba.sn\/index.php?rest_route=%2Fwp%2Fv2%2Fstore&post=3778"},{"taxonomy":"product_brand","embeddable":true,"href":"https:\/\/bimba.sn\/index.php?rest_route=%2Fwp%2Fv2%2Fproduct_brand&post=3778"},{"taxonomy":"product_cat","embeddable":true,"href":"https:\/\/bimba.sn\/index.php?rest_route=%2Fwp%2Fv2%2Fproduct_cat&post=3778"},{"taxonomy":"product_tag","embeddable":true,"href":"https:\/\/bimba.sn\/index.php?rest_route=%2Fwp%2Fv2%2Fproduct_tag&post=3778"}],"curies":[{"name":"wp","href":"https:\/\/api.w.org\/{rel}","templated":true}]}}