{"id":3761,"date":"2025-05-16T22:21:57","date_gmt":"2025-05-16T20:21:57","guid":{"rendered":"https:\/\/bimba.sn\/?product=tablette-modio-m34-10%e2%80%b3pouces-256gb-8gb-5g-tablette-hautes-performances"},"modified":"2025-05-16T22:21:58","modified_gmt":"2025-05-16T20:21:58","slug":"tablette-modio-m34-10%e2%80%b3pouces-256gb-8gb-5g-tablette-hautes-performances","status":"publish","type":"product","link":"https:\/\/bimba.sn\/?product=tablette-modio-m34-10%e2%80%b3pouces-256gb-8gb-5g-tablette-hautes-performances","title":{"rendered":"Tablette Modio M34 10\u2033pouces \u2013 256GB\/8GB 5G \u2013 Tablette Hautes Performances"},"content":{"rendered":"<div class=\"flex w-full flex-col gap-1 empty:hidden first:pt-[3px]\">\n<div class=\"markdown prose w-full break-words dark:prose-invert light\" style=\"margin: 0px;padding: 0px;border: 0px;vertical-align: baseline;font-style: inherit;font-variant: inherit;font-weight: inherit;line-height: inherit;font-family: inherit\">\n<h3><span style=\"margin: 0px;padding: 0px;border: 0px;vertical-align: baseline;font-style: inherit;font-variant: inherit;font-weight: 600;line-height: inherit;font-family: inherit\">Modio M34 10\u2033 256GB\/8GB 5G \u2013 Tablette Hautes Performances<\/span><\/h3>\n<p style=\"margin: 0px 0px 20px;padding: 0px;border: 0px;vertical-align: baseline;font-style: inherit;font-variant: inherit;font-weight: inherit;line-height: inherit;font-family: inherit\">D\u00e9couvrez la tablette\u00a0<span style=\"margin: 0px;padding: 0px;border: 0px;vertical-align: baseline;font-style: inherit;font-variant: inherit;font-weight: 600;line-height: inherit;font-family: inherit\">Modio M34<\/span>, un concentr\u00e9 de puissance et d\u2019innovation con\u00e7u pour r\u00e9pondre \u00e0 vos besoins professionnels, \u00e9ducatifs ou de divertissement. Dot\u00e9e d\u2019un \u00e9cran large de 10 pouces, d\u2019une connectivit\u00e9 5G ultra-rapide et d\u2019une grande capacit\u00e9 de stockage, la Modio M34 est la compagne id\u00e9ale pour une exp\u00e9rience num\u00e9rique fluide et immersive.<\/p>\n<\/div>\n<\/div>\n<p><a href=\"https:\/\/promo.sn\/wp-content\/uploads\/2025\/01\/tablette-modio-m34-1-500x500.png.webp\" style=\"margin: 0px;padding: 0px;border: 0px;vertical-align: baseline;font-style: inherit;font-variant: inherit;font-weight: inherit;line-height: inherit;font-family: inherit;box-shadow: none\"><img fetchpriority=\"high\" decoding=\"async\" class=\"alignnone size-medium wp-image-98864\" src=\"https:\/\/promo.sn\/wp-content\/uploads\/2025\/01\/tablette-modio-m34-1-500x500.png-555x360.webp.jpg\" alt=\"\" width=\"555\" height=\"360\" style=\"margin: 0px;padding: 0px;border: none;vertical-align: middle;font-style: inherit;font-variant: inherit;font-weight: inherit;line-height: inherit;font-family: inherit;border-radius: 0px;box-shadow: none\"><\/a><\/p>\n<div class=\"flex w-full flex-col gap-1 empty:hidden first:pt-[3px]\">\n<div class=\"markdown prose w-full break-words dark:prose-invert light\" style=\"margin: 0px;padding: 0px;border: 0px;vertical-align: baseline;font-style: inherit;font-variant: inherit;font-weight: inherit;line-height: inherit;font-family: inherit\">\n<hr style=\"margin: 0px;border-top: none;border-right: none;border-left: none;border-bottom-style: solid;border-bottom-color: currentcolor;opacity: 0.2;background-color: transparent\">\n<h3><span style=\"margin: 0px;padding: 0px;border: 0px;vertical-align: baseline;font-style: inherit;font-variant: inherit;font-weight: 600;line-height: inherit;font-family: inherit\">Caract\u00e9ristiques Principales :<\/span><\/h3>\n<h4><span style=\"margin: 0px;padding: 0px;border: 0px;vertical-align: baseline;font-style: inherit;font-variant: inherit;font-weight: 600;line-height: inherit;font-family: inherit\">\u00c9cran Immersif de 10 Pouces :<\/span><\/h4>\n<ul style=\"margin: 0px 0px 20px;padding: 0px 0px 0px 17px;border: 0px;vertical-align: baseline;font-style: inherit;font-variant: inherit;font-weight: inherit;line-height: inherit;font-family: inherit;--list-mb: 20px;--li-mb: 10px;--li-pl: 17px\">\n<li style=\"margin: 0px 0px 10px;padding: 0px;border: 0px;vertical-align: baseline;font-style: inherit;font-variant: inherit;font-weight: inherit;line-height: inherit;font-family: inherit\"><span style=\"margin: 0px;padding: 0px;border: 0px;vertical-align: baseline;font-style: inherit;font-variant: inherit;font-weight: 600;line-height: inherit;font-family: inherit\">Type d\u2019\u00e9cran :<\/span>\u00a0LCD IPS avec des couleurs \u00e9clatantes et des angles de vision larges.<\/li>\n<li style=\"margin: 0px 0px 10px;padding: 0px;border: 0px;vertical-align: baseline;font-style: inherit;font-variant: inherit;font-weight: inherit;line-height: inherit;font-family: inherit\"><span style=\"margin: 0px;padding: 0px;border: 0px;vertical-align: baseline;font-style: inherit;font-variant: inherit;font-weight: 600;line-height: inherit;font-family: inherit\">R\u00e9solution :<\/span>\u00a0HD, pour des images nettes et des vid\u00e9os claires.<\/li>\n<li style=\"margin: 0px;padding: 0px;border: 0px;vertical-align: baseline;font-style: inherit;font-variant: inherit;font-weight: inherit;line-height: inherit;font-family: inherit\"><span style=\"margin: 0px;padding: 0px;border: 0px;vertical-align: baseline;font-style: inherit;font-variant: inherit;font-weight: 600;line-height: inherit;font-family: inherit\">Id\u00e9al pour :<\/span>\u00a0Streaming, lecture, navigation sur le web et jeux.<\/li>\n<\/ul>\n<h4><span style=\"margin: 0px;padding: 0px;border: 0px;vertical-align: baseline;font-style: inherit;font-variant: inherit;font-weight: 600;line-height: inherit;font-family: inherit\">Puissance et Performance :<\/span><\/h4>\n<ul style=\"margin: 0px 0px 20px;padding: 0px 0px 0px 17px;border: 0px;vertical-align: baseline;font-style: inherit;font-variant: inherit;font-weight: inherit;line-height: inherit;font-family: inherit;--list-mb: 20px;--li-mb: 10px;--li-pl: 17px\">\n<li style=\"margin: 0px 0px 10px;padding: 0px;border: 0px;vertical-align: baseline;font-style: inherit;font-variant: inherit;font-weight: inherit;line-height: inherit;font-family: inherit\"><span style=\"margin: 0px;padding: 0px;border: 0px;vertical-align: baseline;font-style: inherit;font-variant: inherit;font-weight: 600;line-height: inherit;font-family: inherit\">Processeur :<\/span>\u00a0Octa-core pour une ex\u00e9cution rapide et fluide des applications.<\/li>\n<li style=\"margin: 0px 0px 10px;padding: 0px;border: 0px;vertical-align: baseline;font-style: inherit;font-variant: inherit;font-weight: inherit;line-height: inherit;font-family: inherit\"><span style=\"margin: 0px;padding: 0px;border: 0px;vertical-align: baseline;font-style: inherit;font-variant: inherit;font-weight: 600;line-height: inherit;font-family: inherit\">M\u00e9moire RAM :<\/span>\u00a08 Go, permettant un multit\u00e2che sans latence.<\/li>\n<li style=\"margin: 0px 0px 10px;padding: 0px;border: 0px;vertical-align: baseline;font-style: inherit;font-variant: inherit;font-weight: inherit;line-height: inherit;font-family: inherit\"><span style=\"margin: 0px;padding: 0px;border: 0px;vertical-align: baseline;font-style: inherit;font-variant: inherit;font-weight: 600;line-height: inherit;font-family: inherit\">Stockage Interne :<\/span>\u00a0256 Go, extensible via carte microSD, pour stocker vos fichiers, photos, vid\u00e9os et applications.<\/li>\n<li style=\"margin: 0px;padding: 0px;border: 0px;vertical-align: baseline;font-style: inherit;font-variant: inherit;font-weight: inherit;line-height: inherit;font-family: inherit\"><span style=\"margin: 0px;padding: 0px;border: 0px;vertical-align: baseline;font-style: inherit;font-variant: inherit;font-weight: 600;line-height: inherit;font-family: inherit\">Syst\u00e8me d\u2019exploitation :<\/span>\u00a0Android 12, offrant une interface moderne et intuitive.<\/li>\n<\/ul>\n<h4><span style=\"margin: 0px;padding: 0px;border: 0px;vertical-align: baseline;font-style: inherit;font-variant: inherit;font-weight: 600;line-height: inherit;font-family: inherit\">Connectivit\u00e9 de Nouvelle G\u00e9n\u00e9ration :<\/span><\/h4>\n<ul style=\"margin: 0px 0px 20px;padding: 0px 0px 0px 17px;border: 0px;vertical-align: baseline;font-style: inherit;font-variant: inherit;font-weight: inherit;line-height: inherit;font-family: inherit;--list-mb: 20px;--li-mb: 10px;--li-pl: 17px\">\n<li style=\"margin: 0px 0px 10px;padding: 0px;border: 0px;vertical-align: baseline;font-style: inherit;font-variant: inherit;font-weight: inherit;line-height: inherit;font-family: inherit\"><span style=\"margin: 0px;padding: 0px;border: 0px;vertical-align: baseline;font-style: inherit;font-variant: inherit;font-weight: 600;line-height: inherit;font-family: inherit\">Connectivit\u00e9 5G :<\/span>\u00a0T\u00e9l\u00e9chargements ultra-rapides et streaming sans interruption.<\/li>\n<li style=\"margin: 0px 0px 10px;padding: 0px;border: 0px;vertical-align: baseline;font-style: inherit;font-variant: inherit;font-weight: inherit;line-height: inherit;font-family: inherit\"><span style=\"margin: 0px;padding: 0px;border: 0px;vertical-align: baseline;font-style: inherit;font-variant: inherit;font-weight: 600;line-height: inherit;font-family: inherit\">Wi-Fi et Bluetooth :<\/span>\u00a0Compatibles pour des connexions stables et efficaces.<\/li>\n<li style=\"margin: 0px;padding: 0px;border: 0px;vertical-align: baseline;font-style: inherit;font-variant: inherit;font-weight: inherit;line-height: inherit;font-family: inherit\"><span style=\"margin: 0px;padding: 0px;border: 0px;vertical-align: baseline;font-style: inherit;font-variant: inherit;font-weight: 600;line-height: inherit;font-family: inherit\">Ports :<\/span>\u00a0USB Type-C pour une recharge rapide et un transfert de donn\u00e9es simplifi\u00e9.<\/li>\n<\/ul>\n<h4><span style=\"margin: 0px;padding: 0px;border: 0px;vertical-align: baseline;font-style: inherit;font-variant: inherit;font-weight: 600;line-height: inherit;font-family: inherit\">Batterie Longue Dur\u00e9e :<\/span><\/h4>\n<ul style=\"margin: 0px 0px 20px;padding: 0px 0px 0px 17px;border: 0px;vertical-align: baseline;font-style: inherit;font-variant: inherit;font-weight: inherit;line-height: inherit;font-family: inherit;--list-mb: 20px;--li-mb: 10px;--li-pl: 17px\">\n<li style=\"margin: 0px 0px 10px;padding: 0px;border: 0px;vertical-align: baseline;font-style: inherit;font-variant: inherit;font-weight: inherit;line-height: inherit;font-family: inherit\"><span style=\"margin: 0px;padding: 0px;border: 0px;vertical-align: baseline;font-style: inherit;font-variant: inherit;font-weight: 600;line-height: inherit;font-family: inherit\">Capacit\u00e9 :<\/span>\u00a07000 mAh, id\u00e9ale pour une utilisation prolong\u00e9e sans recharge fr\u00e9quente.<\/li>\n<li style=\"margin: 0px;padding: 0px;border: 0px;vertical-align: baseline;font-style: inherit;font-variant: inherit;font-weight: inherit;line-height: inherit;font-family: inherit\"><span style=\"margin: 0px;padding: 0px;border: 0px;vertical-align: baseline;font-style: inherit;font-variant: inherit;font-weight: 600;line-height: inherit;font-family: inherit\">Autonomie :<\/span>\u00a0Jusqu\u2019\u00e0 10 heures de navigation ou de streaming vid\u00e9o.<\/li>\n<\/ul>\n<h4><span style=\"margin: 0px;padding: 0px;border: 0px;vertical-align: baseline;font-style: inherit;font-variant: inherit;font-weight: 600;line-height: inherit;font-family: inherit\">Cam\u00e9ras de Qualit\u00e9 :<\/span><\/h4>\n<ul style=\"margin: 0px 0px 20px;padding: 0px 0px 0px 17px;border: 0px;vertical-align: baseline;font-style: inherit;font-variant: inherit;font-weight: inherit;line-height: inherit;font-family: inherit;--list-mb: 20px;--li-mb: 10px;--li-pl: 17px\">\n<li style=\"margin: 0px 0px 10px;padding: 0px;border: 0px;vertical-align: baseline;font-style: inherit;font-variant: inherit;font-weight: inherit;line-height: inherit;font-family: inherit\"><span style=\"margin: 0px;padding: 0px;border: 0px;vertical-align: baseline;font-style: inherit;font-variant: inherit;font-weight: 600;line-height: inherit;font-family: inherit\">Cam\u00e9ra arri\u00e8re :<\/span>\u00a013 MP pour capturer des photos et vid\u00e9os de haute qualit\u00e9.<\/li>\n<li style=\"margin: 0px;padding: 0px;border: 0px;vertical-align: baseline;font-style: inherit;font-variant: inherit;font-weight: inherit;line-height: inherit;font-family: inherit\"><span style=\"margin: 0px;padding: 0px;border: 0px;vertical-align: baseline;font-style: inherit;font-variant: inherit;font-weight: 600;line-height: inherit;font-family: inherit\">Cam\u00e9ra frontale :<\/span>\u00a08 MP, parfaite pour les visioconf\u00e9rences et les selfies.<\/li>\n<\/ul>\n<hr style=\"margin: 0px;border-top: none;border-right: none;border-left: none;border-bottom-style: solid;border-bottom-color: currentcolor;opacity: 0.2;background-color: transparent\">\n<h3><span style=\"margin: 0px;padding: 0px;border: 0px;vertical-align: baseline;font-style: inherit;font-variant: inherit;font-weight: 600;line-height: inherit;font-family: inherit\">Design \u00c9l\u00e9gant et Ergonomique :<\/span><\/h3>\n<ul style=\"margin: 0px 0px 20px;padding: 0px 0px 0px 17px;border: 0px;vertical-align: baseline;font-style: inherit;font-variant: inherit;font-weight: inherit;line-height: inherit;font-family: inherit;--list-mb: 20px;--li-mb: 10px;--li-pl: 17px\">\n<li style=\"margin: 0px 0px 10px;padding: 0px;border: 0px;vertical-align: baseline;font-style: inherit;font-variant: inherit;font-weight: inherit;line-height: inherit;font-family: inherit\"><span style=\"margin: 0px;padding: 0px;border: 0px;vertical-align: baseline;font-style: inherit;font-variant: inherit;font-weight: 600;line-height: inherit;font-family: inherit\">Finition Moderne :<\/span>\u00a0\u00c9l\u00e9gance et durabilit\u00e9 dans un format l\u00e9ger.<\/li>\n<li style=\"margin: 0px;padding: 0px;border: 0px;vertical-align: baseline;font-style: inherit;font-variant: inherit;font-weight: inherit;line-height: inherit;font-family: inherit\"><span style=\"margin: 0px;padding: 0px;border: 0px;vertical-align: baseline;font-style: inherit;font-variant: inherit;font-weight: 600;line-height: inherit;font-family: inherit\">Dimensions :<\/span>\u00a0Compacte et facile \u00e0 transporter pour une utilisation en d\u00e9placement.<\/li>\n<\/ul>\n<hr style=\"margin: 0px;border-top: none;border-right: none;border-left: none;border-bottom-style: solid;border-bottom-color: currentcolor;opacity: 0.2;background-color: transparent\">\n<h3><span style=\"margin: 0px;padding: 0px;border: 0px;vertical-align: baseline;font-style: inherit;font-variant: inherit;font-weight: 600;line-height: inherit;font-family: inherit\">Applications Id\u00e9ales :<\/span><\/h3>\n<ol style=\"margin: 0px 0px 20px;padding: 0px 0px 0px 17px;border: 0px;vertical-align: baseline;font-style: inherit;font-variant: inherit;font-weight: inherit;line-height: inherit;font-family: inherit;--list-mb: 20px;--li-mb: 10px;--li-pl: 17px\">\n<li style=\"margin: 0px 0px 10px;padding: 0px;border: 0px;vertical-align: baseline;font-style: inherit;font-variant: inherit;font-weight: inherit;line-height: inherit;font-family: inherit\"><span style=\"margin: 0px;padding: 0px;border: 0px;vertical-align: baseline;font-style: inherit;font-variant: inherit;font-weight: 600;line-height: inherit;font-family: inherit\">Professionnels :<\/span>\u00a0Id\u00e9ale pour la productivit\u00e9, les r\u00e9unions virtuelles et la gestion des t\u00e2ches.<\/li>\n<li style=\"margin: 0px 0px 10px;padding: 0px;border: 0px;vertical-align: baseline;font-style: inherit;font-variant: inherit;font-weight: inherit;line-height: inherit;font-family: inherit\"><span style=\"margin: 0px;padding: 0px;border: 0px;vertical-align: baseline;font-style: inherit;font-variant: inherit;font-weight: 600;line-height: inherit;font-family: inherit\">\u00c9tudiants :<\/span>\u00a0Parfaite pour l\u2019apprentissage en ligne, la prise de notes et les recherches.<\/li>\n<li style=\"margin: 0px;padding: 0px;border: 0px;vertical-align: baseline;font-style: inherit;font-variant: inherit;font-weight: inherit;line-height: inherit;font-family: inherit\"><span style=\"margin: 0px;padding: 0px;border: 0px;vertical-align: baseline;font-style: inherit;font-variant: inherit;font-weight: 600;line-height: inherit;font-family: inherit\">Divertissement :<\/span>\u00a0Excellente pour le streaming, les jeux et la lecture.<\/li>\n<\/ol>\n<p style=\"margin: 0px 0px 20px;padding: 0px;border: 0px;vertical-align: baseline;font-style: inherit;font-variant: inherit;font-weight: inherit;line-height: inherit;font-family: inherit\">Optez pour la\u00a0<span style=\"margin: 0px;padding: 0px;border: 0px;vertical-align: baseline;font-style: inherit;font-variant: inherit;font-weight: 600;line-height: inherit;font-family: inherit\">Modio M34 10\u2033 256GB\/8GB 5G<\/span>, la tablette ultime pour une exp\u00e9rience num\u00e9rique sans compromis. Son design, sa connectivit\u00e9 avanc\u00e9e et ses performances de pointe en font un choix incontournabl<\/p>\n<\/div>\n<\/div>\n","protected":false},"excerpt":{"rendered":"<p>Tablette enfant Modio M34 10\u2033pouces \u2013 256GB\/8GB 5G \u2013 Tablette Hautes Performances<\/p>\n<p>\u00a0<\/p>\n","protected":false},"featured_media":3756,"comment_status":"open","ping_status":"closed","template":"","meta":{"_gspb_post_css":""},"store":[],"product_brand":[],"product_cat":[223],"product_tag":[],"class_list":{"0":"post-3761","1":"product","2":"type-product","3":"status-publish","4":"has-post-thumbnail","6":"product_cat-tabletteeducative","8":"first","9":"instock","10":"sale","11":"shipping-taxable","12":"purchasable","13":"product-type-simple"},"_links":{"self":[{"href":"https:\/\/bimba.sn\/index.php?rest_route=\/wp\/v2\/product\/3761","targetHints":{"allow":["GET"]}}],"collection":[{"href":"https:\/\/bimba.sn\/index.php?rest_route=\/wp\/v2\/product"}],"about":[{"href":"https:\/\/bimba.sn\/index.php?rest_route=\/wp\/v2\/types\/product"}],"replies":[{"embeddable":true,"href":"https:\/\/bimba.sn\/index.php?rest_route=%2Fwp%2Fv2%2Fcomments&post=3761"}],"wp:featuredmedia":[{"embeddable":true,"href":"https:\/\/bimba.sn\/index.php?rest_route=\/wp\/v2\/media\/3756"}],"wp:attachment":[{"href":"https:\/\/bimba.sn\/index.php?rest_route=%2Fwp%2Fv2%2Fmedia&parent=3761"}],"wp:term":[{"taxonomy":"store","embeddable":true,"href":"https:\/\/bimba.sn\/index.php?rest_route=%2Fwp%2Fv2%2Fstore&post=3761"},{"taxonomy":"product_brand","embeddable":true,"href":"https:\/\/bimba.sn\/index.php?rest_route=%2Fwp%2Fv2%2Fproduct_brand&post=3761"},{"taxonomy":"product_cat","embeddable":true,"href":"https:\/\/bimba.sn\/index.php?rest_route=%2Fwp%2Fv2%2Fproduct_cat&post=3761"},{"taxonomy":"product_tag","embeddable":true,"href":"https:\/\/bimba.sn\/index.php?rest_route=%2Fwp%2Fv2%2Fproduct_tag&post=3761"}],"curies":[{"name":"wp","href":"https:\/\/api.w.org\/{rel}","templated":true}]}}