{"id":3754,"date":"2025-05-16T21:37:01","date_gmt":"2025-05-16T19:37:01","guid":{"rendered":"https:\/\/bimba.sn\/?product=tablette-modio-m25-10-pouces-apprentissage-et-divertissement"},"modified":"2025-05-16T21:37:24","modified_gmt":"2025-05-16T19:37:24","slug":"tablette-modio-m25-10-pouces-apprentissage-et-divertissement","status":"publish","type":"product","link":"https:\/\/bimba.sn\/?product=tablette-modio-m25-10-pouces-apprentissage-et-divertissement","title":{"rendered":"Tablette Modio M25 \u2013 10 pouces \u2013 Apprentissage et Divertissement"},"content":{"rendered":"<section id=\"wrapper\" style=\"padding-top: 25px;padding-bottom: 20px\" data-mce-style=\"padding-top: 25px; padding-bottom: 20px;\">\n<div class=\"main-content\">\n<div class=\"container\" style=\"position: relative;margin-left: auto;margin-right: auto;padding-right: 15px;padding-left: 15px;width: 1200px;max-width: 100%\" data-mce-style=\"position: relative; margin-left: auto; margin-right: auto; padding-right: 15px; padding-left: 15px; width: 1200px; max-width: 100%;\">\n<div class=\"row\" style=\"flex-wrap: wrap;margin-right: -15px;margin-left: -15px\" data-mce-style=\"flex-wrap: wrap; margin-right: -15px; margin-left: -15px;\">\n<div id=\"center-column\" class=\"center col-12\" style=\"position: relative;width: 1200px;min-height: 1px;padding-right: 15px;padding-left: 15px;flex: 0 0 100%;max-width: 100%\" data-mce-style=\"position: relative; width: 1200px; min-height: 1px; padding-right: 15px; padding-left: 15px; flex: 0 0 100%; max-width: 100%;\">\n<div class=\"center-wrapper\" style=\"height: 1128px;border: none\" data-mce-style=\"height: 1128px; border: none;\">\n<section>\n<div class=\"main-product-bottom md-bottom\" style=\"margin-bottom: 30px\" data-mce-style=\"margin-bottom: 30px;\">\n<div class=\"block md-bottom \" style=\"margin-bottom: 30px\" data-mce-style=\"margin-bottom: 30px;\">\n<div class=\"block-content\">\n<div class=\"product-description typo\">\n<p style=\"margin-top: 0px;margin-bottom: 0.625rem\" data-mce-style=\"margin-top: 0px; margin-bottom: 0.625rem;\">La tablette Modio M25 est con\u00e7ue pour offrir une exp\u00e9rience \u00e9ducative et ludique compl\u00e8te \u00e0 vos enfants. Dot\u00e9e d\u2019un design robuste et de fonctionnalit\u00e9s avanc\u00e9es, elle est id\u00e9ale pour l\u2019apprentissage et le divertissement tout en assurant la s\u00e9curit\u00e9 num\u00e9rique des enfants.<\/p>\n<ul style=\"margin-bottom: 1rem;margin-top: 0px;padding-left: 15px\" data-mce-style=\"margin-bottom: 1rem; margin-top: 0px; padding-left: 15px;\">\n<li><span style=\"font-weight: bolder\" data-mce-style=\"font-weight: bolder;\">Puissance et Performance :<\/span>\u00a0\u00c9quip\u00e9e de 6 Go de RAM et 256 Go de stockage interne, elle permet une utilisation fluide et un espace suffisant pour les applications, jeux et vid\u00e9os.<\/li>\n<li style=\"padding-top: 5px\" data-mce-style=\"padding-top: 5px;\"><span style=\"font-weight: bolder\" data-mce-style=\"font-weight: bolder;\">Syst\u00e8me Android 12 :<\/span>\u00a0Fournit une exp\u00e9rience utilisateur intuitive et s\u00e9curis\u00e9e, parfaite pour un usage quotidien.<\/li>\n<li style=\"padding-top: 5px\" data-mce-style=\"padding-top: 5px;\"><span style=\"font-weight: bolder\" data-mce-style=\"font-weight: bolder;\">Connectivit\u00e9 avanc\u00e9e :<\/span>\u00a0Supporte la 5G, le Wi-Fi et le Bluetooth, garantissant un acc\u00e8s rapide et fiable \u00e0 Internet pour le streaming, les t\u00e9l\u00e9chargements et les applications \u00e9ducatives.<\/li>\n<li style=\"padding-top: 5px\" data-mce-style=\"padding-top: 5px;\"><span style=\"font-weight: bolder\" data-mce-style=\"font-weight: bolder;\">Applications \u00e9ducatives pr\u00e9install\u00e9es :<\/span>\u00a0Encourage l\u2019apprentissage interactif des math\u00e9matiques, sciences, lecture et arts, tout en rendant l\u2019\u00e9ducation amusante et engageante.<\/li>\n<li style=\"padding-top: 5px\" data-mce-style=\"padding-top: 5px;\"><span style=\"font-weight: bolder\" data-mce-style=\"font-weight: bolder;\">Contr\u00f4le parental :<\/span>\u00a0G\u00e9rez facilement les contenus accessibles et le temps d\u2019\u00e9cran pour un environnement num\u00e9rique s\u00fbr.<\/li>\n<li style=\"padding-top: 5px\" data-mce-style=\"padding-top: 5px;\"><span style=\"font-weight: bolder\" data-mce-style=\"font-weight: bolder;\">Longue autonomie :<\/span>\u00a0Batterie de 6000mAh pour des heures d\u2019utilisation continue, id\u00e9ale pour l\u2019apprentissage et les loisirs.<\/li>\n<li style=\"padding-top: 5px\" data-mce-style=\"padding-top: 5px;\"><span style=\"font-weight: bolder\" data-mce-style=\"font-weight: bolder;\">Options de divertissement :<\/span>\u00a0Acc\u00e8s aux plateformes populaires comme Netflix, Disney+, et \u00e0 des jeux comme Minecraft et Roblox, pour combiner \u00e9ducation et plaisir.<\/li>\n<li style=\"padding-top: 5px\" data-mce-style=\"padding-top: 5px;\"><span style=\"font-weight: bolder\" data-mce-style=\"font-weight: bolder;\">Design robuste et \u00e9l\u00e9gant :<\/span>\u00a0Disponible en plusieurs couleurs attrayantes comme bleu, rose et rouge, avec une construction durable pour r\u00e9sister \u00e0 une utilisation quotidienne.<\/li>\n<\/ul>\n<p style=\"margin-top: 0px;margin-bottom: 0.625rem\" data-mce-style=\"margin-top: 0px; margin-bottom: 0.625rem;\"><a class=\"btn btn-primary\" href=\"https:\/\/nova.sn\/75-tablettes\" style=\"line-height: 1.3125rem;text-align: center;vertical-align: middle;padding: 7px 93.5938px;font-size: 0.875rem;border-radius: 3px;text-transform: uppercase;cursor: pointer\" data-mce-href=\"https:\/\/nova.sn\/75-tablettes\" data-mce-style=\"line-height: 1.3125rem; text-align: center; vertical-align: middle; padding: 7px 93.5938px; font-size: 0.875rem; border-radius: 3px; text-transform: uppercase; cursor: pointer;\">Voir d&rsquo;autres tablettes\u00a0<i class=\"caret-right\" style=\"vertical-align: middle;margin-top: -1px\" data-mce-style=\"vertical-align: middle; margin-top: -1px;\"><\/i><\/a><\/p>\n<\/div>\n<\/div>\n<\/div>\n<\/div>\n<\/section>\n<\/div>\n<\/div>\n<\/div>\n<\/div>\n<\/div>\n<\/section>\n<footer id=\"footer\" style=\"color: inherit;padding: 40px 0px 0px\" data-mce-style=\"color: inherit; padding: 40px 0px 0px;\">\n<div class=\"footer-top clearfix\" style=\"font-family: Roboto, sans-serif;font-size: 13px\" data-mce-style=\"font-family: Roboto, sans-serif; font-size: 13px;\">\n<div class=\"container\" style=\"position: relative;margin-left: auto;margin-right: auto;padding-right: 15px;padding-left: 15px;width: 1200px;max-width: 100%\" data-mce-style=\"position: relative; margin-left: auto; margin-right: auto; padding-right: 15px; padding-left: 15px; width: 1200px; max-width: 100%;\"><\/div>\n<\/div>\n<div class=\"footer-main clearfix\" style=\"font-family: Roboto, sans-serif;font-size: 13px\" data-mce-style=\"font-family: Roboto, sans-serif; font-size: 13px;\">\n<div class=\"container\" style=\"position: relative;margin-left: auto;margin-right: auto;padding-right: 15px;padding-left: 15px;width: 1200px;max-width: 100%\" data-mce-style=\"position: relative; margin-left: auto; margin-right: auto; padding-right: 15px; padding-left: 15px; width: 1200px; max-width: 100%;\">\n<div class=\"row\" style=\"flex-wrap: wrap;margin-right: -15px;margin-left: -15px\" data-mce-style=\"flex-wrap: wrap; margin-right: -15px; margin-left: -15px;\">\n<div class=\"footer-left col-sm-12 col-md-6 col-lg-4\" style=\"position: relative;width: 400px;min-height: 1px;padding-right: 15px;padding-left: 15px;flex: 0 0 33.3333%;max-width: 33.3333%\" data-mce-style=\"position: relative; width: 400px; min-height: 1px; padding-right: 15px; padding-left: 15px; flex: 0 0 33.3333%; max-width: 33.3333%;\">\n<div class=\"footer-about-us md-bottom\" style=\"margin-bottom: 30px;padding-right: 25.8906px\" data-mce-style=\"margin-bottom: 30px; padding-right: 25.8906px;\">\n<div class=\"typo\"><\/div>\n<\/div>\n<\/div>\n<\/div>\n<\/div>\n<\/div>\n<\/footer>\n","protected":false},"excerpt":{"rendered":"<p><span style=\"font-family: Roboto, sans-serif;font-size: 13px\" data-mce-style=\"font-family: Roboto, sans-serif; font-size: 13px;\">D\u00e9couvrez la tablette Modio M25 pour enfants au S\u00e9n\u00e9gal : connectivit\u00e9 5G, applications \u00e9ducatives, contr\u00f4le parental, et design robuste. Apprentissage et plaisir garantis.<\/span><\/p>\n","protected":false},"featured_media":3752,"comment_status":"open","ping_status":"closed","template":"","meta":{"_gspb_post_css":""},"store":[],"product_brand":[],"product_cat":[223],"product_tag":[],"class_list":{"0":"post-3754","1":"product","2":"type-product","3":"status-publish","4":"has-post-thumbnail","6":"product_cat-tabletteeducative","8":"first","9":"instock","10":"shipping-taxable","11":"purchasable","12":"product-type-simple"},"_links":{"self":[{"href":"https:\/\/bimba.sn\/index.php?rest_route=\/wp\/v2\/product\/3754","targetHints":{"allow":["GET"]}}],"collection":[{"href":"https:\/\/bimba.sn\/index.php?rest_route=\/wp\/v2\/product"}],"about":[{"href":"https:\/\/bimba.sn\/index.php?rest_route=\/wp\/v2\/types\/product"}],"replies":[{"embeddable":true,"href":"https:\/\/bimba.sn\/index.php?rest_route=%2Fwp%2Fv2%2Fcomments&post=3754"}],"wp:featuredmedia":[{"embeddable":true,"href":"https:\/\/bimba.sn\/index.php?rest_route=\/wp\/v2\/media\/3752"}],"wp:attachment":[{"href":"https:\/\/bimba.sn\/index.php?rest_route=%2Fwp%2Fv2%2Fmedia&parent=3754"}],"wp:term":[{"taxonomy":"store","embeddable":true,"href":"https:\/\/bimba.sn\/index.php?rest_route=%2Fwp%2Fv2%2Fstore&post=3754"},{"taxonomy":"product_brand","embeddable":true,"href":"https:\/\/bimba.sn\/index.php?rest_route=%2Fwp%2Fv2%2Fproduct_brand&post=3754"},{"taxonomy":"product_cat","embeddable":true,"href":"https:\/\/bimba.sn\/index.php?rest_route=%2Fwp%2Fv2%2Fproduct_cat&post=3754"},{"taxonomy":"product_tag","embeddable":true,"href":"https:\/\/bimba.sn\/index.php?rest_route=%2Fwp%2Fv2%2Fproduct_tag&post=3754"}],"curies":[{"name":"wp","href":"https:\/\/api.w.org\/{rel}","templated":true}]}}