{"id":3732,"date":"2025-05-16T20:47:06","date_gmt":"2025-05-16T18:47:06","guid":{"rendered":"https:\/\/bimba.sn\/?product=tablette-modio-m797-5g-7-pouces-6go-ram-256go-stockage"},"modified":"2025-05-16T20:47:06","modified_gmt":"2025-05-16T18:47:06","slug":"tablette-modio-m797-5g-7-pouces-6go-ram-256go-stockage","status":"publish","type":"product","link":"https:\/\/bimba.sn\/?product=tablette-modio-m797-5g-7-pouces-6go-ram-256go-stockage","title":{"rendered":"Tablette Modio M797 &#8211; 5G &#8211; 7 Pouces &#8211; 6Go RAM &#8211; 256Go Stockage"},"content":{"rendered":"<p><br data-mce-bogus=\"1\"><\/p>\n","protected":false},"excerpt":{"rendered":"<section id=\"wrapper\" style=\"padding-top: 25px;padding-bottom: 20px\">\n<div class=\"main-content\">\n<div class=\"container\" style=\"position: relative;margin-left: auto;margin-right: auto;padding-right: 15px;padding-left: 15px;width: 1200px;max-width: 100%\">\n<div class=\"row\" style=\"flex-wrap: wrap;margin-right: -15px;margin-left: -15px\">\n<div id=\"center-column\" class=\"center col-12\" style=\"position: relative;width: 1200px;min-height: 1px;padding-right: 15px;padding-left: 15px;flex: 0 0 100%;max-width: 100%\">\n<div class=\"center-wrapper\" style=\"height: 1154px;border: none\">\n<section>\n<div class=\"main-product-bottom md-bottom\" style=\"margin-bottom: 30px\">\n<div class=\"block md-bottom \" style=\"margin-bottom: 30px\">\n<div class=\"block-content\">\n<div class=\"product-description typo\">\n<ul style=\"margin-bottom: 1rem;margin-top: 0px;padding-left: 15px\">\n<li>\u00c9cran : 7 pouces Haute D\u00e9finition<\/li>\n<li style=\"padding-top: 5px\">Connectivit\u00e9 : 5G + WiFi<\/li>\n<li style=\"padding-top: 5px\">Double SIM : Supporte 2 cartes SIM<\/li>\n<li style=\"padding-top: 5px\">Cam\u00e9ra Frontale : 2.0 MP<\/li>\n<li style=\"padding-top: 5px\">Cam\u00e9ra Arri\u00e8re : 5.0 MP<\/li>\n<li style=\"padding-top: 5px\">Batterie : 3000mAh, haute capacit\u00e9<\/li>\n<li style=\"padding-top: 5px\">M\u00e9moire RAM : 6 Go<\/li>\n<li style=\"padding-top: 5px\">Stockage : 256 Go<\/li>\n<li style=\"padding-top: 5px\">Syst\u00e8me d&rsquo;exploitation : Android<\/li>\n<li style=\"padding-top: 5px\">Langues : Supporte plusieurs langues<\/li>\n<li style=\"padding-top: 5px\">Accessoires inclus : Chargeur, c\u00e2ble USB, \u00e9tui en TPU, protecteur d&rsquo;\u00e9cran, cadeaux suppl\u00e9mentaires<\/li>\n<\/ul>\n<p style=\"margin-top: 0px;margin-bottom: 0.625rem\"><a class=\"btn btn-primary\" href=\"https:\/\/nova.sn\/75-tablettes\" style=\"line-height: 1.3125rem;text-align: center;vertical-align: middle;padding: 7px 93.5938px;font-size: 0.875rem;border-radius: 3px;text-transform: uppercase;cursor: pointer\">Voir d&rsquo;autres tablettes\u00a0<i class=\"caret-right\" style=\"vertical-align: middle;margin-top: -1px\"><\/i><\/a><\/p>\n<\/div>\n<\/div>\n<\/div>\n<\/div>\n<\/section>\n<\/div>\n<\/div>\n<\/div>\n<\/div>\n<\/div>\n<\/section>\n<footer id=\"footer\" style=\"color: inherit;padding: 40px 0px 0px\">\n<div class=\"footer-top clearfix\" style=\"font-family: Roboto, sans-serif;font-size: 13px\">\n<div class=\"container\" style=\"position: relative;margin-left: auto;margin-right: auto;padding-right: 15px;padding-left: 15px;width: 1200px;max-width: 100%\"><\/div>\n<\/div>\n<div class=\"footer-main clearfix\" style=\"font-family: Roboto, sans-serif;font-size: 13px\">\n<div class=\"container\" style=\"position: relative;margin-left: auto;margin-right: auto;padding-right: 15px;padding-left: 15px;width: 1200px;max-width: 100%\">\n<div class=\"row\" style=\"flex-wrap: wrap;margin-right: -15px;margin-left: -15px\">\n<div class=\"footer-left col-sm-12 col-md-6 col-lg-4\" style=\"position: relative;width: 400px;min-height: 1px;padding-right: 15px;padding-left: 15px;flex: 0 0 33.3333%;max-width: 33.3333%\">\n<div class=\"footer-about-us md-bottom\" style=\"margin-bottom: 30px;padding-right: 25.8906px\">\n<div class=\"typo\"><\/div>\n<\/div>\n<\/div>\n<\/div>\n<\/div>\n<\/div>\n<\/footer>\n","protected":false},"featured_media":3731,"comment_status":"open","ping_status":"closed","template":"","meta":{"_gspb_post_css":""},"store":[],"product_brand":[],"product_cat":[223],"product_tag":[],"class_list":{"0":"post-3732","1":"product","2":"type-product","3":"status-publish","4":"has-post-thumbnail","6":"product_cat-tabletteeducative","8":"first","9":"instock","10":"shipping-taxable","11":"purchasable","12":"product-type-simple"},"_links":{"self":[{"href":"https:\/\/bimba.sn\/index.php?rest_route=\/wp\/v2\/product\/3732","targetHints":{"allow":["GET"]}}],"collection":[{"href":"https:\/\/bimba.sn\/index.php?rest_route=\/wp\/v2\/product"}],"about":[{"href":"https:\/\/bimba.sn\/index.php?rest_route=\/wp\/v2\/types\/product"}],"replies":[{"embeddable":true,"href":"https:\/\/bimba.sn\/index.php?rest_route=%2Fwp%2Fv2%2Fcomments&post=3732"}],"wp:featuredmedia":[{"embeddable":true,"href":"https:\/\/bimba.sn\/index.php?rest_route=\/wp\/v2\/media\/3731"}],"wp:attachment":[{"href":"https:\/\/bimba.sn\/index.php?rest_route=%2Fwp%2Fv2%2Fmedia&parent=3732"}],"wp:term":[{"taxonomy":"store","embeddable":true,"href":"https:\/\/bimba.sn\/index.php?rest_route=%2Fwp%2Fv2%2Fstore&post=3732"},{"taxonomy":"product_brand","embeddable":true,"href":"https:\/\/bimba.sn\/index.php?rest_route=%2Fwp%2Fv2%2Fproduct_brand&post=3732"},{"taxonomy":"product_cat","embeddable":true,"href":"https:\/\/bimba.sn\/index.php?rest_route=%2Fwp%2Fv2%2Fproduct_cat&post=3732"},{"taxonomy":"product_tag","embeddable":true,"href":"https:\/\/bimba.sn\/index.php?rest_route=%2Fwp%2Fv2%2Fproduct_tag&post=3732"}],"curies":[{"name":"wp","href":"https:\/\/api.w.org\/{rel}","templated":true}]}}