{"id":3712,"date":"2025-05-16T20:26:41","date_gmt":"2025-05-16T18:26:41","guid":{"rendered":"https:\/\/bimba.sn\/?product=tablette-modio-m61-7-pouces-ips-4go-ram-128go-rom"},"modified":"2025-05-16T20:26:42","modified_gmt":"2025-05-16T18:26:42","slug":"tablette-modio-m61-7-pouces-ips-4go-ram-128go-rom","status":"publish","type":"product","link":"https:\/\/bimba.sn\/?product=tablette-modio-m61-7-pouces-ips-4go-ram-128go-rom","title":{"rendered":"Tablette Modio M61 &#8211; 7 pouces IPS &#8211; 4Go RAM &#8211; 128Go ROM"},"content":{"rendered":"<p><br data-mce-bogus=\"1\"><\/p>\n","protected":false},"excerpt":{"rendered":"<p><span style=\"font-family: Roboto, sans-serif;font-size: 13px\">D\u00e9couvrez la tablette Modio M61 au S\u00e9n\u00e9gal ! \u00c9cran 7 pouces IPS, 4 Go RAM, 128 Go de stockage, cam\u00e9ra 5MP, connectivit\u00e9 Wi-Fi\/Bluetooth, batterie 3000mAh et d\u00e9tection faciale\/empreinte digitale. Disponible en Rose, Bleu et Vert. Commandez maintenant !<\/span><\/p>\n","protected":false},"featured_media":3711,"comment_status":"open","ping_status":"closed","template":"","meta":{"_gspb_post_css":""},"store":[],"product_brand":[],"product_cat":[223],"product_tag":[],"class_list":{"0":"post-3712","1":"product","2":"type-product","3":"status-publish","4":"has-post-thumbnail","6":"product_cat-tabletteeducative","8":"first","9":"instock","10":"sale","11":"shipping-taxable","12":"purchasable","13":"product-type-simple"},"_links":{"self":[{"href":"https:\/\/bimba.sn\/index.php?rest_route=\/wp\/v2\/product\/3712","targetHints":{"allow":["GET"]}}],"collection":[{"href":"https:\/\/bimba.sn\/index.php?rest_route=\/wp\/v2\/product"}],"about":[{"href":"https:\/\/bimba.sn\/index.php?rest_route=\/wp\/v2\/types\/product"}],"replies":[{"embeddable":true,"href":"https:\/\/bimba.sn\/index.php?rest_route=%2Fwp%2Fv2%2Fcomments&post=3712"}],"wp:featuredmedia":[{"embeddable":true,"href":"https:\/\/bimba.sn\/index.php?rest_route=\/wp\/v2\/media\/3711"}],"wp:attachment":[{"href":"https:\/\/bimba.sn\/index.php?rest_route=%2Fwp%2Fv2%2Fmedia&parent=3712"}],"wp:term":[{"taxonomy":"store","embeddable":true,"href":"https:\/\/bimba.sn\/index.php?rest_route=%2Fwp%2Fv2%2Fstore&post=3712"},{"taxonomy":"product_brand","embeddable":true,"href":"https:\/\/bimba.sn\/index.php?rest_route=%2Fwp%2Fv2%2Fproduct_brand&post=3712"},{"taxonomy":"product_cat","embeddable":true,"href":"https:\/\/bimba.sn\/index.php?rest_route=%2Fwp%2Fv2%2Fproduct_cat&post=3712"},{"taxonomy":"product_tag","embeddable":true,"href":"https:\/\/bimba.sn\/index.php?rest_route=%2Fwp%2Fv2%2Fproduct_tag&post=3712"}],"curies":[{"name":"wp","href":"https:\/\/api.w.org\/{rel}","templated":true}]}}