{"id":3698,"date":"2025-05-16T16:15:40","date_gmt":"2025-05-16T14:15:40","guid":{"rendered":"https:\/\/bimba.sn\/?product=disque-dur-interne-wd-purple-4-to-hdd"},"modified":"2025-05-16T16:15:40","modified_gmt":"2025-05-16T14:15:40","slug":"disque-dur-interne-wd-purple-4-to-hdd","status":"publish","type":"product","link":"https:\/\/bimba.sn\/?product=disque-dur-interne-wd-purple-4-to-hdd","title":{"rendered":"Disque dur interne WD Purple 4 To HDD"},"content":{"rendered":"<p>Capacit\u00e9: 4 To<\/p>\n<p>\u2022 Interface: SATA III 6 Gb\/s<\/p>\n<p>Vitesse de rotation: 5400 tr\/min<\/p>\n<p>(IntelliPower)<\/p>\n<p>Cache: 256 Mo<\/p>\n<p>\u2022 D\u00e9bit soutenu: jusqu&rsquo;\u00e0 180 Mo\/s<\/p>\n<p>Technologie d&rsquo;enregistrement: CMR (Conventional Magnetic Recording)<\/p>\n<p>Fiabilit\u00e9: MTBF de 1 million d&rsquo;heures, taux d&rsquo;erreurs non r\u00e9cup\u00e9rables &lt;1 sur 1014 bits lus<\/p>\n<p>Charge de travail annuelle: jusqu&rsquo;\u00e0 180 To\/an<\/p>\n<p>Compatibilit\u00e9: jusqu&rsquo;\u00e0 64 cam\u00e9ras HD et 16 baies<\/p>\n<p>Dimensions: 147 mm x 101,6 mm x 26,1<\/p>\n","protected":false},"excerpt":{"rendered":"<p style=\"text-align: left\" data-mce-style=\"text-align: left;\"><br data-mce-bogus=\"1\"><\/p>\n","protected":false},"featured_media":3697,"comment_status":"open","ping_status":"closed","template":"","meta":{"_gspb_post_css":""},"store":[],"product_brand":[],"product_cat":[269,245,274],"product_tag":[],"class_list":{"0":"post-3698","1":"product","2":"type-product","3":"status-publish","4":"has-post-thumbnail","6":"product_cat-composantspc","7":"product_cat-equipementvideodesurveillance","8":"product_cat-stockagededonnees","10":"first","11":"instock","12":"shipping-taxable","13":"purchasable","14":"product-type-simple"},"_links":{"self":[{"href":"https:\/\/bimba.sn\/index.php?rest_route=\/wp\/v2\/product\/3698","targetHints":{"allow":["GET"]}}],"collection":[{"href":"https:\/\/bimba.sn\/index.php?rest_route=\/wp\/v2\/product"}],"about":[{"href":"https:\/\/bimba.sn\/index.php?rest_route=\/wp\/v2\/types\/product"}],"replies":[{"embeddable":true,"href":"https:\/\/bimba.sn\/index.php?rest_route=%2Fwp%2Fv2%2Fcomments&post=3698"}],"wp:featuredmedia":[{"embeddable":true,"href":"https:\/\/bimba.sn\/index.php?rest_route=\/wp\/v2\/media\/3697"}],"wp:attachment":[{"href":"https:\/\/bimba.sn\/index.php?rest_route=%2Fwp%2Fv2%2Fmedia&parent=3698"}],"wp:term":[{"taxonomy":"store","embeddable":true,"href":"https:\/\/bimba.sn\/index.php?rest_route=%2Fwp%2Fv2%2Fstore&post=3698"},{"taxonomy":"product_brand","embeddable":true,"href":"https:\/\/bimba.sn\/index.php?rest_route=%2Fwp%2Fv2%2Fproduct_brand&post=3698"},{"taxonomy":"product_cat","embeddable":true,"href":"https:\/\/bimba.sn\/index.php?rest_route=%2Fwp%2Fv2%2Fproduct_cat&post=3698"},{"taxonomy":"product_tag","embeddable":true,"href":"https:\/\/bimba.sn\/index.php?rest_route=%2Fwp%2Fv2%2Fproduct_tag&post=3698"}],"curies":[{"name":"wp","href":"https:\/\/api.w.org\/{rel}","templated":true}]}}