{"id":3680,"date":"2025-05-15T22:43:35","date_gmt":"2025-05-15T20:43:35","guid":{"rendered":"https:\/\/bimba.sn\/?product=redmi-note-13-pro-plus-4g-8go-ram-256go-stockage"},"modified":"2025-05-15T22:45:30","modified_gmt":"2025-05-15T20:45:30","slug":"redmi-note-13-pro-plus-4g-8go-ram-256go-stockage","status":"publish","type":"product","link":"https:\/\/bimba.sn\/?product=redmi-note-13-pro-plus-4g-8go-ram-256go-stockage","title":{"rendered":"Redmi Note 13 Pro plus 4G 8Go RAM \u2013 256Go stockage"},"content":{"rendered":"<p><\/p>\n","protected":false},"excerpt":{"rendered":"<ul data-mce-style=\"margin-bottom: 1rem; margin-top: 0px; padding-left: 15px; font-family: Roboto, sans-serif; font-size: 13px;\" style=\"margin-bottom: 1rem;margin-top: 0px;padding-left: 15px;font-family: Roboto, sans-serif;font-size: 13px\">\n<li>Processeur : MediaTek Dimensity 7200-Ultra, 4 nm, 8 c\u0153urs jusqu&rsquo;\u00e0 2.8 GHz, GPU Mali-G610.<\/li>\n<li style=\"padding-top: 5px\">Stockage et RAM : 256Go RAM 8 Go<\/li>\n<li style=\"padding-top: 5px\">Dimensions : 161,4 mm x 74,2 mm x 8,9 mm, 204,5 g.<\/li>\n<li style=\"padding-top: 5px\">\u00c9cran : 6,67 pouces CrystalRes AMOLED, 120 Hz, 1 800 nits, HDR10+.<\/li>\n<li style=\"padding-top: 5px\">Cam\u00e9ra arri\u00e8re : Triple cam\u00e9ra 200 MP + 8 MP + 2 MP, enregistrement 4K.<\/li>\n<li style=\"padding-top: 5px\">Cam\u00e9ra avant : 16 MP, enregistrement vid\u00e9o 1080p.<\/li>\n<li style=\"padding-top: 5px\">Batterie : 5000 mAh, HyperCharge 120 W.<\/li>\n<li style=\"padding-top: 5px\">S\u00e9curit\u00e9 : Capteur d&#8217;empreintes digitales, d\u00e9verrouillage facial.<\/li>\n<li style=\"padding-top: 5px\">Connectivit\u00e9 : 5G, Wi-Fi 6, Bluetooth 5.3, NFC.<\/li>\n<li style=\"padding-top: 5px\">R\u00e9sistance : IP68 contre les \u00e9claboussures, l&rsquo;eau et la poussi\u00e8re.<\/li>\n<li style=\"padding-top: 5px\">Syst\u00e8me d&rsquo;exploitation : MIUI 14.<\/li>\n<\/ul>\n","protected":false},"featured_media":3675,"comment_status":"open","ping_status":"closed","template":"","meta":{"_gspb_post_css":""},"store":[],"product_brand":[],"product_cat":[208],"product_tag":[],"class_list":{"0":"post-3680","1":"product","2":"type-product","3":"status-publish","4":"has-post-thumbnail","6":"product_cat-smartphones","8":"first","9":"instock","10":"sale","11":"shipping-taxable","12":"purchasable","13":"product-type-simple"},"_links":{"self":[{"href":"https:\/\/bimba.sn\/index.php?rest_route=\/wp\/v2\/product\/3680","targetHints":{"allow":["GET"]}}],"collection":[{"href":"https:\/\/bimba.sn\/index.php?rest_route=\/wp\/v2\/product"}],"about":[{"href":"https:\/\/bimba.sn\/index.php?rest_route=\/wp\/v2\/types\/product"}],"replies":[{"embeddable":true,"href":"https:\/\/bimba.sn\/index.php?rest_route=%2Fwp%2Fv2%2Fcomments&post=3680"}],"wp:featuredmedia":[{"embeddable":true,"href":"https:\/\/bimba.sn\/index.php?rest_route=\/wp\/v2\/media\/3675"}],"wp:attachment":[{"href":"https:\/\/bimba.sn\/index.php?rest_route=%2Fwp%2Fv2%2Fmedia&parent=3680"}],"wp:term":[{"taxonomy":"store","embeddable":true,"href":"https:\/\/bimba.sn\/index.php?rest_route=%2Fwp%2Fv2%2Fstore&post=3680"},{"taxonomy":"product_brand","embeddable":true,"href":"https:\/\/bimba.sn\/index.php?rest_route=%2Fwp%2Fv2%2Fproduct_brand&post=3680"},{"taxonomy":"product_cat","embeddable":true,"href":"https:\/\/bimba.sn\/index.php?rest_route=%2Fwp%2Fv2%2Fproduct_cat&post=3680"},{"taxonomy":"product_tag","embeddable":true,"href":"https:\/\/bimba.sn\/index.php?rest_route=%2Fwp%2Fv2%2Fproduct_tag&post=3680"}],"curies":[{"name":"wp","href":"https:\/\/api.w.org\/{rel}","templated":true}]}}