{"id":3642,"date":"2025-05-15T21:48:37","date_gmt":"2025-05-15T19:48:37","guid":{"rendered":"https:\/\/bimba.sn\/?product=calus-c6350-telephone-dual-sim-radio-fm-batterie-integree"},"modified":"2025-05-15T21:48:37","modified_gmt":"2025-05-15T19:48:37","slug":"calus-c6350-telephone-dual-sim-radio-fm-batterie-integree","status":"publish","type":"product","link":"https:\/\/bimba.sn\/?product=calus-c6350-telephone-dual-sim-radio-fm-batterie-integree","title":{"rendered":"CALUS C6350 T\u00e9l\u00e9phone Dual SIM &#8211; Radio FM &#8211; Batterie Int\u00e9gr\u00e9e"},"content":{"rendered":"<p><br data-mce-bogus=\"1\"><\/p>\n","protected":false},"excerpt":{"rendered":"<p><br data-mce-bogus=\"1\"><\/p>\n","protected":false},"featured_media":3641,"comment_status":"open","ping_status":"closed","template":"","meta":{"_gspb_post_css":""},"store":[],"product_brand":[],"product_cat":[209],"product_tag":[],"class_list":{"0":"post-3642","1":"product","2":"type-product","3":"status-publish","4":"has-post-thumbnail","6":"product_cat-telephonebasic","8":"first","9":"instock","10":"shipping-taxable","11":"purchasable","12":"product-type-simple"},"_links":{"self":[{"href":"https:\/\/bimba.sn\/index.php?rest_route=\/wp\/v2\/product\/3642","targetHints":{"allow":["GET"]}}],"collection":[{"href":"https:\/\/bimba.sn\/index.php?rest_route=\/wp\/v2\/product"}],"about":[{"href":"https:\/\/bimba.sn\/index.php?rest_route=\/wp\/v2\/types\/product"}],"replies":[{"embeddable":true,"href":"https:\/\/bimba.sn\/index.php?rest_route=%2Fwp%2Fv2%2Fcomments&post=3642"}],"wp:featuredmedia":[{"embeddable":true,"href":"https:\/\/bimba.sn\/index.php?rest_route=\/wp\/v2\/media\/3641"}],"wp:attachment":[{"href":"https:\/\/bimba.sn\/index.php?rest_route=%2Fwp%2Fv2%2Fmedia&parent=3642"}],"wp:term":[{"taxonomy":"store","embeddable":true,"href":"https:\/\/bimba.sn\/index.php?rest_route=%2Fwp%2Fv2%2Fstore&post=3642"},{"taxonomy":"product_brand","embeddable":true,"href":"https:\/\/bimba.sn\/index.php?rest_route=%2Fwp%2Fv2%2Fproduct_brand&post=3642"},{"taxonomy":"product_cat","embeddable":true,"href":"https:\/\/bimba.sn\/index.php?rest_route=%2Fwp%2Fv2%2Fproduct_cat&post=3642"},{"taxonomy":"product_tag","embeddable":true,"href":"https:\/\/bimba.sn\/index.php?rest_route=%2Fwp%2Fv2%2Fproduct_tag&post=3642"}],"curies":[{"name":"wp","href":"https:\/\/api.w.org\/{rel}","templated":true}]}}