{"id":3625,"date":"2025-05-15T18:50:38","date_gmt":"2025-05-15T16:50:38","guid":{"rendered":"https:\/\/bimba.sn\/?product=fer-a-repasser-astech-ir3530-he-gm-carton-de-06pcs"},"modified":"2025-05-15T18:50:39","modified_gmt":"2025-05-15T16:50:39","slug":"fer-a-repasser-astech-ir3530-he-gm-carton-de-06pcs","status":"publish","type":"product","link":"https:\/\/bimba.sn\/?product=fer-a-repasser-astech-ir3530-he-gm-carton-de-06pcs","title":{"rendered":"FER A REPASSER ASTECH IR3530-HE GM (carton de 06pcs)"},"content":{"rendered":"<div class=\"item-panel\" id=\"tabs-list-description\" style=\"padding: 24px 30px;background-image:;background-size:;background-repeat:;background-attachment:\">\n<p style=\"margin-top: 0px;margin-bottom: 1rem\">Cat\u00e9gorie: Accessoires<br \/>Marque:ASTECH<br \/>Mod\u00e8le: IR3530-HE<br \/>Type de produit: Fer \u00e0 repasser vapeur<br \/>Couleur: Vert<br \/>Multi usage: Sec pulv\u00e9risation ,vapeur Contr\u00f4le du thermostat avec une \u00e9conomie d\u2019\u00e9nergie facile \u00e0 manipuler. Repassage \u00e0 vapeur ,semelle anti adh\u00e9sive. Tension :220\/240V Fr\u00e9quence<\/p>\n<\/div>\n<div class=\"item-panel\" id=\"tabs-list-reviews\" style=\"padding: 37px 30px 24px;background-image:;background-size:;background-repeat:;background-attachment:\">\n<div id=\"reviews\" class=\"woocommerce-Reviews\">\n<div id=\"comments\" style=\"padding: 0px;margin: 0px;background-image:;background-size:;background-repeat:;background-attachment:;position: relative\"><\/div>\n<\/div>\n<p><br class=\"Apple-interchange-newline\"><\/div>\n","protected":false},"excerpt":{"rendered":"<p><br data-mce-bogus=\"1\"><\/p>\n","protected":false},"featured_media":3624,"comment_status":"open","ping_status":"closed","template":"","meta":{"_gspb_post_css":""},"store":[],"product_brand":[],"product_cat":[253],"product_tag":[],"class_list":{"0":"post-3625","1":"product","2":"type-product","3":"status-publish","4":"has-post-thumbnail","6":"product_cat-laveusesecheuse","8":"first","9":"instock","10":"sale","11":"shipping-taxable","12":"purchasable","13":"product-type-simple"},"_links":{"self":[{"href":"https:\/\/bimba.sn\/index.php?rest_route=\/wp\/v2\/product\/3625","targetHints":{"allow":["GET"]}}],"collection":[{"href":"https:\/\/bimba.sn\/index.php?rest_route=\/wp\/v2\/product"}],"about":[{"href":"https:\/\/bimba.sn\/index.php?rest_route=\/wp\/v2\/types\/product"}],"replies":[{"embeddable":true,"href":"https:\/\/bimba.sn\/index.php?rest_route=%2Fwp%2Fv2%2Fcomments&post=3625"}],"wp:featuredmedia":[{"embeddable":true,"href":"https:\/\/bimba.sn\/index.php?rest_route=\/wp\/v2\/media\/3624"}],"wp:attachment":[{"href":"https:\/\/bimba.sn\/index.php?rest_route=%2Fwp%2Fv2%2Fmedia&parent=3625"}],"wp:term":[{"taxonomy":"store","embeddable":true,"href":"https:\/\/bimba.sn\/index.php?rest_route=%2Fwp%2Fv2%2Fstore&post=3625"},{"taxonomy":"product_brand","embeddable":true,"href":"https:\/\/bimba.sn\/index.php?rest_route=%2Fwp%2Fv2%2Fproduct_brand&post=3625"},{"taxonomy":"product_cat","embeddable":true,"href":"https:\/\/bimba.sn\/index.php?rest_route=%2Fwp%2Fv2%2Fproduct_cat&post=3625"},{"taxonomy":"product_tag","embeddable":true,"href":"https:\/\/bimba.sn\/index.php?rest_route=%2Fwp%2Fv2%2Fproduct_tag&post=3625"}],"curies":[{"name":"wp","href":"https:\/\/api.w.org\/{rel}","templated":true}]}}