{"id":3619,"date":"2025-05-15T18:31:10","date_gmt":"2025-05-15T16:31:10","guid":{"rendered":"https:\/\/bimba.sn\/?product=mixeur-astech-bl05d-kk-professional-blender-2200w"},"modified":"2025-05-15T18:31:11","modified_gmt":"2025-05-15T16:31:11","slug":"mixeur-astech-bl05d-kk-professional-blender-2200w","status":"publish","type":"product","link":"https:\/\/bimba.sn\/?product=mixeur-astech-bl05d-kk-professional-blender-2200w","title":{"rendered":"MIXEUR ASTECH BL05D-KK PROFESSIONAL BLENDER 2200W"},"content":{"rendered":"<p><br data-mce-bogus=\"1\"><\/p>\n","protected":false},"excerpt":{"rendered":"<p><span>Le m\u00e9langeur de table ASTECH est un accessoire de cuisine tr\u00e8s int\u00e9ressant et pratique . Il sera parfait pour pr\u00e9parer des cocktails de fruits et l\u00e9gumes, des sauces, des soupes ou des aliments pour b\u00e9b\u00e9. Avec sa grande capacit\u00e9\u00a0 nous pouvons y mettre beaucoup d\u2019ingr\u00e9dients<\/span><br data-mce-bogus=\"1\"><\/p>\n","protected":false},"featured_media":3618,"comment_status":"open","ping_status":"closed","template":"","meta":{"_gspb_post_css":""},"store":[],"product_brand":[],"product_cat":[256],"product_tag":[],"class_list":{"0":"post-3619","1":"product","2":"type-product","3":"status-publish","4":"has-post-thumbnail","6":"product_cat-melangeurmixeur","8":"first","9":"instock","10":"sale","11":"shipping-taxable","12":"purchasable","13":"product-type-simple"},"_links":{"self":[{"href":"https:\/\/bimba.sn\/index.php?rest_route=\/wp\/v2\/product\/3619","targetHints":{"allow":["GET"]}}],"collection":[{"href":"https:\/\/bimba.sn\/index.php?rest_route=\/wp\/v2\/product"}],"about":[{"href":"https:\/\/bimba.sn\/index.php?rest_route=\/wp\/v2\/types\/product"}],"replies":[{"embeddable":true,"href":"https:\/\/bimba.sn\/index.php?rest_route=%2Fwp%2Fv2%2Fcomments&post=3619"}],"wp:featuredmedia":[{"embeddable":true,"href":"https:\/\/bimba.sn\/index.php?rest_route=\/wp\/v2\/media\/3618"}],"wp:attachment":[{"href":"https:\/\/bimba.sn\/index.php?rest_route=%2Fwp%2Fv2%2Fmedia&parent=3619"}],"wp:term":[{"taxonomy":"store","embeddable":true,"href":"https:\/\/bimba.sn\/index.php?rest_route=%2Fwp%2Fv2%2Fstore&post=3619"},{"taxonomy":"product_brand","embeddable":true,"href":"https:\/\/bimba.sn\/index.php?rest_route=%2Fwp%2Fv2%2Fproduct_brand&post=3619"},{"taxonomy":"product_cat","embeddable":true,"href":"https:\/\/bimba.sn\/index.php?rest_route=%2Fwp%2Fv2%2Fproduct_cat&post=3619"},{"taxonomy":"product_tag","embeddable":true,"href":"https:\/\/bimba.sn\/index.php?rest_route=%2Fwp%2Fv2%2Fproduct_tag&post=3619"}],"curies":[{"name":"wp","href":"https:\/\/api.w.org\/{rel}","templated":true}]}}