{"id":3594,"date":"2025-05-15T01:14:03","date_gmt":"2025-05-14T23:14:03","guid":{"rendered":"https:\/\/bimba.sn\/?product=plaque-de-cuisson-astech-pl60id-501no-4feux-electric"},"modified":"2025-05-15T01:14:03","modified_gmt":"2025-05-14T23:14:03","slug":"plaque-de-cuisson-astech-pl60id-501no-4feux-electric","status":"publish","type":"product","link":"https:\/\/bimba.sn\/?product=plaque-de-cuisson-astech-pl60id-501no-4feux-electric","title":{"rendered":"PLAQUE DE CUISSON ASTECH PL60ID-501NO 4FEUX ELECTRIC"},"content":{"rendered":"<p><span>Plaque de Cuisson Astech PL60ID-501NO C\u00e9ramique<\/span><br \/><span>Description<\/span><br \/><span>Marque: ASTECH<\/span><br \/><span>Cat\u00e9gorie: Plaque de cuisson<\/span><br \/><span>H<\/span><br \/><span>Marque: ASTECH Mod\u00e8le:<\/span><br \/><span>PL60ID-501NO Mati\u00e8re: C\u00e9ramique Couleur: Noir Type de<\/span><br \/><span>produit: Plaque de cuisson \u00c9lectrique Cuisson Efficace et Puissante \u00c9quip\u00e9e d&rsquo;un thermocouple (FFD) pour une s\u00e9curit\u00e9 accrue, Coupant automatiquement l&rsquo;alimentation en gaz si la flamme s&rsquo;\u00e9teint Dimension 60\/60<\/span><br data-mce-bogus=\"1\"><\/p>\n","protected":false},"excerpt":{"rendered":"<p><br data-mce-bogus=\"1\"><\/p>\n","protected":false},"featured_media":3593,"comment_status":"open","ping_status":"closed","template":"","meta":{"_gspb_post_css":""},"store":[],"product_brand":[],"product_cat":[198],"product_tag":[],"class_list":{"0":"post-3594","1":"product","2":"type-product","3":"status-publish","4":"has-post-thumbnail","6":"product_cat-electromenager","8":"first","9":"instock","10":"sale","11":"shipping-taxable","12":"purchasable","13":"product-type-simple"},"_links":{"self":[{"href":"https:\/\/bimba.sn\/index.php?rest_route=\/wp\/v2\/product\/3594","targetHints":{"allow":["GET"]}}],"collection":[{"href":"https:\/\/bimba.sn\/index.php?rest_route=\/wp\/v2\/product"}],"about":[{"href":"https:\/\/bimba.sn\/index.php?rest_route=\/wp\/v2\/types\/product"}],"replies":[{"embeddable":true,"href":"https:\/\/bimba.sn\/index.php?rest_route=%2Fwp%2Fv2%2Fcomments&post=3594"}],"wp:featuredmedia":[{"embeddable":true,"href":"https:\/\/bimba.sn\/index.php?rest_route=\/wp\/v2\/media\/3593"}],"wp:attachment":[{"href":"https:\/\/bimba.sn\/index.php?rest_route=%2Fwp%2Fv2%2Fmedia&parent=3594"}],"wp:term":[{"taxonomy":"store","embeddable":true,"href":"https:\/\/bimba.sn\/index.php?rest_route=%2Fwp%2Fv2%2Fstore&post=3594"},{"taxonomy":"product_brand","embeddable":true,"href":"https:\/\/bimba.sn\/index.php?rest_route=%2Fwp%2Fv2%2Fproduct_brand&post=3594"},{"taxonomy":"product_cat","embeddable":true,"href":"https:\/\/bimba.sn\/index.php?rest_route=%2Fwp%2Fv2%2Fproduct_cat&post=3594"},{"taxonomy":"product_tag","embeddable":true,"href":"https:\/\/bimba.sn\/index.php?rest_route=%2Fwp%2Fv2%2Fproduct_tag&post=3594"}],"curies":[{"name":"wp","href":"https:\/\/api.w.org\/{rel}","templated":true}]}}