{"id":3590,"date":"2025-05-15T00:51:37","date_gmt":"2025-05-14T22:51:37","guid":{"rendered":"https:\/\/bimba.sn\/?product=chauffe-eau-astech-whc-80-m2-80l"},"modified":"2025-05-15T00:51:37","modified_gmt":"2025-05-14T22:51:37","slug":"chauffe-eau-astech-whc-80-m2-80l","status":"publish","type":"product","link":"https:\/\/bimba.sn\/?product=chauffe-eau-astech-whc-80-m2-80l","title":{"rendered":"CHAUFFE EAU ASTECH WHC-80-M2 80L"},"content":{"rendered":"<section class=\"product-tabcontent\" style=\"position: relative;float: left;width: 1170px;font-family: Heebo, Arial, Helvetica, sans-serif;font-size: 15px;letter-spacing: 0.4px\">\n<div class=\"tabs\" style=\"float: left;position: relative;width: 1170px;text-align: center;clear: both;margin: 25px 0px\">\n<div class=\"tab-content\" id=\"tab-content\">\n<div class=\"tab-pane fade in active js-product-tab-active\" id=\"description\" role=\"tabpanel\" style=\"opacity: 1;padding: 30px 0px;border-top-width: 1px;border-top-style: solid;margin-top: 0px;width: 1170px;float: left;text-align: left\">\n<div class=\"product-description\">\n<p style=\"margin: 0px 0px 10px;text-align: justify\">Marque: Astech\u00a0<br \/>Esth\u00e9tique renouvel\u00e9e<br \/>R\u00e9sistance: blind\u00e9e<br \/>Chaudi\u00e8re avec traitement \u00e0 850\u00b0C, Titanium Inside<br \/>Grande anode en magn\u00e9sium<br \/>Soupape de s\u00e9curit\u00e9 test\u00e9e \u00e0 8 bar<br \/>Technologie Water plus 16% plus d&rsquo;eau chaude<br \/>Capacit\u00e9: 80 litres<br \/>Id\u00e9al pour : 5 personnes<br \/>Puissance: 1500 watts<br \/>Tension: 230 volts<br \/>Temps de pr\u00e9chauffage min 1h45min<br \/>Poids net: 16kg<br \/>Dimensions: 573 mm x 480 mm x 450 mm<\/p>\n<\/div>\n<\/div>\n<\/div>\n<\/div>\n<\/section>\n<section class=\"product-accessories clearfix\" style=\"float: left;width: 1170px;padding: 0px;position: relative;font-family: Heebo, Arial, Helvetica, sans-serif;font-size: 15px;letter-spacing: 0.4px;margin: 30px 0px !important\">\n<div id=\"spe_res\" style=\"margin: 0px -10px\">\n<div class=\"products\" style=\"border-radius: 0px;padding: 0px;width: 1190px;float: left;position: relative\">\n<div id=\"accessories-grid\" class=\"accessories_grid product_list grid row gridcount\" style=\"margin: 0px;padding: 0px;border: medium;float: left;position: relative;width: 1190px;flex-wrap: wrap\">\n<article class=\"product_item col-xs-12 col-sm-6 col-md-4 col-lg-3\" style=\"position: relative;min-height: 1px;padding: 10px;float: left;width: 297.5px;margin: 0px 0px 45px;padding-block-end: 0px\">\n<div class=\"product\" style=\"height: 383px\">\n<article class=\"product-miniature js-product-miniature\" data-id-product=\"5347\" data-id-product-attribute=\"0\" style=\"margin: 0px;position: relative;height: 383px\">\n<div class=\"thumbnail-container\" style=\"margin-bottom: 0px;overflow: hidden;position: relative\">\n<ul class=\"product-flags js-product-flags\" style=\"margin: 0px;padding-left: 0px;opacity: 1;position: absolute;top: 7px;left: 7px;z-index: 99;flex-flow: column wrap;width: 277.5px;row-gap: 3px\"><\/ul>\n<div class=\"product-actions-main\" style=\"position: absolute;z-index: 1;opacity: 0;width: auto;text-align: center;padding: 3px;margin-left: 0px\"><a class=\"quick-view btn btn-primary\" href=\"https:\/\/syllart-shop.com\/accueil\/7134-chauffe-eau-astech-whc-80-m-80litres-1500w.html?srsltid=AfmBOopObB-LKDahIUd8AtopjJAkyT30QN3i8xrNlKz0WiRl222joW3v#\" data-link-action=\"quickview\" data-toggle=\"tooltip\" title=\"Aper\u00e7u rapide\" style=\"text-decoration: none;border: medium;cursor: pointer;font-size: 0px;line-height: 0;padding: 0px;vertical-align: top;text-transform: capitalize;border-radius: 50%;font-family: var(--body-font-family), Arial, Helvetica, sans-serif;height: 35px;margin: 0px;width: 35px;float: none;position: relative\"><\/a><\/p>\n<div class=\"wishlist\" style=\"border-radius: 50%;margin-top: 8px\"><a class=\"st-wishlist-button btn-product btn\" href=\"https:\/\/syllart-shop.com\/accueil\/7134-chauffe-eau-astech-whc-80-m-80litres-1500w.html?srsltid=AfmBOopObB-LKDahIUd8AtopjJAkyT30QN3i8xrNlKz0WiRl222joW3v#\" data-id-wishlist=\"\" data-id-product=\"5347\" data-id-product-attribute=\"0\" title=\"Ajouter souhaits\" style=\"text-decoration: none;border: medium;cursor: pointer;font-size: 14px;line-height: 22px;padding: 8px;vertical-align: middle;text-transform: capitalize;border-radius: 50%;font-family: var(--body-font-family), Arial, Helvetica, sans-serif;width: 33px;height: 33px\"><span class=\"st-wishlist-bt-content\"><span class=\"st-wishlist-title\">Ajouter Souhaits<\/span><\/span><\/a><\/div>\n<div class=\"compare\" style=\"border-radius: 50%;margin-top: 8px\"><a class=\"st-compare-button btn-product btn\" href=\"https:\/\/syllart-shop.com\/accueil\/7134-chauffe-eau-astech-whc-80-m-80litres-1500w.html?srsltid=AfmBOopObB-LKDahIUd8AtopjJAkyT30QN3i8xrNlKz0WiRl222joW3v#\" data-id-product=\"5347\" title=\"ajouter comparer\"><span class=\"st-compare-bt-content\">Ajouter Comp<\/span><\/a><\/div>\n<\/div>\n<\/div>\n<div class=\"product-bottom\" style=\"padding: 0px 10px\"><\/div>\n<\/article>\n<\/div>\n<\/article>\n<article class=\"product_item col-xs-12 col-sm-6 col-md-4 col-lg-3\" style=\"position: relative;min-height: 1px;padding: 10px;float: left;width: 297.5px;margin: 0px 0px 45px;padding-block-end: 0px\">\n<div class=\"product\" style=\"height: 383px\">\n<article class=\"product-miniature js-product-miniature\" data-id-product=\"6173\" data-id-product-attribute=\"0\" style=\"margin: 0px;position: relative;height: 383px\">\n<div class=\"thumbnail-container\" style=\"margin-bottom: 0px;overflow: hidden;position: relative\">\n<ul class=\"product-flags js-product-flags\" style=\"margin: 0px;padding-left: 0px;opacity: 1;position: absolute;top: 7px;left: 7px;z-index: 99;flex-flow: column wrap;width: 277.5px;row-gap: 3px\"><\/ul>\n<div class=\"product-actions-main\" style=\"position: absolute;z-index: 1;opacity: 0;width: auto;text-align: center;padding: 3px;margin-left: 0px\"><a class=\"quick-view btn btn-primary\" href=\"https:\/\/syllart-shop.com\/accueil\/7134-chauffe-eau-astech-whc-80-m-80litres-1500w.html?srsltid=AfmBOopObB-LKDahIUd8AtopjJAkyT30QN3i8xrNlKz0WiRl222joW3v#\" data-link-action=\"quickview\" data-toggle=\"tooltip\" title=\"Aper\u00e7u rapide\" style=\"text-decoration: none;border: medium;cursor: pointer;font-size: 0px;line-height: 0;padding: 0px;vertical-align: top;text-transform: capitalize;border-radius: 50%;font-family: var(--body-font-family), Arial, Helvetica, sans-serif;height: 35px;margin: 0px;width: 35px;float: none;position: relative\"><\/a><\/p>\n<div class=\"wishlist\" style=\"border-radius: 50%;margin-top: 8px\"><a class=\"st-wishlist-button btn-product btn\" href=\"https:\/\/syllart-shop.com\/accueil\/7134-chauffe-eau-astech-whc-80-m-80litres-1500w.html?srsltid=AfmBOopObB-LKDahIUd8AtopjJAkyT30QN3i8xrNlKz0WiRl222joW3v#\" data-id-wishlist=\"\" data-id-product=\"6173\" data-id-product-attribute=\"0\" title=\"Ajouter souhaits\" style=\"text-decoration: none;border: medium;cursor: pointer;font-size: 14px;line-height: 22px;padding: 8px;vertical-align: middle;text-transform: capitalize;border-radius: 50%;font-family: var(--body-font-family), Arial, Helvetica, sans-serif;width: 33px;height: 33px\"><span class=\"st-wishlist-bt-content\"><span class=\"st-wishlist-title\">Ajouter Souhaits<\/span><\/span><\/a><\/div>\n<div class=\"compare\" style=\"border-radius: 50%;margin-top: 8px\"><a class=\"st-compare-button btn-product btn\" href=\"https:\/\/syllart-shop.com\/accueil\/7134-chauffe-eau-astech-whc-80-m-80litres-1500w.html?srsltid=AfmBOopObB-LKDahIUd8AtopjJAkyT30QN3i8xrNlKz0WiRl222joW3v#\" data-id-product=\"6173\" title=\"ajouter comparer\"><span class=\"st-compare-bt-content\">Ajouter<\/span><\/a><\/div>\n<\/div>\n<\/div>\n<\/article>\n<\/div>\n<\/article>\n<article class=\"product_item col-xs-12 col-sm-6 col-md-4 col-lg-3\" style=\"position: relative;min-height: 1px;padding: 10px;float: left;width: 297.5px;margin: 0px 0px 45px;padding-block-end: 0px\">\n<div class=\"product\" style=\"height: 383px\">\n<article class=\"product-miniature js-product-miniature\" data-id-product=\"7134\" data-id-product-attribute=\"0\" style=\"margin: 0px;position: relative;height: 383px\">\n<div class=\"thumbnail-container\" style=\"margin-bottom: 0px;overflow: hidden;position: relative\"><a href=\"https:\/\/syllart-shop.com\/accueil\/7134-chauffe-eau-astech-whc-80-m-80litres-1500w.html\" class=\"thumbnail product-thumbnail\" style=\"text-decoration: none;text-align: center;position: relative;vertical-align: top\"><img loading=\"lazy\" decoding=\"async\" class=\"img-fluid ls-is-cached lazyloaded\" data-src=\"https:\/\/syllart-shop.com\/26662-home_default\/chauffe-eau-astech-whc-80-m-80litres-1500w.jpg\" src=\"https:\/\/syllart-shop.com\/26662-home_default\/chauffe-eau-astech-whc-80-m-80litres-1500w.jpg\" height=\"210\" width=\"210\" alt=\"Chauffe Eau Astech WHC-80-M 80Litres 1500w\" loading=\"lazy\" data-full-size-image-url=\"https:\/\/syllart-shop.com\/26662-large_default\/chauffe-eau-astech-whc-80-m-80litres-1500w.jpg\" style=\"border: medium;vertical-align: middle;position: relative;margin: 0px auto\"><\/a><\/p>\n<ul class=\"product-flags js-product-flags\" style=\"margin: 0px;padding-left: 0px;opacity: 1;position: absolute;top: 7px;left: 7px;z-index: 99;flex-flow: column wrap;width: 277.5px;row-gap: 3px\"><\/ul>\n<div class=\"product-actions-main\" style=\"position: absolute;z-index: 1;opacity: 0;width: auto;text-align: center;padding: 3px;margin-left: 0px\"><a class=\"quick-view btn btn-primary\" href=\"https:\/\/syllart-shop.com\/accueil\/7134-chauffe-eau-astech-whc-80-m-80litres-1500w.html?srsltid=AfmBOopObB-LKDahIUd8AtopjJAkyT30QN3i8xrNlKz0WiRl222joW3v#\" data-link-action=\"quickview\" data-toggle=\"tooltip\" title=\"Aper\u00e7u rapide\" style=\"text-decoration: none;border: medium;cursor: pointer;font-size: 0px;line-height: 0;padding: 0px;vertical-align: top;text-transform: capitalize;border-radius: 50%;font-family: var(--body-font-family), Arial, Helvetica, sans-serif;height: 35px;margin: 0px;width: 35px;float: none;position: relative\"><\/a><\/p>\n<div class=\"wishlist\" style=\"border-radius: 50%;margin-top: 8px\"><a class=\"st-wishlist-button btn-product btn\" href=\"https:\/\/syllart-shop.com\/accueil\/7134-chauffe-eau-astech-whc-80-m-80litres-1500w.html?srsltid=AfmBOopObB-LKDahIUd8AtopjJAkyT30QN3i8xrNlKz0WiRl222joW3v#\" data-id-wishlist=\"\" data-id-product=\"7134\" data-id-product-attribute=\"0\" title=\"Ajouter souhaits\" style=\"text-decoration: none;border: medium;cursor: pointer;font-size: 14px;line-height: 22px;padding: 8px;vertical-align: middle;text-transform: capitalize;border-radius: 50%;font-family: var(--body-font-family), Arial, Helvetica, sans-serif;width: 33px;height: 33px\"><span class=\"st-wishlist-bt-content\"><span class=\"st-wishlist-title\">Ajouter Souhaits<\/span><\/span><\/a><\/div>\n<div class=\"compare\" style=\"border-radius: 50%;margin-top: 8px\"><a class=\"st-compare-button btn-product btn\" href=\"https:\/\/syllart-shop.com\/accueil\/7134-chauffe-eau-astech-whc-80-m-80litres-1500w.html?srsltid=AfmBOopObB-LKDahIUd8AtopjJAkyT30QN3i8xrNlKz0WiRl222joW3v#\" data-id-product=\"7134\" title=\"ajouter comparer\"><span class=\"st-compare-bt-content\">Ajouter Comp\u00a0<\/span><\/a><\/div>\n<\/div>\n<\/div>\n<\/article>\n<\/div>\n<\/article>\n<\/div>\n<\/div>\n<\/div>\n<\/section>\n<p><br class=\"Apple-interchange-newline\"><\/p>\n","protected":false},"excerpt":{"rendered":"<p><br data-mce-bogus=\"1\"><\/p>\n","protected":false},"featured_media":3589,"comment_status":"open","ping_status":"closed","template":"","meta":{"_gspb_post_css":""},"store":[],"product_brand":[],"product_cat":[198],"product_tag":[],"class_list":{"0":"post-3590","1":"product","2":"type-product","3":"status-publish","4":"has-post-thumbnail","6":"product_cat-electromenager","8":"first","9":"instock","10":"sale","11":"shipping-taxable","12":"purchasable","13":"product-type-simple"},"_links":{"self":[{"href":"https:\/\/bimba.sn\/index.php?rest_route=\/wp\/v2\/product\/3590","targetHints":{"allow":["GET"]}}],"collection":[{"href":"https:\/\/bimba.sn\/index.php?rest_route=\/wp\/v2\/product"}],"about":[{"href":"https:\/\/bimba.sn\/index.php?rest_route=\/wp\/v2\/types\/product"}],"replies":[{"embeddable":true,"href":"https:\/\/bimba.sn\/index.php?rest_route=%2Fwp%2Fv2%2Fcomments&post=3590"}],"wp:featuredmedia":[{"embeddable":true,"href":"https:\/\/bimba.sn\/index.php?rest_route=\/wp\/v2\/media\/3589"}],"wp:attachment":[{"href":"https:\/\/bimba.sn\/index.php?rest_route=%2Fwp%2Fv2%2Fmedia&parent=3590"}],"wp:term":[{"taxonomy":"store","embeddable":true,"href":"https:\/\/bimba.sn\/index.php?rest_route=%2Fwp%2Fv2%2Fstore&post=3590"},{"taxonomy":"product_brand","embeddable":true,"href":"https:\/\/bimba.sn\/index.php?rest_route=%2Fwp%2Fv2%2Fproduct_brand&post=3590"},{"taxonomy":"product_cat","embeddable":true,"href":"https:\/\/bimba.sn\/index.php?rest_route=%2Fwp%2Fv2%2Fproduct_cat&post=3590"},{"taxonomy":"product_tag","embeddable":true,"href":"https:\/\/bimba.sn\/index.php?rest_route=%2Fwp%2Fv2%2Fproduct_tag&post=3590"}],"curies":[{"name":"wp","href":"https:\/\/api.w.org\/{rel}","templated":true}]}}