{"id":3585,"date":"2025-05-15T00:13:48","date_gmt":"2025-05-14T22:13:48","guid":{"rendered":"https:\/\/bimba.sn\/?product=chauffe-eau-astech-wht-30-m2-30l"},"modified":"2025-05-15T00:13:48","modified_gmt":"2025-05-14T22:13:48","slug":"chauffe-eau-astech-wht-30-m2-30l","status":"publish","type":"product","link":"https:\/\/bimba.sn\/?product=chauffe-eau-astech-wht-30-m2-30l","title":{"rendered":"CHAUFFE EAU ASTECH WHT-30-M2 30L"},"content":{"rendered":"<p><br data-mce-bogus=\"1\"><\/p>\n","protected":false},"excerpt":{"rendered":"<p><span style=\"font-family: Lato, Arial, Helvetica, sans-serif;font-size: 14px\">Type de produit : Chauffe eau<\/span><br style=\"font-family: Lato, Arial, Helvetica, sans-serif;font-size: 14px\"><span style=\"font-family: Lato, Arial, Helvetica, sans-serif;font-size: 14px\">Capacit\u00e9 : 30 L<\/span><br style=\"font-family: Lato, Arial, Helvetica, sans-serif;font-size: 14px\"><span style=\"font-family: Lato, Arial, Helvetica, sans-serif;font-size: 14px\">Tension nominale : 220-240 V<\/span><br style=\"font-family: Lato, Arial, Helvetica, sans-serif;font-size: 14px\"><span style=\"font-family: Lato, Arial, Helvetica, sans-serif;font-size: 14px\">Fr\u00e9quence nominale : 50\/60 Hz<\/span><br style=\"font-family: Lato, Arial, Helvetica, sans-serif;font-size: 14px\"><span style=\"font-family: Lato, Arial, Helvetica, sans-serif;font-size: 14px\">Puissance nominale : 1 500 W<\/span><br style=\"font-family: Lato, Arial, Helvetica, sans-serif;font-size: 14px\"><span style=\"font-family: Lato, Arial, Helvetica, sans-serif;font-size: 14px\">Temp\u00e9rature de l&rsquo;eau r\u00e9glable : 30 &#8211; 75 degr\u00e9s<\/span><br style=\"font-family: Lato, Arial, Helvetica, sans-serif;font-size: 14px\"><span style=\"font-family: Lato, Arial, Helvetica, sans-serif;font-size: 14px\">Pression nominale : 0,75 MPa<\/span><br style=\"font-family: Lato, Arial, Helvetica, sans-serif;font-size: 14px\"><span style=\"font-family: Lato, Arial, Helvetica, sans-serif;font-size: 14px\">Degr\u00e9 d&rsquo;\u00e9preuve de l&rsquo;eau : IPX4Cuve d&rsquo;\u00e9mail<\/span><br style=\"font-family: Lato, Arial, Helvetica, sans-serif;font-size: 14px\"><span style=\"font-family: Lato, Arial, Helvetica, sans-serif;font-size: 14px\">Isolation en polyur\u00e9thane haute densit\u00e9<\/span><br style=\"font-family: Lato, Arial, Helvetica, sans-serif;font-size: 14px\"><span style=\"font-family: Lato, Arial, Helvetica, sans-serif;font-size: 14px\">\u00c9l\u00e9ment chauffant en acier inoxydable<\/span><br data-mce-bogus=\"1\"><\/p>\n","protected":false},"featured_media":3584,"comment_status":"open","ping_status":"closed","template":"","meta":{"_gspb_post_css":""},"store":[],"product_brand":[],"product_cat":[198],"product_tag":[],"class_list":{"0":"post-3585","1":"product","2":"type-product","3":"status-publish","4":"has-post-thumbnail","6":"product_cat-electromenager","8":"first","9":"instock","10":"sale","11":"shipping-taxable","12":"purchasable","13":"product-type-simple"},"_links":{"self":[{"href":"https:\/\/bimba.sn\/index.php?rest_route=\/wp\/v2\/product\/3585","targetHints":{"allow":["GET"]}}],"collection":[{"href":"https:\/\/bimba.sn\/index.php?rest_route=\/wp\/v2\/product"}],"about":[{"href":"https:\/\/bimba.sn\/index.php?rest_route=\/wp\/v2\/types\/product"}],"replies":[{"embeddable":true,"href":"https:\/\/bimba.sn\/index.php?rest_route=%2Fwp%2Fv2%2Fcomments&post=3585"}],"wp:featuredmedia":[{"embeddable":true,"href":"https:\/\/bimba.sn\/index.php?rest_route=\/wp\/v2\/media\/3584"}],"wp:attachment":[{"href":"https:\/\/bimba.sn\/index.php?rest_route=%2Fwp%2Fv2%2Fmedia&parent=3585"}],"wp:term":[{"taxonomy":"store","embeddable":true,"href":"https:\/\/bimba.sn\/index.php?rest_route=%2Fwp%2Fv2%2Fstore&post=3585"},{"taxonomy":"product_brand","embeddable":true,"href":"https:\/\/bimba.sn\/index.php?rest_route=%2Fwp%2Fv2%2Fproduct_brand&post=3585"},{"taxonomy":"product_cat","embeddable":true,"href":"https:\/\/bimba.sn\/index.php?rest_route=%2Fwp%2Fv2%2Fproduct_cat&post=3585"},{"taxonomy":"product_tag","embeddable":true,"href":"https:\/\/bimba.sn\/index.php?rest_route=%2Fwp%2Fv2%2Fproduct_tag&post=3585"}],"curies":[{"name":"wp","href":"https:\/\/api.w.org\/{rel}","templated":true}]}}