{"id":3577,"date":"2025-05-14T23:47:44","date_gmt":"2025-05-14T21:47:44","guid":{"rendered":"https:\/\/bimba.sn\/?product=micro-onde-astech-mo25kh-nt-25l-encastrable"},"modified":"2025-05-14T23:47:44","modified_gmt":"2025-05-14T21:47:44","slug":"micro-onde-astech-mo25kh-nt-25l-encastrable","status":"publish","type":"product","link":"https:\/\/bimba.sn\/?product=micro-onde-astech-mo25kh-nt-25l-encastrable","title":{"rendered":"MICRO ONDE ASTECH MO25KH-NT 25L ENCASTRABLE"},"content":{"rendered":"<p class=\"MsoNormal\" style=\"font-size: 12pt;margin: 0cm 0cm 0.0001pt;line-height: 25px;font-family: Calibri, sans-serif;text-align: justify\"><span><span style=\"font-family: Helvetica, sans-serif\">Le four \u00e0 micro-ondes encastrable\u00a0ASTECH\u00a0est id\u00e9al pour r\u00e9chauffer, cuire et d\u00e9congeler vos aliments.<\/span><span style=\"font-size: 8.5pt;font-family: Verdana, sans-serif\"><\/span><\/span><\/p>\n<p style=\"margin-top: 0px;margin-bottom: 1rem;font-size: 14px;line-height: 25px;font-family: Roboto, sans-serif\">\n<p class=\"MsoNormal\" style=\"font-size: 12pt;margin: 0cm 0cm 0.0001pt;line-height: 25px;font-family: Calibri, sans-serif;text-align: justify\"><span><span style=\"font-family: Helvetica, sans-serif\">Il vous offre une simplicit\u00e9 d\u2019utilisation gr\u00e2ce \u00e0 deux boutons permettant de r\u00e9gler la fonction ainsi que le temps et le poids.<\/span><span style=\"font-size: 8.5pt;font-family: Verdana, sans-serif\"><\/span><\/span><\/p>\n<p style=\"margin-top: 0px;margin-bottom: 1rem;font-size: 14px;line-height: 25px;font-family: Roboto, sans-serif\">\n<p class=\"MsoNormal\" style=\"font-size: 12pt;margin: 0cm 0cm 0.0001pt;line-height: 25px;font-family: Calibri, sans-serif;text-align: justify\"><span><span style=\"font-family: Helvetica, sans-serif\">Vous pourrez \u00e9galement l\u2019utiliser en toute s\u00e9curit\u00e9 gr\u00e2ce \u00e0 la fonction de verrouillage enfant.<\/span><span style=\"font-size: 8.5pt;font-family: Verdana, sans-serif\"><\/span><\/span><\/p>\n<p style=\"margin-top: 0px;margin-bottom: 1rem;font-size: 14px;line-height: 25px;font-family: Roboto, sans-serif\">\n<p class=\"MsoNormal\" style=\"font-size: 12pt;margin: 0cm 0cm 0.0001pt;line-height: 25px;font-family: Calibri, sans-serif\"><span style=\"font-family: Helvetica, sans-serif\">Profitez des diff\u00e9rents modes de cuisson :<\/span><\/p>\n<p style=\"margin-top: 0px;margin-bottom: 1rem;font-size: 14px;line-height: 25px;font-family: Roboto, sans-serif\">\n<ul style=\"margin-bottom: 1rem;margin-top: 0px;padding-left: 0px;font-family: Roboto, sans-serif;font-size: 14px\">\n<li><span style=\"font-family: Helvetica, sans-serif\">Cavit\u00e9 en acier inoxydable d&rsquo;une capacit\u00e9 de 25 litres<\/span><\/li>\n<li><span style=\"font-family: Helvetica, sans-serif\">Puissance micro-ondes 900W<\/span><\/li>\n<li><span style=\"font-family: Helvetica, sans-serif\">Cuisson rapide<\/span><\/li>\n<li><span style=\"font-family: Helvetica, sans-serif\">Minuterie de cuisine<\/span><\/li>\n<li><span style=\"font-family: Helvetica, sans-serif\">D\u00e9cong\u00e9lation par poids*temps<\/span><\/li>\n<li><span style=\"font-family: Helvetica, sans-serif\">Verrou de s\u00e9curit\u00e9 pour enfants<\/span><\/li>\n<li><span style=\"font-family: Helvetica, sans-serif\">Poids net Environ 18,5Kg<\/span><\/li>\n<li><span style=\"font-family: Helvetica, sans-serif\">Poids brut environ 20,3 kg<\/span><\/li>\n<li><span style=\"font-family: Helvetica, sans-serif\">Dimensions du produit : 653x500x466 mm<\/span><\/li>\n<\/ul>\n<p><br class=\"Apple-interchange-newline\"><\/p>\n","protected":false},"excerpt":{"rendered":"<p><br data-mce-bogus=\"1\"><\/p>\n","protected":false},"featured_media":3576,"comment_status":"open","ping_status":"closed","template":"","meta":{"_gspb_post_css":""},"store":[],"product_brand":[],"product_cat":[198],"product_tag":[],"class_list":{"0":"post-3577","1":"product","2":"type-product","3":"status-publish","4":"has-post-thumbnail","6":"product_cat-electromenager","8":"first","9":"instock","10":"sale","11":"shipping-taxable","12":"purchasable","13":"product-type-simple"},"_links":{"self":[{"href":"https:\/\/bimba.sn\/index.php?rest_route=\/wp\/v2\/product\/3577","targetHints":{"allow":["GET"]}}],"collection":[{"href":"https:\/\/bimba.sn\/index.php?rest_route=\/wp\/v2\/product"}],"about":[{"href":"https:\/\/bimba.sn\/index.php?rest_route=\/wp\/v2\/types\/product"}],"replies":[{"embeddable":true,"href":"https:\/\/bimba.sn\/index.php?rest_route=%2Fwp%2Fv2%2Fcomments&post=3577"}],"wp:featuredmedia":[{"embeddable":true,"href":"https:\/\/bimba.sn\/index.php?rest_route=\/wp\/v2\/media\/3576"}],"wp:attachment":[{"href":"https:\/\/bimba.sn\/index.php?rest_route=%2Fwp%2Fv2%2Fmedia&parent=3577"}],"wp:term":[{"taxonomy":"store","embeddable":true,"href":"https:\/\/bimba.sn\/index.php?rest_route=%2Fwp%2Fv2%2Fstore&post=3577"},{"taxonomy":"product_brand","embeddable":true,"href":"https:\/\/bimba.sn\/index.php?rest_route=%2Fwp%2Fv2%2Fproduct_brand&post=3577"},{"taxonomy":"product_cat","embeddable":true,"href":"https:\/\/bimba.sn\/index.php?rest_route=%2Fwp%2Fv2%2Fproduct_cat&post=3577"},{"taxonomy":"product_tag","embeddable":true,"href":"https:\/\/bimba.sn\/index.php?rest_route=%2Fwp%2Fv2%2Fproduct_tag&post=3577"}],"curies":[{"name":"wp","href":"https:\/\/api.w.org\/{rel}","templated":true}]}}