{"id":3571,"date":"2025-05-14T23:34:06","date_gmt":"2025-05-14T21:34:06","guid":{"rendered":"https:\/\/bimba.sn\/?product=micro-onde-astech-20maf3-ia-20l-manuel"},"modified":"2025-05-14T23:34:06","modified_gmt":"2025-05-14T21:34:06","slug":"micro-onde-astech-20maf3-ia-20l-manuel","status":"publish","type":"product","link":"https:\/\/bimba.sn\/?product=micro-onde-astech-20maf3-ia-20l-manuel","title":{"rendered":"MICRO ONDE ASTECH 20MAF3-IA 20L MANUEL"},"content":{"rendered":"<p><br data-mce-bogus=\"1\"><\/p>\n","protected":false},"excerpt":{"rendered":"<div class=\"woocommerce-tabs wc-tabs-wrapper\" style=\"clear: both;padding-top: 100px\">\n<div class=\"woocommerce-Tabs-panel woocommerce-Tabs-panel--description panel entry-content wc-tab\" id=\"tab-description\" role=\"tabpanel\" aria-labelledby=\"tab-title-description\" style=\"margin: 0px 0px 2em;padding: 0px\">\n<p style=\"margin: 15px 0px;line-height: 1.66em\">Marque ASTECH<br \/>Mod\u00e8le 20MAF3-IA20L<br \/>Type de produit Micro onde manuel<br \/>Couleur Gris<br \/>Mati\u00e8re \u00c9maill\u00e9e<br \/>Capacit\u00e9 20Litres<br \/>Dimension Long 26cm\/ largeur 44cm Profondeur 33cm<\/p>\n<\/div>\n<\/div>\n<section class=\"related products\" style=\"margin-top: 130px\"><br class=\"Apple-interchange-newline\"><\/section>\n","protected":false},"featured_media":3570,"comment_status":"open","ping_status":"closed","template":"","meta":{"_gspb_post_css":""},"store":[],"product_brand":[],"product_cat":[198],"product_tag":[],"class_list":{"0":"post-3571","1":"product","2":"type-product","3":"status-publish","4":"has-post-thumbnail","6":"product_cat-electromenager","8":"first","9":"instock","10":"sale","11":"shipping-taxable","12":"purchasable","13":"product-type-simple"},"_links":{"self":[{"href":"https:\/\/bimba.sn\/index.php?rest_route=\/wp\/v2\/product\/3571","targetHints":{"allow":["GET"]}}],"collection":[{"href":"https:\/\/bimba.sn\/index.php?rest_route=\/wp\/v2\/product"}],"about":[{"href":"https:\/\/bimba.sn\/index.php?rest_route=\/wp\/v2\/types\/product"}],"replies":[{"embeddable":true,"href":"https:\/\/bimba.sn\/index.php?rest_route=%2Fwp%2Fv2%2Fcomments&post=3571"}],"wp:featuredmedia":[{"embeddable":true,"href":"https:\/\/bimba.sn\/index.php?rest_route=\/wp\/v2\/media\/3570"}],"wp:attachment":[{"href":"https:\/\/bimba.sn\/index.php?rest_route=%2Fwp%2Fv2%2Fmedia&parent=3571"}],"wp:term":[{"taxonomy":"store","embeddable":true,"href":"https:\/\/bimba.sn\/index.php?rest_route=%2Fwp%2Fv2%2Fstore&post=3571"},{"taxonomy":"product_brand","embeddable":true,"href":"https:\/\/bimba.sn\/index.php?rest_route=%2Fwp%2Fv2%2Fproduct_brand&post=3571"},{"taxonomy":"product_cat","embeddable":true,"href":"https:\/\/bimba.sn\/index.php?rest_route=%2Fwp%2Fv2%2Fproduct_cat&post=3571"},{"taxonomy":"product_tag","embeddable":true,"href":"https:\/\/bimba.sn\/index.php?rest_route=%2Fwp%2Fv2%2Fproduct_tag&post=3571"}],"curies":[{"name":"wp","href":"https:\/\/api.w.org\/{rel}","templated":true}]}}