{"id":3565,"date":"2025-05-14T19:47:06","date_gmt":"2025-05-14T17:47:06","guid":{"rendered":"https:\/\/bimba.sn\/?product=disque-dur-externe-ssd-sandisk-extreme-portable-1to"},"modified":"2025-05-14T19:49:13","modified_gmt":"2025-05-14T17:49:13","slug":"disque-dur-externe-ssd-sandisk-extreme-portable-1to","status":"publish","type":"product","link":"https:\/\/bimba.sn\/?product=disque-dur-externe-ssd-sandisk-extreme-portable-1to","title":{"rendered":"Disque Dur externe SSD sandisk extreme portable 1To"},"content":{"rendered":"<p style=\"text-align: left\" data-mce-style=\"text-align: left;\"><\/p>\n","protected":false},"excerpt":{"rendered":"<ul>\n<li style=\"background-repeat: no-repeat;padding: 0px;margin: 0px\" data-mce-style=\"background-repeat: no-repeat; padding: 0px; margin: 0px;\">Capacit\u00e9 du stockage num\u00e9rique : 1 To<\/li>\n<li style=\"background-repeat: no-repeat;padding: 0px;margin: 0px\" data-mce-style=\"background-repeat: no-repeat; padding: 0px; margin: 0px;\">Compatibilit\u00e9 du p\u00e9riph\u00e9rique\u00a0: Ordinateur<\/li>\n<li style=\"background-repeat: no-repeat;padding: 0px;margin: 0px\" data-mce-style=\"background-repeat: no-repeat; padding: 0px; margin: 0px;\">Marque\u00a0: SanDisk<\/li>\n<li style=\"background-repeat: no-repeat;padding: 0px;margin: 0px\" data-mce-style=\"background-repeat: no-repeat; padding: 0px; margin: 0px;\">Type de connecteur\u00a0: USB<\/li>\n<li style=\"background-repeat: no-repeat;padding: 0px;margin: 0px\" data-mce-style=\"background-repeat: no-repeat; padding: 0px; margin: 0px;\">Vitesse de lecture\u00a0: 550 Megabytes Per Second<\/li>\n<li style=\"background-repeat: no-repeat;padding: 0px;margin: 0px\" data-mce-style=\"background-repeat: no-repeat; padding: 0px; margin: 0px;\">Vitesse d\u2019\u00e9criture\u00a0: 1000 Mo\/s<\/li>\n<li style=\"background-repeat: no-repeat;padding: 0px;margin: 0px\" data-mce-style=\"background-repeat: no-repeat; padding: 0px; margin: 0px;\">Couleur Noir<\/li>\n<\/ul>\n","protected":false},"featured_media":3564,"comment_status":"open","ping_status":"closed","template":"","meta":{"_gspb_post_css":""},"store":[],"product_brand":[],"product_cat":[268,274],"product_tag":[],"class_list":{"0":"post-3565","1":"product","2":"type-product","3":"status-publish","4":"has-post-thumbnail","6":"product_cat-accessoirespourordinateurportable","7":"product_cat-stockagededonnees","9":"first","10":"instock","11":"shipping-taxable","12":"purchasable","13":"product-type-simple"},"_links":{"self":[{"href":"https:\/\/bimba.sn\/index.php?rest_route=\/wp\/v2\/product\/3565","targetHints":{"allow":["GET"]}}],"collection":[{"href":"https:\/\/bimba.sn\/index.php?rest_route=\/wp\/v2\/product"}],"about":[{"href":"https:\/\/bimba.sn\/index.php?rest_route=\/wp\/v2\/types\/product"}],"replies":[{"embeddable":true,"href":"https:\/\/bimba.sn\/index.php?rest_route=%2Fwp%2Fv2%2Fcomments&post=3565"}],"wp:featuredmedia":[{"embeddable":true,"href":"https:\/\/bimba.sn\/index.php?rest_route=\/wp\/v2\/media\/3564"}],"wp:attachment":[{"href":"https:\/\/bimba.sn\/index.php?rest_route=%2Fwp%2Fv2%2Fmedia&parent=3565"}],"wp:term":[{"taxonomy":"store","embeddable":true,"href":"https:\/\/bimba.sn\/index.php?rest_route=%2Fwp%2Fv2%2Fstore&post=3565"},{"taxonomy":"product_brand","embeddable":true,"href":"https:\/\/bimba.sn\/index.php?rest_route=%2Fwp%2Fv2%2Fproduct_brand&post=3565"},{"taxonomy":"product_cat","embeddable":true,"href":"https:\/\/bimba.sn\/index.php?rest_route=%2Fwp%2Fv2%2Fproduct_cat&post=3565"},{"taxonomy":"product_tag","embeddable":true,"href":"https:\/\/bimba.sn\/index.php?rest_route=%2Fwp%2Fv2%2Fproduct_tag&post=3565"}],"curies":[{"name":"wp","href":"https:\/\/api.w.org\/{rel}","templated":true}]}}