{"id":3561,"date":"2025-05-14T19:34:58","date_gmt":"2025-05-14T17:34:58","guid":{"rendered":"https:\/\/bimba.sn\/?product=extension-hdmi-sans-fil-50m"},"modified":"2025-05-14T19:34:58","modified_gmt":"2025-05-14T17:34:58","slug":"extension-hdmi-sans-fil-50m","status":"publish","type":"product","link":"https:\/\/bimba.sn\/?product=extension-hdmi-sans-fil-50m","title":{"rendered":"Extension HDMI sans fil | 50m"},"content":{"rendered":"<ul>\n<li>Ce pack sans fil prend en charge l\u2019entr\u00e9e HDMI et la sortie sur un moniteur \u00e0 moins de 50 m\u00e8tres de la source.<\/li>\n<li>Il peut transmettre 1 vid\u00e9o HD sur deux moniteurs : 1 sortie HDMI et 1 VGA \u00e0 1080P @60 Hz.<\/li>\n<li>La r\u00e9solution du r\u00e9cepteur peut atteindre jusqu\u2019\u00e0 4K \u00e0 30 Hz lorsque vous diffusez votre smartphone directement sur le moniteur. Veuillez noter que le smartphone et le moniteur doivent prendre en charge la r\u00e9solution 4K pour obtenir une vid\u00e9o 4K. L\u2019\u00e9metteur prend en charge une r\u00e9solution jusqu\u2019\u00e0 1080p pour PC, Magn\u00e9toscope\u2026<\/li>\n<li>Envoyez facilement des vid\u00e9os HD et de l\u2019audio num\u00e9rique d\u2019une clart\u00e9 cristalline et non compress\u00e9es.<\/li>\n<li>Aucun logiciel requis. Il peut r\u00e9soudre les probl\u00e8mes de connexion et de c\u00e2blage HDMI traditionnel ainsi que la courte distance de transmission. Convient pour le cin\u00e9ma maison, les conf\u00e9rences, le bureau et l\u2019\u00e9ducation, etc\u2026<\/li>\n<li>\n<blockquote><p>Penser \u00e0 utiliser un adaptateur secteur 5V 1A ou 2A pour l\u2019alimentation (non inclus).<\/p><\/blockquote>\n<\/li>\n<\/ul>\n","protected":false},"excerpt":{"rendered":"<p><span>Extendeur de signal vid\u00e9o HDMI sans fil aliment\u00e9 et amplifi\u00e9. Permet de relier deux appareils avec des ports HDMI, jusqu\u2019\u00e0 50 m\u00e8tres.<\/span><\/p>\n","protected":false},"featured_media":3560,"comment_status":"open","ping_status":"closed","template":"","meta":{"_gspb_post_css":""},"store":[],"product_brand":[],"product_cat":[268,236,278],"product_tag":[],"class_list":{"0":"post-3561","1":"product","2":"type-product","3":"status-publish","4":"has-post-thumbnail","6":"product_cat-accessoirespourordinateurportable","7":"product_cat-accessoires","8":"product_cat-cablesetinterconnexions","10":"first","11":"instock","12":"shipping-taxable","13":"purchasable","14":"product-type-simple"},"_links":{"self":[{"href":"https:\/\/bimba.sn\/index.php?rest_route=\/wp\/v2\/product\/3561","targetHints":{"allow":["GET"]}}],"collection":[{"href":"https:\/\/bimba.sn\/index.php?rest_route=\/wp\/v2\/product"}],"about":[{"href":"https:\/\/bimba.sn\/index.php?rest_route=\/wp\/v2\/types\/product"}],"replies":[{"embeddable":true,"href":"https:\/\/bimba.sn\/index.php?rest_route=%2Fwp%2Fv2%2Fcomments&post=3561"}],"wp:featuredmedia":[{"embeddable":true,"href":"https:\/\/bimba.sn\/index.php?rest_route=\/wp\/v2\/media\/3560"}],"wp:attachment":[{"href":"https:\/\/bimba.sn\/index.php?rest_route=%2Fwp%2Fv2%2Fmedia&parent=3561"}],"wp:term":[{"taxonomy":"store","embeddable":true,"href":"https:\/\/bimba.sn\/index.php?rest_route=%2Fwp%2Fv2%2Fstore&post=3561"},{"taxonomy":"product_brand","embeddable":true,"href":"https:\/\/bimba.sn\/index.php?rest_route=%2Fwp%2Fv2%2Fproduct_brand&post=3561"},{"taxonomy":"product_cat","embeddable":true,"href":"https:\/\/bimba.sn\/index.php?rest_route=%2Fwp%2Fv2%2Fproduct_cat&post=3561"},{"taxonomy":"product_tag","embeddable":true,"href":"https:\/\/bimba.sn\/index.php?rest_route=%2Fwp%2Fv2%2Fproduct_tag&post=3561"}],"curies":[{"name":"wp","href":"https:\/\/api.w.org\/{rel}","templated":true}]}}