{"id":3500,"date":"2025-05-13T23:10:23","date_gmt":"2025-05-13T21:10:23","guid":{"rendered":"https:\/\/bimba.sn\/?product=itel-s23-128-go-ram-4-go-6-6%e2%80%b3"},"modified":"2025-05-13T23:10:23","modified_gmt":"2025-05-13T21:10:23","slug":"itel-s23-128-go-ram-4-go-6-6%e2%80%b3","status":"publish","type":"product","link":"https:\/\/bimba.sn\/?product=itel-s23-128-go-ram-4-go-6-6%e2%80%b3","title":{"rendered":"Itel S23 \u2013 128 Go \u2013 RAM 4 Go \u2013 6.6\u2033"},"content":{"rendered":"<p>M\u00e9moire: 128+8(4+4\uff09Go<\/p>\n<p>Ecran: 90Hz 6.6\u00a0\u00bb HD+<\/p>\n<p>Cam\u00e9ra: Cam\u00e9ra Arri\u00e8re 50MP<\/p>\n<p>Batterie: 5000mAh | Type-c 10w<\/p>\n<p>S\u00e9curit\u00e9: Double d\u00e9verrouillage par empreinte faciale et lat\u00e9rale<\/p>\n<p>R\u00e9seau: 4G<\/p>\n<p>Syst\u00e8me: itel OS 8.6<\/p>\n","protected":false},"excerpt":{"rendered":"<p><span>L\u2019Incroyable \u00e9cran massif de l\u2019Itel S23 vous conf\u00e8re plus de profondeur en vous plongeant au c\u0153ur de vos films, jeux et photos avec un grand format et des d\u00e9tails clairs. Avec 128Go de ROM, vous pouvez sauvegarder plus de 30000 photos. Ses 8Go de RAM r\u00e9duisent le temps de d\u00e9marrage, offrant ainsi une exp\u00e9rience de traitement puissante et plus fluide.<\/span><\/p>\n","protected":false},"featured_media":3498,"comment_status":"open","ping_status":"closed","template":"","meta":{"_gspb_post_css":""},"store":[],"product_brand":[],"product_cat":[208],"product_tag":[],"class_list":{"0":"post-3500","1":"product","2":"type-product","3":"status-publish","4":"has-post-thumbnail","6":"product_cat-smartphones","8":"first","9":"instock","10":"shipping-taxable","11":"purchasable","12":"product-type-simple"},"_links":{"self":[{"href":"https:\/\/bimba.sn\/index.php?rest_route=\/wp\/v2\/product\/3500","targetHints":{"allow":["GET"]}}],"collection":[{"href":"https:\/\/bimba.sn\/index.php?rest_route=\/wp\/v2\/product"}],"about":[{"href":"https:\/\/bimba.sn\/index.php?rest_route=\/wp\/v2\/types\/product"}],"replies":[{"embeddable":true,"href":"https:\/\/bimba.sn\/index.php?rest_route=%2Fwp%2Fv2%2Fcomments&post=3500"}],"wp:featuredmedia":[{"embeddable":true,"href":"https:\/\/bimba.sn\/index.php?rest_route=\/wp\/v2\/media\/3498"}],"wp:attachment":[{"href":"https:\/\/bimba.sn\/index.php?rest_route=%2Fwp%2Fv2%2Fmedia&parent=3500"}],"wp:term":[{"taxonomy":"store","embeddable":true,"href":"https:\/\/bimba.sn\/index.php?rest_route=%2Fwp%2Fv2%2Fstore&post=3500"},{"taxonomy":"product_brand","embeddable":true,"href":"https:\/\/bimba.sn\/index.php?rest_route=%2Fwp%2Fv2%2Fproduct_brand&post=3500"},{"taxonomy":"product_cat","embeddable":true,"href":"https:\/\/bimba.sn\/index.php?rest_route=%2Fwp%2Fv2%2Fproduct_cat&post=3500"},{"taxonomy":"product_tag","embeddable":true,"href":"https:\/\/bimba.sn\/index.php?rest_route=%2Fwp%2Fv2%2Fproduct_tag&post=3500"}],"curies":[{"name":"wp","href":"https:\/\/api.w.org\/{rel}","templated":true}]}}