{"id":3487,"date":"2025-05-13T23:00:01","date_gmt":"2025-05-13T21:00:01","guid":{"rendered":"https:\/\/bimba.sn\/?product=itel-a80-128-go-ram-4-go-ecran-67"},"modified":"2025-05-13T23:00:01","modified_gmt":"2025-05-13T21:00:01","slug":"itel-a80-128-go-ram-4-go-ecran-67","status":"publish","type":"product","link":"https:\/\/bimba.sn\/?product=itel-a80-128-go-ram-4-go-ecran-67","title":{"rendered":"ITEL A80 \u2013 128 Go \u2013 RAM 4 Go \u2013 Ecran 6,7"},"content":{"rendered":"<p style=\"margin: 0px;font-family: Roboto, Helvetica, Arial, sans-serif\">ITEL A80 \u2013 128 Go \u2013 RAM 4 Go \u2013 Ecran 6,7<\/p>\n<p style=\"margin: 0px;font-family: Roboto, Helvetica, Arial, sans-serif\">Vous \u00eates \u00e0 la recherche d\u2019un nouveau smartphone, mais vous ne savez pas par o\u00f9 commencer ? Laissez-moi vous guider dans l\u2019univers passionnant des portables Itel au S\u00e9n\u00e9gal. Que vous soyez un \u00e9tudiant \u00e0 la recherche d\u2019un t\u00e9l\u00e9phone abordable ou un professionnel en qu\u00eate d\u2019un appareil performant, Itel a probablement ce qu\u2019il vous faut.<\/p>\n<p style=\"margin: 0px;font-family: Roboto, Helvetica, Arial, sans-serif\">Avec une m\u00e9moire interne de 128\u00a0 Go, l\u2019 itel A80 offre un large espace pour vos applications, photos et vid\u00e9os. Ajoutez \u00e0 cela 4 Go de RAM pour une navigation fluide et des performances optimales. Id\u00e9al pour un usage quotidien sans compromis !<\/p>\n<p style=\"margin: 0px;font-family: Roboto, Helvetica, Arial, sans-serif\">L\u2019\u00e9cran de l\u2019Itel A80 offre une exp\u00e9rience visuelle immersive avec sa taille de 6,7 pouces. Gr\u00e2ce \u00e0 sa r\u00e9solution HD, profitez d\u2019images nettes et color\u00e9es pour vos vid\u00e9os, jeux et applications. Id\u00e9al pour un confort d\u2019utilisation au quotidien.<\/p>\n<p style=\"margin: 0px;font-family: Roboto, Helvetica, Arial, sans-serif\">\u00e9quip\u00e9 d\u2019une double cam\u00e9ra arri\u00e8re de 50\u00a0 MP et 8 MP avec autofocus, parfaite pour capturer des photos d\u00e9taill\u00e9es et claires. Elle prend en charge divers modes pour sublimer vos clich\u00e9s. Id\u00e9al pour immortaliser chaque instant avec pr\u00e9cision.<\/p>\n<p style=\"margin: 0px;font-family: Roboto, Helvetica, Arial, sans-serif\"><strong>Fiche technique<\/strong><\/p>\n<p style=\"margin: 0px;font-family: Roboto, Helvetica, Arial, sans-serif\">Afficher : \u00c9cran perfor\u00e9 HD+ de 6,7 pouces, prend en charge jusqu\u2019\u00e0 120 Hz<br \/>Capacit\u00e9 de la batterie : 5000mAh<br \/>Chargement : Type C<br \/>Processeur : Puce LTE T603 \u00e0 huit c\u0153urs<br \/>M\u00e9moire : 128+4 Go<br \/>Cam\u00e9ra arri\u00e8re 50\u00a0MP pour la version m\u00e9moire Premium<br \/>Cam\u00e9ra frontale : 8MP<br \/>Fonctions de photographie : Mode professionnel HDR, identification automatique de plusieurs sc\u00e8nes, effet de suppression des hautes lumi\u00e8res am\u00e9lior\u00e9, photos en contre-jour plus claires, beaut\u00e9 de l\u2019appareil photo, 9 types de filtres photographiques, r\u00e9solution vid\u00e9o maximale de 1080P 30 ips, etc.<br \/>Capteur : Capteur d\u2019empreintes digitales et de visage lat\u00e9ral<br \/>R\u00e9solution : 720*1600<br \/>Syst\u00e8me : itel OS 14<br \/>\u00c9paisseur : 8,54 mm<\/p>\n","protected":false},"excerpt":{"rendered":"<p><span style=\"font-family: Roboto, Helvetica, Arial, sans-serif;font-size: 14px\">ITEL A80 est \u00e9quip\u00e9 d\u2019un \u00e9cran large de 6,7\u2033 pour un confort visuel optimal. Il dispose de 128 Go de stockage et 4 Go de RAM, offrant fluidit\u00e9 et espace pour vos fichiers. Un choix parfait pour le quotidien\u202f!<\/span><\/p>\n","protected":false},"featured_media":3485,"comment_status":"open","ping_status":"closed","template":"","meta":{"_gspb_post_css":""},"store":[],"product_brand":[],"product_cat":[208],"product_tag":[],"class_list":{"0":"post-3487","1":"product","2":"type-product","3":"status-publish","4":"has-post-thumbnail","6":"product_cat-smartphones","8":"first","9":"instock","10":"shipping-taxable","11":"purchasable","12":"product-type-simple"},"_links":{"self":[{"href":"https:\/\/bimba.sn\/index.php?rest_route=\/wp\/v2\/product\/3487","targetHints":{"allow":["GET"]}}],"collection":[{"href":"https:\/\/bimba.sn\/index.php?rest_route=\/wp\/v2\/product"}],"about":[{"href":"https:\/\/bimba.sn\/index.php?rest_route=\/wp\/v2\/types\/product"}],"replies":[{"embeddable":true,"href":"https:\/\/bimba.sn\/index.php?rest_route=%2Fwp%2Fv2%2Fcomments&post=3487"}],"wp:featuredmedia":[{"embeddable":true,"href":"https:\/\/bimba.sn\/index.php?rest_route=\/wp\/v2\/media\/3485"}],"wp:attachment":[{"href":"https:\/\/bimba.sn\/index.php?rest_route=%2Fwp%2Fv2%2Fmedia&parent=3487"}],"wp:term":[{"taxonomy":"store","embeddable":true,"href":"https:\/\/bimba.sn\/index.php?rest_route=%2Fwp%2Fv2%2Fstore&post=3487"},{"taxonomy":"product_brand","embeddable":true,"href":"https:\/\/bimba.sn\/index.php?rest_route=%2Fwp%2Fv2%2Fproduct_brand&post=3487"},{"taxonomy":"product_cat","embeddable":true,"href":"https:\/\/bimba.sn\/index.php?rest_route=%2Fwp%2Fv2%2Fproduct_cat&post=3487"},{"taxonomy":"product_tag","embeddable":true,"href":"https:\/\/bimba.sn\/index.php?rest_route=%2Fwp%2Fv2%2Fproduct_tag&post=3487"}],"curies":[{"name":"wp","href":"https:\/\/api.w.org\/{rel}","templated":true}]}}