{"id":3483,"date":"2025-05-13T22:55:21","date_gmt":"2025-05-13T20:55:21","guid":{"rendered":"https:\/\/bimba.sn\/?product=itel-modele-a70-128gb-ram-3gb-ecran-66-pouces"},"modified":"2025-05-13T22:55:21","modified_gmt":"2025-05-13T20:55:21","slug":"itel-modele-a70-128gb-ram-3gb-ecran-66-pouces","status":"publish","type":"product","link":"https:\/\/bimba.sn\/?product=itel-modele-a70-128gb-ram-3gb-ecran-66-pouces","title":{"rendered":"ITEL modele A70 128GB RAM 3GB \u00c9CRAN 6,6 pouces"},"content":{"rendered":"<p><br data-mce-bogus=\"1\"><\/p>\n","protected":false},"excerpt":{"rendered":"<p><span>aract\u00e9ristiques techniques<\/span><br \/><span>SIM Double SIM (Nano-SIM, double veille)<\/span><br \/><span>R\u00c9SEAU GSM \/ HSPA \/ LTE<\/span><br \/><span>SYST\u00c8ME D\u2019EXPLOITATION Android 13 (Go Edition)<\/span><br \/><span>CHIPSET UNISOC Tiger T606 (12 nm)<\/span><br \/><span>CPU Octa-core CPUs<\/span><br \/><span>M\u00c9MOIRE 3GB + 128GB<\/span><br \/><span>\u00c9CRAN 6,6 pouces (ratio \u00e9cran\/corps de 82,8 %)<\/span><br \/><span>CAM\u00c9RA (arri\u00e8re) 13MP<\/span><br \/><span>CAM\u00c9RA (avant) 8 m\u00e9gapixels<\/span><br \/><span>SON Haut-parleur : Oui<\/span><br \/><span>Prise jack 3,5 mm : Oui<\/span><br \/><span>AUTRES CARACT\u00c9RISTIQUES Empreinte digitale (mont\u00e9e sur le c\u00f4t\u00e9), acc\u00e9l\u00e9rom\u00e8tre, proximit\u00e9<\/span><br \/><span>BATTERIE<\/span><br \/><span>Batterie Li-Po 5000mAh non amovible<\/span><\/p>\n","protected":false},"featured_media":3480,"comment_status":"open","ping_status":"closed","template":"","meta":{"_gspb_post_css":""},"store":[],"product_brand":[],"product_cat":[208],"product_tag":[],"class_list":{"0":"post-3483","1":"product","2":"type-product","3":"status-publish","4":"has-post-thumbnail","6":"product_cat-smartphones","8":"first","9":"instock","10":"shipping-taxable","11":"purchasable","12":"product-type-simple"},"_links":{"self":[{"href":"https:\/\/bimba.sn\/index.php?rest_route=\/wp\/v2\/product\/3483","targetHints":{"allow":["GET"]}}],"collection":[{"href":"https:\/\/bimba.sn\/index.php?rest_route=\/wp\/v2\/product"}],"about":[{"href":"https:\/\/bimba.sn\/index.php?rest_route=\/wp\/v2\/types\/product"}],"replies":[{"embeddable":true,"href":"https:\/\/bimba.sn\/index.php?rest_route=%2Fwp%2Fv2%2Fcomments&post=3483"}],"wp:featuredmedia":[{"embeddable":true,"href":"https:\/\/bimba.sn\/index.php?rest_route=\/wp\/v2\/media\/3480"}],"wp:attachment":[{"href":"https:\/\/bimba.sn\/index.php?rest_route=%2Fwp%2Fv2%2Fmedia&parent=3483"}],"wp:term":[{"taxonomy":"store","embeddable":true,"href":"https:\/\/bimba.sn\/index.php?rest_route=%2Fwp%2Fv2%2Fstore&post=3483"},{"taxonomy":"product_brand","embeddable":true,"href":"https:\/\/bimba.sn\/index.php?rest_route=%2Fwp%2Fv2%2Fproduct_brand&post=3483"},{"taxonomy":"product_cat","embeddable":true,"href":"https:\/\/bimba.sn\/index.php?rest_route=%2Fwp%2Fv2%2Fproduct_cat&post=3483"},{"taxonomy":"product_tag","embeddable":true,"href":"https:\/\/bimba.sn\/index.php?rest_route=%2Fwp%2Fv2%2Fproduct_tag&post=3483"}],"curies":[{"name":"wp","href":"https:\/\/api.w.org\/{rel}","templated":true}]}}