{"id":3462,"date":"2025-05-13T21:58:33","date_gmt":"2025-05-13T19:58:33","guid":{"rendered":"https:\/\/bimba.sn\/?product=villaon-v40-32gb-ram-2gb-6-52-pouces"},"modified":"2025-05-13T21:58:33","modified_gmt":"2025-05-13T19:58:33","slug":"villaon-v40-32gb-ram-2gb-6-52-pouces","status":"publish","type":"product","link":"https:\/\/bimba.sn\/?product=villaon-v40-32gb-ram-2gb-6-52-pouces","title":{"rendered":"VILLAON V40 32GB ram 2GB 6.52 pouces"},"content":{"rendered":"<p><br data-mce-bogus=\"1\"><\/p>\n","protected":false},"excerpt":{"rendered":"<p>\u2705\u00a0<span data-start=\"467\" data-end=\"485\">\u00c9cran 63,52 pouces<\/span>\u00a0\u2013 Compact et ergonomique, id\u00e9al pour une utilisation \u00e0 une main.<br data-start=\"550\" data-end=\"553\">\u2705\u00a0<span data-start=\"555\" data-end=\"573\">Stockage 32 Go<\/span>\u00a0\u2013 Conservez toutes vos photos, vid\u00e9os et applications sans souci.<br data-start=\"639\" data-end=\"642\">\u2705\u00a0<span data-start=\"644\" data-end=\"656\">RAM 2 Go<\/span>\u00a0\u2013 Profitez d\u2019une fluidit\u00e9 optimale pour le multit\u00e2che.<br data-start=\"711\" data-end=\"714\">\u2705\u00a0<span data-start=\"716\" data-end=\"737\" data-is-only-node=\"\">Batterie 4000 mAh<\/span>\u00a0\u2013 Une autonomie qui tient toute la journ\u00e9e.<br data-start=\"781\" data-end=\"784\">\u2705\u00a0<span data-start=\"786\" data-end=\"798\">Dual SIM<\/span>\u00a0\u2013 G\u00e9rez deux num\u00e9ros simultan\u00e9ment.<br data-start=\"834\" data-end=\"837\">\u2705\u00a0<span data-start=\"839\" data-end=\"866\">Design \u00e9l\u00e9gant et l\u00e9ger<\/span> \u2013 Facile \u00e0 transporter et agr\u00e9able en main.<\/p>\n","protected":false},"featured_media":3460,"comment_status":"open","ping_status":"closed","template":"","meta":{"_gspb_post_css":""},"store":[],"product_brand":[],"product_cat":[208],"product_tag":[],"class_list":{"0":"post-3462","1":"product","2":"type-product","3":"status-publish","4":"has-post-thumbnail","6":"product_cat-smartphones","8":"first","9":"instock","10":"shipping-taxable","11":"purchasable","12":"product-type-simple"},"_links":{"self":[{"href":"https:\/\/bimba.sn\/index.php?rest_route=\/wp\/v2\/product\/3462","targetHints":{"allow":["GET"]}}],"collection":[{"href":"https:\/\/bimba.sn\/index.php?rest_route=\/wp\/v2\/product"}],"about":[{"href":"https:\/\/bimba.sn\/index.php?rest_route=\/wp\/v2\/types\/product"}],"replies":[{"embeddable":true,"href":"https:\/\/bimba.sn\/index.php?rest_route=%2Fwp%2Fv2%2Fcomments&post=3462"}],"wp:featuredmedia":[{"embeddable":true,"href":"https:\/\/bimba.sn\/index.php?rest_route=\/wp\/v2\/media\/3460"}],"wp:attachment":[{"href":"https:\/\/bimba.sn\/index.php?rest_route=%2Fwp%2Fv2%2Fmedia&parent=3462"}],"wp:term":[{"taxonomy":"store","embeddable":true,"href":"https:\/\/bimba.sn\/index.php?rest_route=%2Fwp%2Fv2%2Fstore&post=3462"},{"taxonomy":"product_brand","embeddable":true,"href":"https:\/\/bimba.sn\/index.php?rest_route=%2Fwp%2Fv2%2Fproduct_brand&post=3462"},{"taxonomy":"product_cat","embeddable":true,"href":"https:\/\/bimba.sn\/index.php?rest_route=%2Fwp%2Fv2%2Fproduct_cat&post=3462"},{"taxonomy":"product_tag","embeddable":true,"href":"https:\/\/bimba.sn\/index.php?rest_route=%2Fwp%2Fv2%2Fproduct_tag&post=3462"}],"curies":[{"name":"wp","href":"https:\/\/api.w.org\/{rel}","templated":true}]}}