{"id":3446,"date":"2025-05-13T17:15:45","date_gmt":"2025-05-13T15:15:45","guid":{"rendered":"https:\/\/bimba.sn\/?product=cuisiniere-astech-ck95bsar-5feux-full-option-bouteille-a-gaz"},"modified":"2025-05-13T17:15:45","modified_gmt":"2025-05-13T15:15:45","slug":"cuisiniere-astech-ck95bsar-5feux-full-option-bouteille-a-gaz","status":"publish","type":"product","link":"https:\/\/bimba.sn\/?product=cuisiniere-astech-ck95bsar-5feux-full-option-bouteille-a-gaz","title":{"rendered":"CUISINIERE ASTECH CK95BSAR 5FEUX FULL OPTION BOUTEILLE A GAZ"},"content":{"rendered":"<ul>\n<li>Type de produit: Cuisini\u00e8re<\/li>\n<li>Marque: Astech<\/li>\n<li>Mod\u00e8le: 60X90<\/li>\n<li>Mati\u00e8re: Acier inoxydable<\/li>\n<li>Nombre de bruleurs: 5<\/li>\n<li>Capacit\u00e9 net du four: 50L<\/li>\n<li>Eclairage int\u00e9rieur: Oui<\/li>\n<li>Potentiel four: R\u00f4tissoire en haut + un bruleur large sous plateau<\/li>\n<li>Capacit\u00e9 grille (rotissoire): 1500W<\/li>\n<li>Espace de rangement du gaz<\/li>\n<li>Porte Four: Double vitrage<\/li>\n<li>Particularit\u00e9 : Design moderne, four performant et facile \u00e0 utiliser<\/li>\n<li>Poids: 35kg<\/li>\n<li>Acc\u00e9ssoires: grilles + 1 plateau \u00e9maill\u00e9<\/li>\n<\/ul>\n","protected":false},"excerpt":{"rendered":"<p><br data-mce-bogus=\"1\"><\/p>\n","protected":false},"featured_media":3445,"comment_status":"open","ping_status":"closed","template":"","meta":{"_gspb_post_css":""},"store":[],"product_brand":[],"product_cat":[249,260],"product_tag":[],"class_list":{"0":"post-3446","1":"product","2":"type-product","3":"status-publish","4":"has-post-thumbnail","6":"product_cat-appareildecuiqson","7":"product_cat-appareilsdecuisine","9":"first","10":"instock","11":"sale","12":"shipping-taxable","13":"purchasable","14":"product-type-simple"},"_links":{"self":[{"href":"https:\/\/bimba.sn\/index.php?rest_route=\/wp\/v2\/product\/3446","targetHints":{"allow":["GET"]}}],"collection":[{"href":"https:\/\/bimba.sn\/index.php?rest_route=\/wp\/v2\/product"}],"about":[{"href":"https:\/\/bimba.sn\/index.php?rest_route=\/wp\/v2\/types\/product"}],"replies":[{"embeddable":true,"href":"https:\/\/bimba.sn\/index.php?rest_route=%2Fwp%2Fv2%2Fcomments&post=3446"}],"wp:featuredmedia":[{"embeddable":true,"href":"https:\/\/bimba.sn\/index.php?rest_route=\/wp\/v2\/media\/3445"}],"wp:attachment":[{"href":"https:\/\/bimba.sn\/index.php?rest_route=%2Fwp%2Fv2%2Fmedia&parent=3446"}],"wp:term":[{"taxonomy":"store","embeddable":true,"href":"https:\/\/bimba.sn\/index.php?rest_route=%2Fwp%2Fv2%2Fstore&post=3446"},{"taxonomy":"product_brand","embeddable":true,"href":"https:\/\/bimba.sn\/index.php?rest_route=%2Fwp%2Fv2%2Fproduct_brand&post=3446"},{"taxonomy":"product_cat","embeddable":true,"href":"https:\/\/bimba.sn\/index.php?rest_route=%2Fwp%2Fv2%2Fproduct_cat&post=3446"},{"taxonomy":"product_tag","embeddable":true,"href":"https:\/\/bimba.sn\/index.php?rest_route=%2Fwp%2Fv2%2Fproduct_tag&post=3446"}],"curies":[{"name":"wp","href":"https:\/\/api.w.org\/{rel}","templated":true}]}}